{"id":2123,"date":"2024-06-25T08:10:19","date_gmt":"2024-06-25T08:10:19","guid":{"rendered":"https:\/\/cmykprinted.com\/?post_type=product&#038;p=2123"},"modified":"2024-06-25T08:10:20","modified_gmt":"2024-06-25T08:10:20","slug":"gold-shiny-metal-label-3d-transfer-stickers","status":"publish","type":"product","link":"https:\/\/cmykprinted.com\/es\/producto\/oro-brillante-metal-etiqueta-transferencia-3d-pegatinas\/","title":{"rendered":"Etiquetas adhesivas de transferencia 3D con etiqueta de metal brillante dorado"},"content":{"rendered":"","protected":false},"excerpt":{"rendered":"<div style=\"width: 640px;\" class=\"wp-video\"><!--[if lt IE 9]><script>document.createElement('video');<\/script><![endif]--><br \/>\n<video class=\"wp-video-shortcode\" id=\"video-2123-1\" width=\"640\" height=\"360\" preload=\"metadata\" controls=\"controls\"><source type=\"video\/mp4\" src=\"https:\/\/cmykprinted.com\/wp-content\/uploads\/2024\/06\/Embossed-Nickel-Decal-Label-Stickers.mp4?_=1\" \/><a href=\"https:\/\/cmykprinted.com\/wp-content\/uploads\/2024\/06\/Embossed-Nickel-Decal-Label-Stickers.mp4\">https:\/\/cmykprinted.com\/wp-content\/uploads\/2024\/06\/Embossed-Nickel-Decal-Label-Stickers.mp4<\/a><\/video><\/div>\n<ol>\n<li>Nuestras pegatinas de transferencia met\u00e1lica se utilizan en perfumes, vino, latas de velas, botellas de vidrio y otras botellas, tel\u00e9fonos m\u00f3viles, fundas de tel\u00e9fonos m\u00f3viles, electrodom\u00e9sticos, productos electr\u00f3nicos, cajas de regalo, autom\u00f3viles, maquinaria y muchos otros campos.<\/li>\n<li>el tama\u00f1o m\u00e1s grande de la hoja: 17*30 cm<\/li>\n<li>Adhesivo de diferente calidad para elegir aplicar las pegatinas en diferentes superficies de materiales<\/li>\n<li>El adhesivo fuerte es 3M 200MP\/467MP<\/li>\n<\/ol>","protected":false},"featured_media":2124,"template":"","meta":{"_kad_post_transparent":"default","_kad_post_title":"hide","_kad_post_layout":"fullwidth","_kad_post_sidebar_id":"","_kad_post_content_style":"unboxed","_kad_post_vertical_padding":"hide","_kad_post_feature":"hide","_kad_post_feature_position":"","_kad_post_header":false,"_kad_post_footer":false},"product_cat":[101,102],"product_tag":[467,468,470,469],"class_list":{"0":"post-2123","1":"product","2":"type-product","3":"status-publish","4":"has-post-thumbnail","6":"product_cat-transfer-stickers","7":"product_cat-metal-transfer-stickers","8":"product_tag-3d-transfer-stickers","9":"product_tag-gold-shiny-metal-label","10":"product_tag-logo-metallic-transfer-decals","11":"product_tag-metal-label-3d-transfer-stickers","13":"first","14":"instock","15":"shipping-taxable","16":"product-type-simple","17":"entry","18":"content-bg","19":"loop-entry"},"_links":{"self":[{"href":"https:\/\/cmykprinted.com\/es\/wp-json\/wp\/v2\/product\/2123","targetHints":{"allow":["GET"]}}],"collection":[{"href":"https:\/\/cmykprinted.com\/es\/wp-json\/wp\/v2\/product"}],"about":[{"href":"https:\/\/cmykprinted.com\/es\/wp-json\/wp\/v2\/types\/product"}],"version-history":[{"count":1,"href":"https:\/\/cmykprinted.com\/es\/wp-json\/wp\/v2\/product\/2123\/revisions"}],"predecessor-version":[{"id":2135,"href":"https:\/\/cmykprinted.com\/es\/wp-json\/wp\/v2\/product\/2123\/revisions\/2135"}],"wp:featuredmedia":[{"embeddable":true,"href":"https:\/\/cmykprinted.com\/es\/wp-json\/wp\/v2\/media\/2124"}],"wp:attachment":[{"href":"https:\/\/cmykprinted.com\/es\/wp-json\/wp\/v2\/media?parent=2123"}],"wp:term":[{"taxonomy":"product_cat","embeddable":true,"href":"https:\/\/cmykprinted.com\/es\/wp-json\/wp\/v2\/product_cat?post=2123"},{"taxonomy":"product_tag","embeddable":true,"href":"https:\/\/cmykprinted.com\/es\/wp-json\/wp\/v2\/product_tag?post=2123"}],"curies":[{"name":"wp","href":"https:\/\/api.w.org\/{rel}","templated":true}]}}