{"id":2168,"date":"2024-08-08T12:50:58","date_gmt":"2024-08-08T12:50:58","guid":{"rendered":"https:\/\/cmykprinted.com\/?post_type=product&#038;p=2168"},"modified":"2024-08-08T13:05:21","modified_gmt":"2024-08-08T13:05:21","slug":"crowd-barrier-fabric-mesh-covers","status":"publish","type":"product","link":"https:\/\/cmykprinted.com\/es\/producto\/cubiertas-de-malla-de-tejido-para-barreras-de-multitud\/","title":{"rendered":"Cubiertas de malla de tela de barrera contra multitudes"},"content":{"rendered":"<p>Nuestras cubiertas de barrera para multitudes utilizan una pancarta de malla de tela de 120 g, la tinta es resistente al agua y al sol y se puede usar en exteriores durante aproximadamente un a\u00f1o. En cuanto a la postproducci\u00f3n, puedes hacerlo todo seg\u00fan los requerimientos del cliente, o puedes elegir entre varios planes que brindamos. Podemos aplicar velcro, botones con ojales o cremalleras. La cantidad m\u00ednima de pedido es 1 unidad. Las muestras se pueden fabricar en 24 horas y enviarse a todas partes del mundo en una semana.<\/p>","protected":false},"excerpt":{"rendered":"<p>&nbsp;<\/p>\n<p>&nbsp;<\/p>","protected":false},"featured_media":2169,"template":"","meta":{"_kad_post_transparent":"default","_kad_post_title":"hide","_kad_post_layout":"fullwidth","_kad_post_sidebar_id":"","_kad_post_content_style":"unboxed","_kad_post_vertical_padding":"hide","_kad_post_feature":"hide","_kad_post_feature_position":"","_kad_post_header":false,"_kad_post_footer":false},"product_cat":[85,87,86],"product_tag":[483,482,480,479,481],"class_list":{"0":"post-2168","1":"product","2":"type-product","3":"status-publish","4":"has-post-thumbnail","6":"product_cat-outdoor-vinyl-banners","7":"product_cat-fabric-mesh-banners","8":"product_cat-fence-mesh-banners","9":"product_tag-barrier-jackets","10":"product_tag-barrier-scrim","11":"product_tag-crowd-barrier-covers","12":"product_tag-crowd-barrier-fabric-mesh-covers","13":"product_tag-crowd-control-barriers","15":"first","16":"instock","17":"shipping-taxable","18":"product-type-simple","19":"entry","20":"content-bg","21":"loop-entry"},"_links":{"self":[{"href":"https:\/\/cmykprinted.com\/es\/wp-json\/wp\/v2\/product\/2168","targetHints":{"allow":["GET"]}}],"collection":[{"href":"https:\/\/cmykprinted.com\/es\/wp-json\/wp\/v2\/product"}],"about":[{"href":"https:\/\/cmykprinted.com\/es\/wp-json\/wp\/v2\/types\/product"}],"version-history":[{"count":1,"href":"https:\/\/cmykprinted.com\/es\/wp-json\/wp\/v2\/product\/2168\/revisions"}],"predecessor-version":[{"id":2175,"href":"https:\/\/cmykprinted.com\/es\/wp-json\/wp\/v2\/product\/2168\/revisions\/2175"}],"wp:featuredmedia":[{"embeddable":true,"href":"https:\/\/cmykprinted.com\/es\/wp-json\/wp\/v2\/media\/2169"}],"wp:attachment":[{"href":"https:\/\/cmykprinted.com\/es\/wp-json\/wp\/v2\/media?parent=2168"}],"wp:term":[{"taxonomy":"product_cat","embeddable":true,"href":"https:\/\/cmykprinted.com\/es\/wp-json\/wp\/v2\/product_cat?post=2168"},{"taxonomy":"product_tag","embeddable":true,"href":"https:\/\/cmykprinted.com\/es\/wp-json\/wp\/v2\/product_tag?post=2168"}],"curies":[{"name":"wp","href":"https:\/\/api.w.org\/{rel}","templated":true}]}}