{"id":2189,"date":"2024-09-18T13:06:31","date_gmt":"2024-09-18T13:06:31","guid":{"rendered":"https:\/\/cmykprinted.com\/?post_type=product&#038;p=2189"},"modified":"2024-09-19T01:45:11","modified_gmt":"2024-09-19T01:45:11","slug":"full-colors-custom-8-feet-printed-spandex-table-covers","status":"publish","type":"product","link":"https:\/\/cmykprinted.com\/es\/producto\/colores-completos-personalizados-8-pies-impreso-spandex-cubiertas-de-mesa\/","title":{"rendered":"Manteles de licra con estampado personalizado de 8 pies y colores completos"},"content":{"rendered":"","protected":false},"excerpt":{"rendered":"<p><strong>Manteles de spandex con impresi\u00f3n personalizada: una presentaci\u00f3n perfecta para su marca<\/strong><\/p>\n<p>Los manteles de spandex estampados se han convertido en un elemento b\u00e1sico en el mundo de las ferias comerciales, los eventos promocionales y las exhibiciones minoristas. Estos elegantes y modernos manteles de spandex el\u00e1sticos contorneados ofrecen forma y funcionalidad y est\u00e1n dise\u00f1ados para brindar un ajuste perfecto, un atractivo visual vibrante y una durabilidad inigualable.<\/p>\n<p><strong>Un ajuste personalizado para satisfacer sus necesidades<\/strong><\/p>\n<p>Nuestras fundas de mesa de spandex est\u00e1n disponibles en varias configuraciones para adaptarse a sus requisitos espec\u00edficos. Ya sea que necesite una funda de 4 lados, una funda de 4 lados con cierre para acceder f\u00e1cilmente al almacenamiento debajo de la mesa o un dise\u00f1o de 3 lados con la parte posterior abierta para permitir que un miembro del personal se siente en la exhibici\u00f3n, lo tenemos cubierto. La mezcla de tela de spandex y poli\u00e9ster garantiza un acabado ajustado, casi sin arrugas, que se ve muy bien en cualquier entorno.<\/p>\n<p>Dise\u00f1adas tanto para eventos en interiores como en exteriores, estas fundas son populares en ferias comerciales, tiendas minoristas, eventos promocionales y vest\u00edbulos corporativos. Los bolsillos reforzados en las piernas y las cremalleras resistentes tienen doble costura para una mayor durabilidad, lo que garantiza que la funda se mantenga segura en su lugar, incluso en condiciones de viento. Ya no tendr\u00e1 que preocuparse de que la funda de su mesa se vuele al aire libre.<\/p>\n<p>Tejido e impresi\u00f3n de alta calidad para un m\u00e1ximo impacto<\/p>\n<p>Lo que distingue a nuestros manteles es la calidad del material y el proceso de impresi\u00f3n. Fabricados con tela de 280 g\/m\u00b2, nuestros manteles son m\u00e1s gruesos y duraderos que los de la mayor\u00eda de la competencia, y eso se nota en el producto final. Nos centramos en cada detalle para ofrecer un producto que supere las expectativas.<\/p>\n<p>Los bolsillos para las patas de polipropileno reforzado son extra anchos, lo que garantiza que se adapten a cualquier configuraci\u00f3n de patas de mesa. Esta meticulosa atenci\u00f3n al dise\u00f1o hace que las fundas no solo sean duraderas sino tambi\u00e9n vers\u00e1tiles, adecuadas para cualquier evento.<\/p>\n<p>Una de las caracter\u00edsticas clave de nuestros manteles de spandex es la impresi\u00f3n de logotipos vibrantes y de alta calidad que har\u00e1 que su marca se destaque. Mediante el uso de tecnolog\u00eda de sublimaci\u00f3n de tinta, transferimos su dise\u00f1o mediante calor intenso, lo que permite incrustar completamente los colores en la tela. Esta t\u00e9cnica de impresi\u00f3n avanzada da como resultado colores permanentes y brillantes que no se desvanecen. Ya sea que desee imprimir miles de colores, im\u00e1genes fotogr\u00e1ficas de alta calidad o elementos de colores directos, podemos darle vida a su visi\u00f3n.<\/p>\n<p>Nuestro proceso de impresi\u00f3n garantiza que incluso los detalles m\u00e1s intrincados de su logotipo o dise\u00f1o se destaquen, lo que le dar\u00e1 a su exhibici\u00f3n un aspecto profesional y refinado. Incluso puede crear un efecto 3D con su dise\u00f1o si lo desea.<\/p>\n<p>Opciones de dise\u00f1o personalizado: su marca, a su manera<\/p>\n<p>Ofrecemos opciones de personalizaci\u00f3n completas para satisfacer sus necesidades de marca. Elija entre un fondo blanco, uno de nuestros 20 colores en stock o proporci\u00f3nenos un color Pantone o un patr\u00f3n espec\u00edfico para el fondo. Ya sea que necesite imprimir todo el mantel o solo el panel frontal, ofrecemos el mismo precio para ambas opciones.<\/p>\n<p>Si no tiene un archivo de arte de alta resoluci\u00f3n, nuestros dise\u00f1adores gr\u00e1ficos pueden ayudarlo a convertir su archivo existente o ayudarlo a crear un nuevo dise\u00f1o de impresi\u00f3n.<\/p>\n<p>Durable y f\u00e1cil de mantener.<\/p>\n<p>Nuestras fundas de mesa de licra est\u00e1n dise\u00f1adas para durar. No solo son resistentes a las arrugas, sino que tambi\u00e9n se pueden lavar a m\u00e1quina para facilitar su cuidado. Simplemente use agua para lavar sin blanqueador. Estas fundas se estirar\u00e1n y recuperar\u00e1n su forma original, lo que le dar\u00e1 un aspecto profesional en todo momento.<\/p>\n<p>Tiempos de producci\u00f3n r\u00e1pidos y confiables<\/p>\n<p>Entendemos la importancia de los plazos, por eso ofrecemos horarios de producci\u00f3n flexibles:<\/p>\n<p>Producci\u00f3n de ahorro de 4 d\u00edas<br \/>\nProducci\u00f3n est\u00e1ndar de 3 d\u00edas<br \/>\nProducci\u00f3n urgente de 2 d\u00edas<br \/>\nProducci\u00f3n expr\u00e9s al d\u00eda siguiente<br \/>\nProducci\u00f3n cr\u00edtica urgente el mismo d\u00eda<br \/>\nTambi\u00e9n garantizamos nuestros tiempos de producci\u00f3n. Si no cumplimos con el plazo garantizado, recibir\u00e1 un reembolso completo y su mantel se imprimir\u00e1 y enviar\u00e1 sin cargo.<\/p>\n<p>Sin cargos ocultos: lo que ves es lo que obtienes.<\/p>\n<div style=\"width: 854px;\" class=\"wp-video\"><!--[if lt IE 9]><script>document.createElement('video');<\/script><![endif]--><br \/>\n<video class=\"wp-video-shortcode\" id=\"video-2189-1\" width=\"854\" height=\"480\" preload=\"metadata\" controls=\"controls\"><source type=\"video\/mp4\" src=\"https:\/\/cmykprinted.com\/wp-content\/uploads\/2024\/09\/printed-spandex-table-covers.mp4?_=1\" \/><a href=\"https:\/\/cmykprinted.com\/wp-content\/uploads\/2024\/09\/printed-spandex-table-covers.mp4\">https:\/\/cmykprinted.com\/wp-content\/uploads\/2024\/09\/printed-spandex-table-covers.mp4<\/a><\/video><\/div>","protected":false},"featured_media":2193,"template":"","meta":{"_kad_post_transparent":"default","_kad_post_title":"hide","_kad_post_layout":"fullwidth","_kad_post_sidebar_id":"","_kad_post_content_style":"unboxed","_kad_post_vertical_padding":"hide","_kad_post_feature":"hide","_kad_post_feature_position":"","_kad_post_header":false,"_kad_post_footer":false},"product_cat":[80,81,83],"product_tag":[496,497,498,494,495],"class_list":{"0":"post-2189","1":"product","2":"type-product","3":"status-publish","4":"has-post-thumbnail","6":"product_cat-custom-tablecloth","7":"product_cat-custom-stretch-tablecloth","8":"product_cat-fitted-table-cover","9":"product_tag-8-feet-printed-spandex-table-covers","10":"product_tag-custom-8-feet-table-cover","11":"product_tag-full-colors-printed-table-covers","12":"product_tag-printed-spandex-table-covers","13":"product_tag-spandex-table-covers","15":"first","16":"instock","17":"shipping-taxable","18":"product-type-simple","19":"entry","20":"content-bg","21":"loop-entry"},"_links":{"self":[{"href":"https:\/\/cmykprinted.com\/es\/wp-json\/wp\/v2\/product\/2189","targetHints":{"allow":["GET"]}}],"collection":[{"href":"https:\/\/cmykprinted.com\/es\/wp-json\/wp\/v2\/product"}],"about":[{"href":"https:\/\/cmykprinted.com\/es\/wp-json\/wp\/v2\/types\/product"}],"version-history":[{"count":2,"href":"https:\/\/cmykprinted.com\/es\/wp-json\/wp\/v2\/product\/2189\/revisions"}],"predecessor-version":[{"id":2200,"href":"https:\/\/cmykprinted.com\/es\/wp-json\/wp\/v2\/product\/2189\/revisions\/2200"}],"wp:featuredmedia":[{"embeddable":true,"href":"https:\/\/cmykprinted.com\/es\/wp-json\/wp\/v2\/media\/2193"}],"wp:attachment":[{"href":"https:\/\/cmykprinted.com\/es\/wp-json\/wp\/v2\/media?parent=2189"}],"wp:term":[{"taxonomy":"product_cat","embeddable":true,"href":"https:\/\/cmykprinted.com\/es\/wp-json\/wp\/v2\/product_cat?post=2189"},{"taxonomy":"product_tag","embeddable":true,"href":"https:\/\/cmykprinted.com\/es\/wp-json\/wp\/v2\/product_tag?post=2189"}],"curies":[{"name":"wp","href":"https:\/\/api.w.org\/{rel}","templated":true}]}}