{"id":2213,"date":"2024-09-30T03:03:20","date_gmt":"2024-09-30T03:03:20","guid":{"rendered":"https:\/\/cmykprinted.com\/?post_type=product&#038;p=2213"},"modified":"2024-10-02T12:51:57","modified_gmt":"2024-10-02T12:51:57","slug":"oval-pop-up-a-frame-banner-with-fast-turnaround","status":"publish","type":"product","link":"https:\/\/cmykprinted.com\/es\/producto\/ovalado-pop-up-un-marco-banner-con-rapido-retorno\/","title":{"rendered":"Banner desplegable ovalado con entrega r\u00e1pida"},"content":{"rendered":"","protected":false},"excerpt":{"rendered":"<p>En el mercado competitivo actual, es fundamental que su marca se destaque. Entre en el Pop Up A<\/p>\n<p>Banner con marco: una soluci\u00f3n de exhibici\u00f3n liviana, port\u00e1til y muy efectiva, perfecta para eventos en interiores y exteriores. Estos banners vers\u00e1tiles est\u00e1n dise\u00f1ados para una visibilidad instant\u00e1nea y son ideales para eventos deportivos, ferias comerciales, promociones y se\u00f1alizaci\u00f3n direccional.<\/p>\n<p><strong>Caracter\u00edsticas principales<\/strong><br \/>\n<strong>Portabilidad y conveniencia:<\/strong><br \/>\nLas pancartas desplegables ovaladas con armaz\u00f3n en forma de A est\u00e1n dise\u00f1adas teniendo en cuenta la movilidad. Su armaz\u00f3n de metal plegable se pliega sin esfuerzo en una bolsa de almacenamiento compacta, lo que hace que el transporte y la instalaci\u00f3n sean muy sencillos. Ya sea que se dirija a una feria comercial o a un evento deportivo, puede llevar f\u00e1cilmente estas pancartas a donde necesite la m\u00e1xima exposici\u00f3n.<\/p>\n<p><strong>Seguridad ante todo:<\/strong><br \/>\nUna de las caracter\u00edsticas m\u00e1s destacadas del dise\u00f1o en forma de A es su seguridad. A diferencia de los expositores r\u00edgidos, estas pancartas no presentan ning\u00fan riesgo de lesiones para los jugadores o participantes en los campos deportivos, lo que las convierte en una opci\u00f3n pr\u00e1ctica para eventos al aire libre.<\/p>\n<p><strong>Tama\u00f1os y formas personalizables:<\/strong><br \/>\nDisponible en cuatro tama\u00f1os: peque\u00f1o (62 x 126 cm), mediano (65 x 160 cm), grande (100 x 200 cm) y extra grande (110 x 270 cm), el marco en forma de A desplegable se puede adaptar para adaptarse a cualquier ocasi\u00f3n. Cada pancarta tiene impresi\u00f3n de sublimaci\u00f3n de tinta de doble cara, lo que garantiza gr\u00e1ficos vibrantes que atraen la atenci\u00f3n desde todos los \u00e1ngulos.<\/p>\n<p><strong>Estabilidad en todas las condiciones:<\/strong><br \/>\nPara garantizar la estabilidad, cada pancarta incluye estacas para usar en superficies blandas como arena, c\u00e9sped, nieve o tierra. En superficies duras, simplemente coloque pesos para mayor seguridad. Esta caracter\u00edstica garantiza que su pancarta se mantenga en posici\u00f3n vertical y visible, independientemente del entorno.<\/p>\n<p><strong>Perfecto para cualquier evento<\/strong><br \/>\nLas pancartas desplegables con forma de A son especialmente adecuadas para eventos al aire libre, como competiciones de atletismo, torneos de golf y festivales. Su f\u00e1cil instalaci\u00f3n, desmontaje y capacidad de almacenamiento las convierten en la opci\u00f3n ideal para los organizadores de eventos que buscan maximizar la exposici\u00f3n y la participaci\u00f3n de la marca.<\/p>\n<div style=\"width: 800px;\" class=\"wp-video\"><!--[if lt IE 9]><script>document.createElement('video');<\/script><![endif]--><br \/>\n<video class=\"wp-video-shortcode\" id=\"video-2213-1\" width=\"800\" height=\"800\" preload=\"metadata\" controls=\"controls\"><source type=\"video\/mp4\" src=\"https:\/\/cmykprinted.com\/wp-content\/uploads\/2024\/09\/pop-up-a-frame-banner-01.mp4?_=1\" \/><a href=\"https:\/\/cmykprinted.com\/wp-content\/uploads\/2024\/09\/pop-up-a-frame-banner-01.mp4\">https:\/\/cmykprinted.com\/wp-content\/uploads\/2024\/09\/pop-up-a-frame-banner-01.mp4<\/a><\/video><\/div>","protected":false},"featured_media":2217,"template":"","meta":{"_kad_post_transparent":"default","_kad_post_title":"hide","_kad_post_layout":"fullwidth","_kad_post_sidebar_id":"","_kad_post_content_style":"unboxed","_kad_post_vertical_padding":"hide","_kad_post_feature":"hide","_kad_post_feature_position":"","_kad_post_header":false,"_kad_post_footer":false},"product_cat":[92,94],"product_tag":[506,505,504,128],"class_list":{"0":"post-2213","1":"product","2":"type-product","3":"status-publish","4":"has-post-thumbnail","6":"product_cat-pop-up-banners","7":"product_cat-horizontal-pop-up-banners","8":"product_tag-a-frame-banner","9":"product_tag-oval-pop-up-a-frame-banner","10":"product_tag-pop-up-a-frame-banner","11":"product_tag-pop-up-banner","13":"first","14":"instock","15":"shipping-taxable","16":"product-type-simple","17":"entry","18":"content-bg","19":"loop-entry"},"_links":{"self":[{"href":"https:\/\/cmykprinted.com\/es\/wp-json\/wp\/v2\/product\/2213","targetHints":{"allow":["GET"]}}],"collection":[{"href":"https:\/\/cmykprinted.com\/es\/wp-json\/wp\/v2\/product"}],"about":[{"href":"https:\/\/cmykprinted.com\/es\/wp-json\/wp\/v2\/types\/product"}],"version-history":[{"count":1,"href":"https:\/\/cmykprinted.com\/es\/wp-json\/wp\/v2\/product\/2213\/revisions"}],"predecessor-version":[{"id":2222,"href":"https:\/\/cmykprinted.com\/es\/wp-json\/wp\/v2\/product\/2213\/revisions\/2222"}],"wp:featuredmedia":[{"embeddable":true,"href":"https:\/\/cmykprinted.com\/es\/wp-json\/wp\/v2\/media\/2217"}],"wp:attachment":[{"href":"https:\/\/cmykprinted.com\/es\/wp-json\/wp\/v2\/media?parent=2213"}],"wp:term":[{"taxonomy":"product_cat","embeddable":true,"href":"https:\/\/cmykprinted.com\/es\/wp-json\/wp\/v2\/product_cat?post=2213"},{"taxonomy":"product_tag","embeddable":true,"href":"https:\/\/cmykprinted.com\/es\/wp-json\/wp\/v2\/product_tag?post=2213"}],"curies":[{"name":"wp","href":"https:\/\/api.w.org\/{rel}","templated":true}]}}