{"id":2423,"date":"2025-04-21T06:14:51","date_gmt":"2025-04-21T06:14:51","guid":{"rendered":"https:\/\/cmykprinted.com\/?post_type=product&#038;p=2423"},"modified":"2025-04-21T06:14:51","modified_gmt":"2025-04-21T06:14:51","slug":"dtf-heat-transfer-stickers-for-t-shirts","status":"publish","type":"product","link":"https:\/\/cmykprinted.com\/es\/producto\/dtf-transferencia-de-calor-pegatinas-para-camisetas\/","title":{"rendered":"Pegatinas de transferencia de calor DTF para camisetas"},"content":{"rendered":"","protected":false},"excerpt":{"rendered":"<p>Somos fabricantes de diversas calcoman\u00edas de transferencia, con sede en Foshan, China. Nuestras calcoman\u00edas est\u00e1n hechas con tinta UV, respetuosa con el medio ambiente. Est\u00e1n hechas 100 % de PVC y tinta libre de ftalatos. Utilizamos m\u00e1quinas altamente automatizadas para garantizar una concentraci\u00f3n moderada de tinta y un acabado uniforme en todo el cuero. La calidad se mantiene constante.<br \/>\nNo tenemos restricciones en cuanto a colores de impresi\u00f3n y todos los colores se pueden producir de acuerdo con su dise\u00f1o\/obra de arte.<br \/>\nEnviamos muy r\u00e1pido y podemos enviar su pedido en 48 horas. Nuestros clientes vienen de todo el mundo y puede recibir sus pegatinas de transferencia de calor personalizadas en aproximadamente una semana.<\/p>\n<div style=\"width: 960px;\" class=\"wp-video\"><!--[if lt IE 9]><script>document.createElement('video');<\/script><![endif]--><br \/>\n<video class=\"wp-video-shortcode\" id=\"video-2423-1\" width=\"960\" height=\"540\" preload=\"metadata\" controls=\"controls\"><source type=\"video\/mp4\" src=\"https:\/\/cmykprinted.com\/wp-content\/uploads\/2025\/04\/DTF-Heat-Transfer-Stickers-for-T-Shirts.mp4?_=1\" \/><a href=\"https:\/\/cmykprinted.com\/wp-content\/uploads\/2025\/04\/DTF-Heat-Transfer-Stickers-for-T-Shirts.mp4\">https:\/\/cmykprinted.com\/wp-content\/uploads\/2025\/04\/DTF-Heat-Transfer-Stickers-for-T-Shirts.mp4<\/a><\/video><\/div>","protected":false},"featured_media":2425,"template":"","meta":{"_kad_post_transparent":"default","_kad_post_title":"hide","_kad_post_layout":"fullwidth","_kad_post_sidebar_id":"","_kad_post_content_style":"unboxed","_kad_post_vertical_padding":"hide","_kad_post_feature":"hide","_kad_post_feature_position":"","_kad_post_header":false,"_kad_post_footer":false},"product_cat":[101,103],"product_tag":[542,538,541],"class_list":{"0":"post-2423","1":"product","2":"type-product","3":"status-publish","4":"has-post-thumbnail","6":"product_cat-transfer-stickers","7":"product_cat-uv-transfer-stickers","8":"product_tag-dtf-heat-transfer-stickers","9":"product_tag-heat-transfer-stickers","10":"product_tag-heat-transfer-stickers-for-t-shirts","12":"first","13":"instock","14":"shipping-taxable","15":"product-type-simple","16":"entry","17":"content-bg","18":"loop-entry"},"_links":{"self":[{"href":"https:\/\/cmykprinted.com\/es\/wp-json\/wp\/v2\/product\/2423","targetHints":{"allow":["GET"]}}],"collection":[{"href":"https:\/\/cmykprinted.com\/es\/wp-json\/wp\/v2\/product"}],"about":[{"href":"https:\/\/cmykprinted.com\/es\/wp-json\/wp\/v2\/types\/product"}],"version-history":[{"count":1,"href":"https:\/\/cmykprinted.com\/es\/wp-json\/wp\/v2\/product\/2423\/revisions"}],"predecessor-version":[{"id":2430,"href":"https:\/\/cmykprinted.com\/es\/wp-json\/wp\/v2\/product\/2423\/revisions\/2430"}],"wp:featuredmedia":[{"embeddable":true,"href":"https:\/\/cmykprinted.com\/es\/wp-json\/wp\/v2\/media\/2425"}],"wp:attachment":[{"href":"https:\/\/cmykprinted.com\/es\/wp-json\/wp\/v2\/media?parent=2423"}],"wp:term":[{"taxonomy":"product_cat","embeddable":true,"href":"https:\/\/cmykprinted.com\/es\/wp-json\/wp\/v2\/product_cat?post=2423"},{"taxonomy":"product_tag","embeddable":true,"href":"https:\/\/cmykprinted.com\/es\/wp-json\/wp\/v2\/product_tag?post=2423"}],"curies":[{"name":"wp","href":"https:\/\/api.w.org\/{rel}","templated":true}]}}