{"id":2443,"date":"2025-04-22T08:49:23","date_gmt":"2025-04-22T08:49:23","guid":{"rendered":"https:\/\/cmykprinted.com\/?post_type=product&#038;p=2443"},"modified":"2025-04-28T02:46:21","modified_gmt":"2025-04-28T02:46:21","slug":"custom-pvc-vinyl-banners-with-eyelets","status":"publish","type":"product","link":"https:\/\/cmykprinted.com\/es\/producto\/pancartas-de-vinilo-pvc-personalizadas-con-ojetes\/","title":{"rendered":"Pancartas de vinilo de PVC personalizadas con ojales"},"content":{"rendered":"","protected":false},"excerpt":{"rendered":"<p>Cuando desea compartir un mensaje audaz con una amplia audiencia, las pancartas grandes de PVC son una opci\u00f3n poderosa y pr\u00e1ctica.<\/p>\n<p>Ideales para marketing en carretera, las lonas de PVC para exteriores con ojales met\u00e1licos permiten crear publicidad llamativa a gran escala que capta la atenci\u00f3n al instante. En eventos, act\u00faan como elemento central visual y ofrecen el fondo perfecto para fotos memorables.<\/p>\n<p>En Golden Mouth Advertising, ofrecemos impresi\u00f3n de pancartas de PVC en una variedad de tama\u00f1os, hasta 5 mx 50 m, para que pueda causar un gran impacto con su mensaje.<\/p>\n<p>Nuestras pancartas de vinilo de PVC personalizadas est\u00e1n fabricadas con PVC duradero y resistente a la intemperie, resistente al desgaste y a la decoloraci\u00f3n. El material grueso y flexible garantiza que su dise\u00f1o se mantenga v\u00edvido e intacto, ya sea en interiores o exteriores, para un uso prolongado.<\/p>\n<p>La instalaci\u00f3n es r\u00e1pida y sencilla gracias a los ojales reforzados. Estos resistentes anillos met\u00e1licos se adaptan a diferentes m\u00e9todos de sujeci\u00f3n, como cuerdas, cuerdas el\u00e1sticas, ganchos o bridas, lo que facilita su fijaci\u00f3n a vallas u otros soportes en exteriores. Una vez finalizada la campa\u00f1a o evento, las pancartas se pueden retirar y guardar f\u00e1cilmente.<\/p>\n<p>Cada pancarta se imprime con impresoras digitales avanzadas de gran formato para garantizar resultados n\u00edtidos y de alta calidad. \u00bfNecesita ayuda con el dise\u00f1o de su pancarta? Nuestro equipo creativo interno est\u00e1 aqu\u00ed para ayudarle con su dise\u00f1o y garantizar que su mensaje cobre vida.<\/p>\n<div style=\"width: 1290px;\" class=\"wp-video\"><!--[if lt IE 9]><script>document.createElement('video');<\/script><![endif]--><br \/>\n<video class=\"wp-video-shortcode\" id=\"video-2443-1\" width=\"1290\" height=\"726\" loop autoplay preload=\"auto\" controls=\"controls\"><source type=\"video\/mp4\" src=\"http:\/\/cmykprinted.com\/wp-content\/uploads\/2022\/12\/vinyl-PVC-banners.mp4?_=1\" \/><a href=\"http:\/\/cmykprinted.com\/wp-content\/uploads\/2022\/12\/vinyl-PVC-banners.mp4\">http:\/\/cmykprinted.com\/wp-content\/uploads\/2022\/12\/vinyl-PVC-banners.mp4<\/a><\/video><\/div>\n<p>&nbsp;<\/p>","protected":false},"featured_media":2444,"template":"","meta":{"_kad_post_transparent":"default","_kad_post_title":"hide","_kad_post_layout":"fullwidth","_kad_post_sidebar_id":"","_kad_post_content_style":"unboxed","_kad_post_vertical_padding":"hide","_kad_post_feature":"hide","_kad_post_feature_position":"","_kad_post_header":false,"_kad_post_footer":false},"product_cat":[85,90,91,89],"product_tag":[549,550,548,547],"class_list":{"0":"post-2443","1":"product","2":"type-product","3":"status-publish","4":"has-post-thumbnail","6":"product_cat-outdoor-vinyl-banners","7":"product_cat-glossy-pvc-banners","8":"product_cat-matte-vinyl-banners","9":"product_cat-pvc-banners","10":"product_tag-custom-pvc-vinyl-banners","11":"product_tag-custom-vinyl-banners-with-eyelets","12":"product_tag-pvc-banners-with-eyelets","13":"product_tag-vinyl-banners-with-eyelets","15":"first","16":"instock","17":"shipping-taxable","18":"product-type-simple","19":"entry","20":"content-bg","21":"loop-entry"},"_links":{"self":[{"href":"https:\/\/cmykprinted.com\/es\/wp-json\/wp\/v2\/product\/2443","targetHints":{"allow":["GET"]}}],"collection":[{"href":"https:\/\/cmykprinted.com\/es\/wp-json\/wp\/v2\/product"}],"about":[{"href":"https:\/\/cmykprinted.com\/es\/wp-json\/wp\/v2\/types\/product"}],"version-history":[{"count":3,"href":"https:\/\/cmykprinted.com\/es\/wp-json\/wp\/v2\/product\/2443\/revisions"}],"predecessor-version":[{"id":2469,"href":"https:\/\/cmykprinted.com\/es\/wp-json\/wp\/v2\/product\/2443\/revisions\/2469"}],"wp:featuredmedia":[{"embeddable":true,"href":"https:\/\/cmykprinted.com\/es\/wp-json\/wp\/v2\/media\/2444"}],"wp:attachment":[{"href":"https:\/\/cmykprinted.com\/es\/wp-json\/wp\/v2\/media?parent=2443"}],"wp:term":[{"taxonomy":"product_cat","embeddable":true,"href":"https:\/\/cmykprinted.com\/es\/wp-json\/wp\/v2\/product_cat?post=2443"},{"taxonomy":"product_tag","embeddable":true,"href":"https:\/\/cmykprinted.com\/es\/wp-json\/wp\/v2\/product_tag?post=2443"}],"curies":[{"name":"wp","href":"https:\/\/api.w.org\/{rel}","templated":true}]}}