{"id":2459,"date":"2025-04-24T08:55:30","date_gmt":"2025-04-24T08:55:30","guid":{"rendered":"https:\/\/cmykprinted.com\/?post_type=product&#038;p=2459"},"modified":"2025-04-24T08:55:30","modified_gmt":"2025-04-24T08:55:30","slug":"trade-show-table-covers-canada","status":"publish","type":"product","link":"https:\/\/cmykprinted.com\/es\/producto\/cubiertas-para-mesa-de-exposicion-canada\/","title":{"rendered":"Manteles para mesas de ferias comerciales de Canad\u00e1"},"content":{"rendered":"","protected":false},"excerpt":{"rendered":"<p>Manteles personalizados sublimados para mesas de ferias comerciales<\/p>\n<p>Nuestros manteles y caminos de mesa personalizados (Manteles para Ferias) est\u00e1n hechos de poli\u00e9ster 100% de alta calidad y cuentan con una impresi\u00f3n v\u00edvida por sublimaci\u00f3n a todo color para lograr dise\u00f1os llamativos y duraderos. Estas fundas son f\u00e1ciles de mantener: se pueden lavar a m\u00e1quina, son resistentes a las arrugas y ign\u00edfugas, lo que las hace perfectas para un uso repetido y conservan un aspecto elegante y profesional.<\/p>\n<p>Opciones disponibles:<\/p>\n<p>Los corredores vienen en una variedad de tama\u00f1os que incluyen 7.3 x 8.9 pies, 7.3 x 10.9 pies, 7.3 x 12.9 pies,<\/p>\n<p>Los manteles est\u00e1n dise\u00f1ados para adaptarse a mesas est\u00e1ndar que miden 4\u2032, 6\u2032 y 8\u2032.<\/p>\n<p>Las opciones de estilo incluyen espaldas abiertas o cerradas y opciones como estilos drapeados, el\u00e1sticos o ajustados para adaptarse a una variedad de preferencias de exhibici\u00f3n.<\/p>\n<p>Tambi\u00e9n puede crear dise\u00f1os impresos personalizados para mostrar su logotipo, colores de marca o mensaje promocional de una manera audaz e impactante.<\/p>\n<p>Ya sea que se est\u00e9 preparando para un evento corporativo, participando en una feria comercial u organizando una exhibici\u00f3n minorista, los manteles personalizados lo ayudan a atraer la atenci\u00f3n y causar una impresi\u00f3n duradera.<\/p>\n<p>Tambi\u00e9n ofrecemos tama\u00f1os redondos y hechos a pedido para satisfacer sus necesidades de configuraci\u00f3n \u00fanicas.<\/p>\n<p><strong>Contamos con un agente en Canad\u00e1, as\u00ed que si su pedido es urgente, puede encargarlo directamente con ellos. Tambi\u00e9n pueden proporcionarle mesas plegables si las necesita.<\/strong><\/p>\n<div style=\"width: 480px;\" class=\"wp-video\"><!--[if lt IE 9]><script>document.createElement('video');<\/script><![endif]--><br \/>\n<video class=\"wp-video-shortcode\" id=\"video-2459-1\" width=\"480\" height=\"480\" preload=\"metadata\" controls=\"controls\"><source type=\"video\/mp4\" src=\"https:\/\/cmykprinted.com\/wp-content\/uploads\/2025\/04\/trade-show-table-covers-canada.mp4?_=1\" \/><a href=\"https:\/\/cmykprinted.com\/wp-content\/uploads\/2025\/04\/trade-show-table-covers-canada.mp4\">https:\/\/cmykprinted.com\/wp-content\/uploads\/2025\/04\/trade-show-table-covers-canada.mp4<\/a><\/video><\/div>","protected":false},"featured_media":2461,"template":"","meta":{"_kad_post_transparent":"default","_kad_post_title":"hide","_kad_post_layout":"fullwidth","_kad_post_sidebar_id":"","_kad_post_content_style":"unboxed","_kad_post_vertical_padding":"hide","_kad_post_feature":"hide","_kad_post_feature_position":"","_kad_post_header":false,"_kad_post_footer":false},"product_cat":[80,81],"product_tag":[552,551],"class_list":{"0":"post-2459","1":"product","2":"type-product","3":"status-publish","4":"has-post-thumbnail","6":"product_cat-custom-tablecloth","7":"product_cat-custom-stretch-tablecloth","8":"product_tag-custom-trade-show-table-drapes","9":"product_tag-trade-show-table-drapes","11":"first","12":"instock","13":"shipping-taxable","14":"product-type-simple","15":"entry","16":"content-bg","17":"loop-entry"},"_links":{"self":[{"href":"https:\/\/cmykprinted.com\/es\/wp-json\/wp\/v2\/product\/2459","targetHints":{"allow":["GET"]}}],"collection":[{"href":"https:\/\/cmykprinted.com\/es\/wp-json\/wp\/v2\/product"}],"about":[{"href":"https:\/\/cmykprinted.com\/es\/wp-json\/wp\/v2\/types\/product"}],"version-history":[{"count":1,"href":"https:\/\/cmykprinted.com\/es\/wp-json\/wp\/v2\/product\/2459\/revisions"}],"predecessor-version":[{"id":2466,"href":"https:\/\/cmykprinted.com\/es\/wp-json\/wp\/v2\/product\/2459\/revisions\/2466"}],"wp:featuredmedia":[{"embeddable":true,"href":"https:\/\/cmykprinted.com\/es\/wp-json\/wp\/v2\/media\/2461"}],"wp:attachment":[{"href":"https:\/\/cmykprinted.com\/es\/wp-json\/wp\/v2\/media?parent=2459"}],"wp:term":[{"taxonomy":"product_cat","embeddable":true,"href":"https:\/\/cmykprinted.com\/es\/wp-json\/wp\/v2\/product_cat?post=2459"},{"taxonomy":"product_tag","embeddable":true,"href":"https:\/\/cmykprinted.com\/es\/wp-json\/wp\/v2\/product_tag?post=2459"}],"curies":[{"name":"wp","href":"https:\/\/api.w.org\/{rel}","templated":true}]}}