{"id":2591,"date":"2025-05-21T09:11:06","date_gmt":"2025-05-21T09:11:06","guid":{"rendered":"https:\/\/cmykprinted.com\/?post_type=product&#038;p=2591"},"modified":"2025-05-23T14:07:36","modified_gmt":"2025-05-23T14:07:36","slug":"custom-printed-promotional-tablecloths-australia","status":"publish","type":"product","link":"https:\/\/cmykprinted.com\/es\/producto\/manteles-promocionales-personalizados-impresos-australia\/","title":{"rendered":"Manteles promocionales impresos a medida en Australia"},"content":{"rendered":"","protected":false},"excerpt":{"rendered":"<p data-start=\"197\" data-end=\"540\">Los manteles promocionales con impresi\u00f3n personalizada son una herramienta esencial para la imagen de marca de empresas y organizaciones que buscan crear una presentaci\u00f3n profesional y atractiva en ferias, exposiciones, lanzamientos de productos y otros eventos en toda Australia. Dise\u00f1ados para mejorar la visibilidad y la presencia de la marca, estos manteles ofrecen funcionalidad y estilo.<\/p>\n<p data-start=\"542\" data-end=\"865\">Nuestros manteles est\u00e1n confeccionados con tela de poli\u00e9ster de alta calidad, conocida por su durabilidad, resistencia a las arrugas y reproducci\u00f3n vibrante de colores. Mediante la impresi\u00f3n avanzada por sublimaci\u00f3n de tinta, podemos personalizar completamente su mantel con logotipos, esl\u00f3ganes, gr\u00e1ficos o dise\u00f1os que cubran toda la superficie, garantizando que su marca destaque desde todos los \u00e1ngulos.<\/p>\n<p data-start=\"867\" data-end=\"931\">Ofrecemos una variedad de estilos para satisfacer diferentes necesidades, que incluyen:<\/p>\n<ul data-start=\"932\" data-end=\"1201\">\n<li data-start=\"932\" data-end=\"1022\">\n<p data-start=\"934\" data-end=\"1022\"><strong data-start=\"934\" data-end=\"961\">Manteles sueltos\/drapeados<\/strong> \u2013 Una opci\u00f3n vers\u00e1til que se adapta a la mayor\u00eda de las mesas de caballete est\u00e1ndar.<\/p>\n<\/li>\n<li data-start=\"1023\" data-end=\"1105\">\n<p data-start=\"1025\" data-end=\"1105\"><strong data-start=\"1025\" data-end=\"1048\">Manteles ajustables<\/strong> \u2013 Proporciona una apariencia limpia y personalizada con l\u00edneas n\u00edtidas.<\/p>\n<\/li>\n<li data-start=\"1106\" data-end=\"1201\">\n<p data-start=\"1108\" data-end=\"1201\"><strong data-start=\"1108\" data-end=\"1132\">Manteles el\u00e1sticos<\/strong> \u2013 Modernos y elegantes, ofrecen un ajuste ce\u00f1ido con una apariencia sin arrugas.<\/p>\n<\/li>\n<\/ul>\n<p data-start=\"1203\" data-end=\"1377\">Tama\u00f1os disponibles para mesas de 1,22 m, 1,83 m y 2,44 m, con tama\u00f1os personalizados disponibles a pedido. Las opciones incluyen respaldo abierto (para personal sentado o acceso a almacenamiento) o cerrado.<\/p>\n<p data-start=\"1379\" data-end=\"1529\">Perfectos para uso en interiores y exteriores, estos manteles promocionales son lavables a m\u00e1quina y reutilizables, lo que los convierte en una inversi\u00f3n de marketing rentable.<\/p>\n<p data-start=\"1531\" data-end=\"1673\">Ya sea que exhiba en Sydney, Melbourne, Brisbane o Perth, nuestros manteles impresos personalizados lo ayudar\u00e1n a causar una impresi\u00f3n fuerte y duradera.<\/p>\n<div style=\"width: 1280px;\" class=\"wp-video\"><!--[if lt IE 9]><script>document.createElement('video');<\/script><![endif]--><br \/>\n<video class=\"wp-video-shortcode\" id=\"video-2591-1\" width=\"1280\" height=\"720\" preload=\"metadata\" controls=\"controls\"><source type=\"video\/mp4\" src=\"https:\/\/cmykprinted.com\/wp-content\/uploads\/2025\/05\/Promotional-Tablecloths-Australia.mp4?_=1\" \/><a href=\"https:\/\/cmykprinted.com\/wp-content\/uploads\/2025\/05\/Promotional-Tablecloths-Australia.mp4\">https:\/\/cmykprinted.com\/wp-content\/uploads\/2025\/05\/Promotional-Tablecloths-Australia.mp4<\/a><\/video><\/div>","protected":false},"featured_media":2610,"template":"","meta":{"_kad_post_transparent":"default","_kad_post_title":"hide","_kad_post_layout":"fullwidth","_kad_post_sidebar_id":"","_kad_post_content_style":"unboxed","_kad_post_vertical_padding":"hide","_kad_post_feature":"hide","_kad_post_feature_position":"","_kad_post_header":false,"_kad_post_footer":false},"product_cat":[80,81],"product_tag":[577,579,578,576],"class_list":{"0":"post-2591","1":"product","2":"type-product","3":"status-publish","4":"has-post-thumbnail","6":"product_cat-custom-tablecloth","7":"product_cat-custom-stretch-tablecloth","8":"product_tag-custom-printed-promotional-tablecloths","9":"product_tag-custom-printed-tablecloths","10":"product_tag-printed-promotional-tablecloths","11":"product_tag-promotional-tablecloths-australia","13":"first","14":"instock","15":"shipping-taxable","16":"product-type-simple","17":"entry","18":"content-bg","19":"loop-entry"},"_links":{"self":[{"href":"https:\/\/cmykprinted.com\/es\/wp-json\/wp\/v2\/product\/2591","targetHints":{"allow":["GET"]}}],"collection":[{"href":"https:\/\/cmykprinted.com\/es\/wp-json\/wp\/v2\/product"}],"about":[{"href":"https:\/\/cmykprinted.com\/es\/wp-json\/wp\/v2\/types\/product"}],"version-history":[{"count":2,"href":"https:\/\/cmykprinted.com\/es\/wp-json\/wp\/v2\/product\/2591\/revisions"}],"predecessor-version":[{"id":2611,"href":"https:\/\/cmykprinted.com\/es\/wp-json\/wp\/v2\/product\/2591\/revisions\/2611"}],"wp:featuredmedia":[{"embeddable":true,"href":"https:\/\/cmykprinted.com\/es\/wp-json\/wp\/v2\/media\/2610"}],"wp:attachment":[{"href":"https:\/\/cmykprinted.com\/es\/wp-json\/wp\/v2\/media?parent=2591"}],"wp:term":[{"taxonomy":"product_cat","embeddable":true,"href":"https:\/\/cmykprinted.com\/es\/wp-json\/wp\/v2\/product_cat?post=2591"},{"taxonomy":"product_tag","embeddable":true,"href":"https:\/\/cmykprinted.com\/es\/wp-json\/wp\/v2\/product_tag?post=2591"}],"curies":[{"name":"wp","href":"https:\/\/api.w.org\/{rel}","templated":true}]}}