{"id":2627,"date":"2025-05-28T03:20:18","date_gmt":"2025-05-28T03:20:18","guid":{"rendered":"https:\/\/cmykprinted.com\/?post_type=product&#038;p=2627"},"modified":"2025-05-28T03:22:18","modified_gmt":"2025-05-28T03:22:18","slug":"custom-branded-table-cloth-with-bottom-price","status":"publish","type":"product","link":"https:\/\/cmykprinted.com\/es\/producto\/mantel-personalizado-con-marca-al-precio-mas-bajo\/","title":{"rendered":"Mantel de marca personalizado con precio m\u00ednimo"},"content":{"rendered":"","protected":false},"excerpt":{"rendered":"<p data-start=\"235\" data-end=\"483\">\u00bfBusca una forma rentable de exhibir su marca en eventos sin sacrificar la calidad? Nuestra <strong data-start=\"335\" data-end=\"376\">Mantel de marca con precio m\u00ednimo<\/strong> Es la soluci\u00f3n perfecta para empresas con presupuesto limitado que a\u00fan as\u00ed desean causar una impresi\u00f3n profesional.<\/p>\n<p data-start=\"485\" data-end=\"818\">Ya sea que exponga en ferias comerciales, asista a exposiciones empresariales o gestione una tienda temporal, este mantel le da un aspecto limpio, cohesivo y de marca a su espacio. Hecho de poli\u00e9ster resistente, es ligero, resistente a las arrugas y f\u00e1cil de mantener, ideal para empresas que viajan con frecuencia o que se instalan en m\u00faltiples eventos.<\/p>\n<p data-start=\"820\" data-end=\"1149\">Impreso con tecnolog\u00eda de sublimaci\u00f3n de alta calidad, su logotipo y los colores de su marca se ven n\u00edtidos y vibrantes, lo que le ayuda a destacar entre la multitud. La tinta est\u00e1 incrustada en la tela, por lo que el dise\u00f1o no se despega ni se desvanece despu\u00e9s del lavado. Obtendr\u00e1 un material promocional duradero a una fracci\u00f3n del costo de otros materiales de exhibici\u00f3n de marca.<\/p>\n<p data-start=\"1151\" data-end=\"1429\">Este mantel est\u00e1 disponible en varios tama\u00f1os (1,2 m, 1,8 m y 2,4 m) y estilos (ajustado, drapeado o el\u00e1stico) para adaptarse a tus necesidades. Adem\u00e1s, se pliega de forma compacta para facilitar su transporte y almacenamiento, lo que lo hace perfecto para peque\u00f1as empresas, startups y equipos de marketing con presupuestos ajustados.<\/p>\n<p data-start=\"1431\" data-end=\"1712\">En resumen, esta es una inversi\u00f3n de bajo costo que ofrece una imagen de marca de alto impacto. Obtenga la apariencia de un expositor premium sin el precio elevado. Si busca... <strong data-start=\"1588\" data-end=\"1648\">Gran valor, calidad confiable y fuerte presencia de marca.<\/strong>Nuestro mantel de marca con el precio m\u00e1s bajo es la elecci\u00f3n inteligente.<\/p>\n<div style=\"width: 1280px;\" class=\"wp-video\"><!--[if lt IE 9]><script>document.createElement('video');<\/script><![endif]--><br \/>\n<video class=\"wp-video-shortcode\" id=\"video-2627-1\" width=\"1280\" height=\"720\" preload=\"metadata\" controls=\"controls\"><source type=\"video\/mp4\" src=\"https:\/\/cmykprinted.com\/wp-content\/uploads\/2025\/05\/Printed-Branded-Tablecloth-for-Events.mp4?_=1\" \/><a href=\"https:\/\/cmykprinted.com\/wp-content\/uploads\/2025\/05\/Printed-Branded-Tablecloth-for-Events.mp4\">https:\/\/cmykprinted.com\/wp-content\/uploads\/2025\/05\/Printed-Branded-Tablecloth-for-Events.mp4<\/a><\/video><\/div>","protected":false},"featured_media":2630,"template":"","meta":{"_kad_post_transparent":"default","_kad_post_title":"hide","_kad_post_layout":"fullwidth","_kad_post_sidebar_id":"","_kad_post_content_style":"unboxed","_kad_post_vertical_padding":"hide","_kad_post_feature":"hide","_kad_post_feature_position":"","_kad_post_header":false,"_kad_post_footer":false},"product_cat":[80,81,83],"product_tag":[592,591,593],"class_list":{"0":"post-2627","1":"product","2":"type-product","3":"status-publish","4":"has-post-thumbnail","6":"product_cat-custom-tablecloth","7":"product_cat-custom-stretch-tablecloth","8":"product_cat-fitted-table-cover","9":"product_tag-branded-table-cloth","10":"product_tag-branded-table-cloth-price","11":"product_tag-custom-branded-table-cloth","13":"first","14":"instock","15":"shipping-taxable","16":"product-type-simple","17":"entry","18":"content-bg","19":"loop-entry"},"_links":{"self":[{"href":"https:\/\/cmykprinted.com\/es\/wp-json\/wp\/v2\/product\/2627","targetHints":{"allow":["GET"]}}],"collection":[{"href":"https:\/\/cmykprinted.com\/es\/wp-json\/wp\/v2\/product"}],"about":[{"href":"https:\/\/cmykprinted.com\/es\/wp-json\/wp\/v2\/types\/product"}],"version-history":[{"count":2,"href":"https:\/\/cmykprinted.com\/es\/wp-json\/wp\/v2\/product\/2627\/revisions"}],"predecessor-version":[{"id":2633,"href":"https:\/\/cmykprinted.com\/es\/wp-json\/wp\/v2\/product\/2627\/revisions\/2633"}],"wp:featuredmedia":[{"embeddable":true,"href":"https:\/\/cmykprinted.com\/es\/wp-json\/wp\/v2\/media\/2630"}],"wp:attachment":[{"href":"https:\/\/cmykprinted.com\/es\/wp-json\/wp\/v2\/media?parent=2627"}],"wp:term":[{"taxonomy":"product_cat","embeddable":true,"href":"https:\/\/cmykprinted.com\/es\/wp-json\/wp\/v2\/product_cat?post=2627"},{"taxonomy":"product_tag","embeddable":true,"href":"https:\/\/cmykprinted.com\/es\/wp-json\/wp\/v2\/product_tag?post=2627"}],"curies":[{"name":"wp","href":"https:\/\/api.w.org\/{rel}","templated":true}]}}