{"id":2634,"date":"2025-05-28T05:01:54","date_gmt":"2025-05-28T05:01:54","guid":{"rendered":"https:\/\/cmykprinted.com\/?post_type=product&#038;p=2634"},"modified":"2025-05-28T05:01:54","modified_gmt":"2025-05-28T05:01:54","slug":"custom-metal-transfer-logo-stickers-for-perfume-bottle","status":"publish","type":"product","link":"https:\/\/cmykprinted.com\/es\/producto\/pegatinas-de-logo-transferencia-de-metal-personalizadas-para-botella-de-perfume\/","title":{"rendered":"Pegatinas de transferencia de logotipo de metal personalizadas para botellas de perfume"},"content":{"rendered":"","protected":false},"excerpt":{"rendered":"<p>Realce la elegancia y la identidad de marca de su producto con nuestras pegatinas de transferencia de logotipos met\u00e1licas personalizadas premium, especialmente dise\u00f1adas para frascos de perfume. Estas calcoman\u00edas met\u00e1licas de alta gama ofrecen un acabado lujoso y profesional que realza al instante su empaque y refleja la calidad de su marca.<\/p>\n<p>Elaboradas con tecnolog\u00eda de transferencia avanzada, estas pegatinas presentan una elegante superficie met\u00e1lica con detalles precisos, lo que las hace ideales para logotipos, nombres de marca o elementos decorativos. La aplicaci\u00f3n de transferencia garantiza que solo la parte met\u00e1lica se adhiera a la superficie, sin dejar fondo ni bordes adhesivos, creando una apariencia impecable, similar a un grabado, directamente sobre la botella de vidrio o pl\u00e1stico.<\/p>\n<p>Disponibles en una variedad de acabados como oro, plata, oro rosa, negro mate y cromo, nuestras pegatinas met\u00e1licas para logotipos se pueden personalizar para que combinen con la est\u00e9tica de su marca. Ya sea que prefiera un monograma minimalista o un dise\u00f1o de logotipo elaborado, ofrecemos soluciones a medida para satisfacer sus necesidades espec\u00edficas.<\/p>\n<p>Estas pegatinas no solo son visualmente atractivas, sino tambi\u00e9n duraderas: resistentes al agua, al aceite y al perfume, lo que garantiza que su marca se mantenga intacta con el tiempo. Perfectas para l\u00edneas de perfumes de lujo, productos cosm\u00e9ticos o art\u00edculos promocionales de alta gama.<\/p>\n<p>Nuestro equipo de dise\u00f1o trabajar\u00e1 estrechamente contigo para crear la calcoman\u00eda con tu logotipo perfecta que refleje la identidad de tu marca. Pedidos al por mayor con cantidad m\u00ednima de pedido (MOQ) y precios por volumen.<\/p>\n<p>Mejore su embalaje con elegancia y distinci\u00f3n: elija nuestras pegatinas de logotipo con transferencia de metal personalizadas para un toque final sofisticado.<\/p>\n<div style=\"width: 480px;\" class=\"wp-video\"><!--[if lt IE 9]><script>document.createElement('video');<\/script><![endif]--><br \/>\n<video class=\"wp-video-shortcode\" id=\"video-2634-1\" width=\"480\" height=\"480\" preload=\"metadata\" controls=\"controls\"><source type=\"video\/mp4\" src=\"https:\/\/cmykprinted.com\/wp-content\/uploads\/2025\/05\/Metal-Transfer-Logo-Stickers-For-Perfume-Bottle.mp4?_=1\" \/><a href=\"https:\/\/cmykprinted.com\/wp-content\/uploads\/2025\/05\/Metal-Transfer-Logo-Stickers-For-Perfume-Bottle.mp4\">https:\/\/cmykprinted.com\/wp-content\/uploads\/2025\/05\/Metal-Transfer-Logo-Stickers-For-Perfume-Bottle.mp4<\/a><\/video><\/div>","protected":false},"featured_media":2635,"template":"","meta":{"_kad_post_transparent":"default","_kad_post_title":"hide","_kad_post_layout":"fullwidth","_kad_post_sidebar_id":"","_kad_post_content_style":"unboxed","_kad_post_vertical_padding":"hide","_kad_post_feature":"hide","_kad_post_feature_position":"","_kad_post_header":false,"_kad_post_footer":false},"product_cat":[101,102],"product_tag":[596,594,595,597],"class_list":{"0":"post-2634","1":"product","2":"type-product","3":"status-publish","4":"has-post-thumbnail","6":"product_cat-transfer-stickers","7":"product_cat-metal-transfer-stickers","8":"product_tag-custom-metal-transfer-logo-stickers","9":"product_tag-logo-stickers-for-perfume-bottle","10":"product_tag-metal-transfer-logo-stickers","11":"product_tag-transfer-logo-stickers-for-perfume-bottle","13":"first","14":"instock","15":"shipping-taxable","16":"product-type-simple","17":"entry","18":"content-bg","19":"loop-entry"},"_links":{"self":[{"href":"https:\/\/cmykprinted.com\/es\/wp-json\/wp\/v2\/product\/2634","targetHints":{"allow":["GET"]}}],"collection":[{"href":"https:\/\/cmykprinted.com\/es\/wp-json\/wp\/v2\/product"}],"about":[{"href":"https:\/\/cmykprinted.com\/es\/wp-json\/wp\/v2\/types\/product"}],"version-history":[{"count":1,"href":"https:\/\/cmykprinted.com\/es\/wp-json\/wp\/v2\/product\/2634\/revisions"}],"predecessor-version":[{"id":2640,"href":"https:\/\/cmykprinted.com\/es\/wp-json\/wp\/v2\/product\/2634\/revisions\/2640"}],"wp:featuredmedia":[{"embeddable":true,"href":"https:\/\/cmykprinted.com\/es\/wp-json\/wp\/v2\/media\/2635"}],"wp:attachment":[{"href":"https:\/\/cmykprinted.com\/es\/wp-json\/wp\/v2\/media?parent=2634"}],"wp:term":[{"taxonomy":"product_cat","embeddable":true,"href":"https:\/\/cmykprinted.com\/es\/wp-json\/wp\/v2\/product_cat?post=2634"},{"taxonomy":"product_tag","embeddable":true,"href":"https:\/\/cmykprinted.com\/es\/wp-json\/wp\/v2\/product_tag?post=2634"}],"curies":[{"name":"wp","href":"https:\/\/api.w.org\/{rel}","templated":true}]}}