{"id":2660,"date":"2025-05-30T09:38:31","date_gmt":"2025-05-30T09:38:31","guid":{"rendered":"https:\/\/cmykprinted.com\/?post_type=product&#038;p=2660"},"modified":"2025-05-30T09:38:32","modified_gmt":"2025-05-30T09:38:32","slug":"custom-vinyl-banners-printing-for-business-and-vinyl-signs","status":"publish","type":"product","link":"https:\/\/cmykprinted.com\/es\/producto\/impresion-de-pancartas-de-vinilo-personalizadas-para-negocios-y-letreros-de-vinilo\/","title":{"rendered":"Impresi\u00f3n de pancartas de vinilo personalizadas para negocios y letreros de vinilo"},"content":{"rendered":"","protected":false},"excerpt":{"rendered":"<p>Para promocionar nuestro negocio, necesit\u00e1bamos algo llamativo, resistente y duradero. Por eso, optamos por lonas de vinilo personalizadas, y estamos encantados con el resultado. Las lonas de vinilo nos han proporcionado una forma profesional de anunciar ofertas, mostrar pr\u00f3ximos eventos y aumentar la visibilidad de la marca tanto en interiores como en exteriores.<\/p>\n<p>Lo que m\u00e1s nos gusta es la flexibilidad. Pudimos personalizar completamente nuestras pancartas con nuestro logotipo, colores de marca y mensajes. Ya sea una gran inauguraci\u00f3n, una feria comercial o simplemente una venta de fin de semana, estas pancartas nos ayudan a destacar. La vibrante impresi\u00f3n a todo color hace que nuestros gr\u00e1ficos destaquen, y podemos elegir entre una amplia gama de tama\u00f1os para adaptarse a diferentes espacios de exhibici\u00f3n, desde escaparates hasta vallas, escenarios y m\u00e1s.<\/p>\n<p>La durabilidad es otra gran ventaja. Las pancartas est\u00e1n impresas en vinilo resistente, que resiste perfectamente el viento, la lluvia y el sol. Las hemos reutilizado varias veces sin que se decoloren ni se rompan. Los bordes reforzados y los ojales met\u00e1licos facilitan su instalaci\u00f3n y fijaci\u00f3n, sin estr\u00e9s ni complicaciones.<\/p>\n<p>Hacer el pedido tambi\u00e9n es muy sencillo. Simplemente subimos nuestro dise\u00f1o, elegimos las especificaciones que necesit\u00e1bamos y recibimos nuestros banners r\u00e1pidamente. La calidad fue impresionante, sobre todo considerando la rapidez del proceso.<\/p>\n<p>En general, la impresi\u00f3n de pancartas de vinilo personalizadas ha sido una forma asequible e impactante de promocionar nuestro negocio. Es una soluci\u00f3n sencilla que ofrece resultados contundentes.<\/p>\n<div style=\"width: 1290px;\" class=\"wp-video\"><!--[if lt IE 9]><script>document.createElement('video');<\/script><![endif]--><br \/>\n<video class=\"wp-video-shortcode\" id=\"video-2660-1\" width=\"1290\" height=\"726\" loop autoplay preload=\"auto\" controls=\"controls\"><source type=\"video\/mp4\" src=\"http:\/\/cmykprinted.com\/wp-content\/uploads\/2022\/12\/Fence-Mesh-Banners.mp4?_=1\" \/><a href=\"http:\/\/cmykprinted.com\/wp-content\/uploads\/2022\/12\/Fence-Mesh-Banners.mp4\">http:\/\/cmykprinted.com\/wp-content\/uploads\/2022\/12\/Fence-Mesh-Banners.mp4<\/a><\/video><\/div>\n<p>&nbsp;<\/p>","protected":false},"featured_media":2664,"template":"","meta":{"_kad_post_transparent":"default","_kad_post_title":"hide","_kad_post_layout":"fullwidth","_kad_post_sidebar_id":"","_kad_post_content_style":"unboxed","_kad_post_vertical_padding":"hide","_kad_post_feature":"hide","_kad_post_feature_position":"","_kad_post_header":false,"_kad_post_footer":false},"product_cat":[85,87,86],"product_tag":[602,601,603,600],"class_list":{"0":"post-2660","1":"product","2":"type-product","3":"status-publish","4":"has-post-thumbnail","6":"product_cat-outdoor-vinyl-banners","7":"product_cat-fabric-mesh-banners","8":"product_cat-fence-mesh-banners","9":"product_tag-custom-vinyl-banners-for-business","10":"product_tag-custom-vinyl-banners-printing","11":"product_tag-custom-vinyl-signs","12":"product_tag-vinyl-signs","14":"first","15":"instock","16":"shipping-taxable","17":"product-type-simple","18":"entry","19":"content-bg","20":"loop-entry"},"_links":{"self":[{"href":"https:\/\/cmykprinted.com\/es\/wp-json\/wp\/v2\/product\/2660","targetHints":{"allow":["GET"]}}],"collection":[{"href":"https:\/\/cmykprinted.com\/es\/wp-json\/wp\/v2\/product"}],"about":[{"href":"https:\/\/cmykprinted.com\/es\/wp-json\/wp\/v2\/types\/product"}],"version-history":[{"count":1,"href":"https:\/\/cmykprinted.com\/es\/wp-json\/wp\/v2\/product\/2660\/revisions"}],"predecessor-version":[{"id":2666,"href":"https:\/\/cmykprinted.com\/es\/wp-json\/wp\/v2\/product\/2660\/revisions\/2666"}],"wp:featuredmedia":[{"embeddable":true,"href":"https:\/\/cmykprinted.com\/es\/wp-json\/wp\/v2\/media\/2664"}],"wp:attachment":[{"href":"https:\/\/cmykprinted.com\/es\/wp-json\/wp\/v2\/media?parent=2660"}],"wp:term":[{"taxonomy":"product_cat","embeddable":true,"href":"https:\/\/cmykprinted.com\/es\/wp-json\/wp\/v2\/product_cat?post=2660"},{"taxonomy":"product_tag","embeddable":true,"href":"https:\/\/cmykprinted.com\/es\/wp-json\/wp\/v2\/product_tag?post=2660"}],"curies":[{"name":"wp","href":"https:\/\/api.w.org\/{rel}","templated":true}]}}