{"id":2790,"date":"2025-07-07T09:16:58","date_gmt":"2025-07-07T09:16:58","guid":{"rendered":"https:\/\/cmykprinted.com\/?post_type=product&#038;p=2790"},"modified":"2025-07-08T00:21:16","modified_gmt":"2025-07-08T00:21:16","slug":"double-sided-vinyl-banners","status":"publish","type":"product","link":"https:\/\/cmykprinted.com\/es\/producto\/pancartas-de-vinilo-doble-cara\/","title":{"rendered":"Pancartas de vinilo de doble cara de 18 oz con $ 11"},"content":{"rendered":"","protected":false},"excerpt":{"rendered":"<p>En el din\u00e1mico mundo del marketing y la promoci\u00f3n, destacar y captar la atenci\u00f3n es fundamental. Descubra nuestras pancartas de vinilo de doble cara de 500 g: la soluci\u00f3n definitiva para empresas, eventos y particulares que buscan dejar una huella imborrable.<\/p>\n<p>Fabricadas con precisi\u00f3n y dise\u00f1adas para la excelencia, estas pancartas no son solo piezas de vinilo; son herramientas poderosas dise\u00f1adas para elevar su mensaje a nuevas alturas.<\/p>\n<p>La esencia de nuestras pancartas de vinilo de doble cara de 500 g es su excepcional durabilidad. Fabricadas con vinilo resistente y de alta calidad, estas pancartas est\u00e1n dise\u00f1adas para soportar las inclemencias del tiempo. Ya sea sol abrasador, lluvia torrencial, vientos fuertes o temperaturas g\u00e9lidas, nuestras pancartas se mantienen intactas y vibrantes. Su peso de 500 g proporciona una estructura robusta y resistente, lo que garantiza que su pancarta no se rasgue, deshilache ni decolore f\u00e1cilmente.<\/p>\n<p>Esta durabilidad las hace ideales para uso en exteriores, tanto a corto como a largo plazo. Por ejemplo, si promociona una oferta de temporada en el exterior de su tienda, la pancarta mantendr\u00e1 su integridad durante toda la campa\u00f1a. O, si la utiliza para marcar la ubicaci\u00f3n de un evento a gran escala durante varios d\u00edas, puede confiar en que conservar\u00e1 su excelente aspecto y transmitir\u00e1 su mensaje con claridad.<\/p>\n<p>La doble cara de estas pancartas duplica su impacto. Sin importar desde qu\u00e9 direcci\u00f3n se acerque su p\u00fablico, recibir\u00e1 un mensaje claro y convincente. Esto es especialmente beneficioso en zonas de mucho tr\u00e1fico, como calles concurridas, intersecciones o grandes espacios abiertos en festivales y ferias.<\/p>\n<p>Maximiza la visibilidad de tu marca, producto o evento, asegurando que tu inversi\u00f3n en marketing llegue m\u00e1s lejos.<\/p>\n<figure id=\"attachment_2785\" aria-describedby=\"caption-attachment-2785\" style=\"width: 1000px\" class=\"wp-caption alignnone\"><img fetchpriority=\"high\" decoding=\"async\" class=\"size-full wp-image-2785\" src=\"https:\/\/cmykprinted.com\/wp-content\/uploads\/2025\/07\/Street-Light-Pole-Banner.jpg\" alt=\" Pancartas de vinilo de doble cara\" width=\"1000\" height=\"560\" srcset=\"https:\/\/cmykprinted.com\/wp-content\/uploads\/2025\/07\/Street-Light-Pole-Banner.jpg 1000w, https:\/\/cmykprinted.com\/wp-content\/uploads\/2025\/07\/Street-Light-Pole-Banner-300x168.jpg 300w, https:\/\/cmykprinted.com\/wp-content\/uploads\/2025\/07\/Street-Light-Pole-Banner-768x430.jpg 768w, https:\/\/cmykprinted.com\/wp-content\/uploads\/2025\/07\/Street-Light-Pole-Banner-18x10.jpg 18w, https:\/\/cmykprinted.com\/wp-content\/uploads\/2025\/07\/Street-Light-Pole-Banner-600x336.jpg 600w\" sizes=\"(max-width: 1000px) 100vw, 1000px\" \/><figcaption id=\"caption-attachment-2785\" class=\"wp-caption-text\">Pancartas de vinilo de doble cara<\/figcaption><\/figure>","protected":false},"featured_media":2792,"template":"","meta":{"_kad_post_transparent":"default","_kad_post_title":"hide","_kad_post_layout":"fullwidth","_kad_post_sidebar_id":"","_kad_post_content_style":"unboxed","_kad_post_vertical_padding":"hide","_kad_post_feature":"hide","_kad_post_feature_position":"","_kad_post_header":false,"_kad_post_footer":false},"product_cat":[85,90,91,89],"product_tag":[644,645,643],"class_list":{"0":"post-2790","1":"product","2":"type-product","3":"status-publish","4":"has-post-thumbnail","6":"product_cat-outdoor-vinyl-banners","7":"product_cat-glossy-pvc-banners","8":"product_cat-matte-vinyl-banners","9":"product_cat-pvc-banners","10":"product_tag-18-oz-vinyl-banners","11":"product_tag-double-sided-banners","12":"product_tag-double-sided-vinyl-banners","14":"first","15":"instock","16":"shipping-taxable","17":"product-type-simple","18":"entry","19":"content-bg","20":"loop-entry"},"_links":{"self":[{"href":"https:\/\/cmykprinted.com\/es\/wp-json\/wp\/v2\/product\/2790","targetHints":{"allow":["GET"]}}],"collection":[{"href":"https:\/\/cmykprinted.com\/es\/wp-json\/wp\/v2\/product"}],"about":[{"href":"https:\/\/cmykprinted.com\/es\/wp-json\/wp\/v2\/types\/product"}],"version-history":[{"count":1,"href":"https:\/\/cmykprinted.com\/es\/wp-json\/wp\/v2\/product\/2790\/revisions"}],"predecessor-version":[{"id":2796,"href":"https:\/\/cmykprinted.com\/es\/wp-json\/wp\/v2\/product\/2790\/revisions\/2796"}],"wp:featuredmedia":[{"embeddable":true,"href":"https:\/\/cmykprinted.com\/es\/wp-json\/wp\/v2\/media\/2792"}],"wp:attachment":[{"href":"https:\/\/cmykprinted.com\/es\/wp-json\/wp\/v2\/media?parent=2790"}],"wp:term":[{"taxonomy":"product_cat","embeddable":true,"href":"https:\/\/cmykprinted.com\/es\/wp-json\/wp\/v2\/product_cat?post=2790"},{"taxonomy":"product_tag","embeddable":true,"href":"https:\/\/cmykprinted.com\/es\/wp-json\/wp\/v2\/product_tag?post=2790"}],"curies":[{"name":"wp","href":"https:\/\/api.w.org\/{rel}","templated":true}]}}