{"id":2810,"date":"2025-07-10T09:30:52","date_gmt":"2025-07-10T09:30:52","guid":{"rendered":"https:\/\/cmykprinted.com\/?post_type=product&#038;p=2810"},"modified":"2025-07-10T09:30:52","modified_gmt":"2025-07-10T09:30:52","slug":"breakaway-banner-for-football","status":"publish","type":"product","link":"https:\/\/cmykprinted.com\/es\/producto\/pancarta-rompible-para-futbol-2\/","title":{"rendered":"Banner separable para f\u00fatbol a un precio competitivo"},"content":{"rendered":"","protected":false},"excerpt":{"rendered":"<p>\u00bfBuscas llevar emoci\u00f3n y esp\u00edritu de equipo inigualables a tus partidos de f\u00fatbol sin gastar de m\u00e1s? Nuestra pancarta Breakaway para f\u00fatbol ofrece la soluci\u00f3n perfecta a un precio competitivo. Dise\u00f1adas para entradas espectaculares, estas pancartas crean un espect\u00e1culo emocionante que llena de energ\u00eda tanto a atletas como a aficionados.<\/p>\n<p>Crea momentos incre\u00edbles el d\u00eda del partido<\/p>\n<p>Nuestras pancartas de f\u00fatbol est\u00e1n hechas de tela duradera y de alta calidad que resiste el uso repetido, partido tras partido. La pancarta consta de dos paneles que se fijan con cierres de velcro, lo que permite a los jugadores abrirse paso por el centro para una entrada explosiva al campo. Es una forma inolvidable de mostrar el orgullo por el equipo y animar al p\u00fablico.<\/p>\n<p>F\u00e1cil de configurar y reutilizar<\/p>\n<p>Cada pancarta separable para f\u00fatbol americano cuenta con bolsillos a ambos lados para sujetar los postes. Estos se pueden anclar al suelo para mayor estabilidad, mientras que las cuerdas que sostienen las animadoras o el personal mantienen la parte superior segura. El montaje es r\u00e1pido y sencillo, lo que garantiza que estar\u00e1 listo para el saque inicial en minutos. Despu\u00e9s del partido, simplemente vuelva a colocar los paneles y enrolle la pancarta para guardarla de forma compacta.<\/p>\n<p>Impresi\u00f3n personalizada vibrante<\/p>\n<p>Ofrecemos impresi\u00f3n a todo color y de alta resoluci\u00f3n para que puedas personalizar tu pancarta con el logotipo de tu equipo, el nombre de tu escuela, tu mascota, tu eslogan o los gr\u00e1ficos de tus patrocinadores. Las impresiones vibrantes se mantienen brillantes y llamativas incluso despu\u00e9s de varios usos, lo que ayuda a tu equipo a destacar en el campo.<\/p>\n<div style=\"width: 960px;\" class=\"wp-video\"><!--[if lt IE 9]><script>document.createElement('video');<\/script><![endif]--><br \/>\n<video class=\"wp-video-shortcode\" id=\"video-2810-1\" width=\"960\" height=\"540\" preload=\"metadata\" controls=\"controls\"><source type=\"video\/mp4\" src=\"https:\/\/cmykprinted.com\/wp-content\/uploads\/2025\/07\/Breakaway-Banners.mp4?_=1\" \/><a href=\"https:\/\/cmykprinted.com\/wp-content\/uploads\/2025\/07\/Breakaway-Banners.mp4\">https:\/\/cmykprinted.com\/wp-content\/uploads\/2025\/07\/Breakaway-Banners.mp4<\/a><\/video><\/div>","protected":false},"featured_media":2816,"template":"","meta":{"_kad_post_transparent":"default","_kad_post_title":"hide","_kad_post_layout":"fullwidth","_kad_post_sidebar_id":"","_kad_post_content_style":"unboxed","_kad_post_vertical_padding":"hide","_kad_post_feature":"hide","_kad_post_feature_position":"","_kad_post_header":false,"_kad_post_footer":false},"product_cat":[79],"product_tag":[650,649],"class_list":{"0":"post-2810","1":"product","2":"type-product","3":"status-publish","4":"has-post-thumbnail","6":"product_cat-custom-flags","7":"product_tag-breakaway-banner","8":"product_tag-breakaway-banner-for-football","10":"first","11":"instock","12":"shipping-taxable","13":"product-type-simple","14":"entry","15":"content-bg","16":"loop-entry"},"_links":{"self":[{"href":"https:\/\/cmykprinted.com\/es\/wp-json\/wp\/v2\/product\/2810","targetHints":{"allow":["GET"]}}],"collection":[{"href":"https:\/\/cmykprinted.com\/es\/wp-json\/wp\/v2\/product"}],"about":[{"href":"https:\/\/cmykprinted.com\/es\/wp-json\/wp\/v2\/types\/product"}],"version-history":[{"count":1,"href":"https:\/\/cmykprinted.com\/es\/wp-json\/wp\/v2\/product\/2810\/revisions"}],"predecessor-version":[{"id":2820,"href":"https:\/\/cmykprinted.com\/es\/wp-json\/wp\/v2\/product\/2810\/revisions\/2820"}],"wp:featuredmedia":[{"embeddable":true,"href":"https:\/\/cmykprinted.com\/es\/wp-json\/wp\/v2\/media\/2816"}],"wp:attachment":[{"href":"https:\/\/cmykprinted.com\/es\/wp-json\/wp\/v2\/media?parent=2810"}],"wp:term":[{"taxonomy":"product_cat","embeddable":true,"href":"https:\/\/cmykprinted.com\/es\/wp-json\/wp\/v2\/product_cat?post=2810"},{"taxonomy":"product_tag","embeddable":true,"href":"https:\/\/cmykprinted.com\/es\/wp-json\/wp\/v2\/product_tag?post=2810"}],"curies":[{"name":"wp","href":"https:\/\/api.w.org\/{rel}","templated":true}]}}