{"id":549,"date":"2022-12-18T09:53:56","date_gmt":"2022-12-18T09:53:56","guid":{"rendered":"https:\/\/cmykprinted.com\/?post_type=product&#038;p=549"},"modified":"2022-12-18T10:09:57","modified_gmt":"2022-12-18T10:09:57","slug":"custom-shop-front-flag-double-sided-wall-flag-banner-sign","status":"publish","type":"product","link":"https:\/\/cmykprinted.com\/es\/producto\/custom-shop-front-flag-double-sided-wall-flag-banner-sign\/","title":{"rendered":"Bandera frontal de tienda personalizada, cartel de bandera de pared de doble cara"},"content":{"rendered":"","protected":false},"excerpt":{"rendered":"<p>Las banderas de escaparate son una forma popular para que las empresas anuncien sus productos o servicios a los transe\u00fantes. Por lo general, se montan en el exterior de una tienda o tienda y est\u00e1n dise\u00f1ados para ser llamativos y llamar la atenci\u00f3n. Los dos tipos principales de banderas para escaparates son los estilos de borde recto y puntiagudo. Las banderas de borde puntiagudo tienen una forma triangular y generalmente se montan en un poste, mientras que las banderas de borde recto son rectangulares y se pueden montar en una pared o suspenderse del techo. Ambos tipos de banderas se pueden imprimir con ilustraciones de una o dos caras, seg\u00fan las necesidades del negocio.<br \/>\nLas banderas para escaparates suelen estar hechas de aluminio o tela, y se pueden imprimir con una variedad de m\u00e9todos, incluida la impresi\u00f3n digital UV o la sublimaci\u00f3n de tinta. La impresi\u00f3n digital UV es un proceso que utiliza luz UV para curar la tinta, lo que da como resultado un color m\u00e1s duradero y una mayor resistencia a la decoloraci\u00f3n y al da\u00f1o por agua. La sublimaci\u00f3n de tinta es un proceso que utiliza calor para transferir tinta de un papel especial a la tela, lo que da como resultado un acabado vibrante y n\u00edtido.<\/p>\n<p>&nbsp;<\/p>","protected":false},"featured_media":550,"template":"","meta":{"_kad_post_transparent":"default","_kad_post_title":"hide","_kad_post_layout":"fullwidth","_kad_post_sidebar_id":"","_kad_post_content_style":"unboxed","_kad_post_vertical_padding":"hide","_kad_post_feature":"hide","_kad_post_feature_position":"","_kad_post_header":false,"_kad_post_footer":false},"product_cat":[79],"product_tag":[131,133,132,129,130],"class_list":{"0":"post-549","1":"product","2":"type-product","3":"status-publish","4":"has-post-thumbnail","6":"product_cat-custom-flags","7":"product_tag-custom-flag","8":"product_tag-custom-wall-sign","9":"product_tag-double-sided-wall-flag","10":"product_tag-shop-front-flag","11":"product_tag-wall-flag","13":"first","14":"instock","15":"shipping-taxable","16":"product-type-simple","17":"entry","18":"content-bg","19":"loop-entry"},"_links":{"self":[{"href":"https:\/\/cmykprinted.com\/es\/wp-json\/wp\/v2\/product\/549","targetHints":{"allow":["GET"]}}],"collection":[{"href":"https:\/\/cmykprinted.com\/es\/wp-json\/wp\/v2\/product"}],"about":[{"href":"https:\/\/cmykprinted.com\/es\/wp-json\/wp\/v2\/types\/product"}],"version-history":[{"count":2,"href":"https:\/\/cmykprinted.com\/es\/wp-json\/wp\/v2\/product\/549\/revisions"}],"predecessor-version":[{"id":556,"href":"https:\/\/cmykprinted.com\/es\/wp-json\/wp\/v2\/product\/549\/revisions\/556"}],"wp:featuredmedia":[{"embeddable":true,"href":"https:\/\/cmykprinted.com\/es\/wp-json\/wp\/v2\/media\/550"}],"wp:attachment":[{"href":"https:\/\/cmykprinted.com\/es\/wp-json\/wp\/v2\/media?parent=549"}],"wp:term":[{"taxonomy":"product_cat","embeddable":true,"href":"https:\/\/cmykprinted.com\/es\/wp-json\/wp\/v2\/product_cat?post=549"},{"taxonomy":"product_tag","embeddable":true,"href":"https:\/\/cmykprinted.com\/es\/wp-json\/wp\/v2\/product_tag?post=549"}],"curies":[{"name":"wp","href":"https:\/\/api.w.org\/{rel}","templated":true}]}}