{"id":644,"date":"2022-12-22T07:18:12","date_gmt":"2022-12-22T07:18:12","guid":{"rendered":"https:\/\/cmykprinted.com\/?post_type=product&#038;p=644"},"modified":"2022-12-22T07:55:34","modified_gmt":"2022-12-22T07:55:34","slug":"custom-table-runners-table-cover-trade-show-tablecloth","status":"publish","type":"product","link":"https:\/\/cmykprinted.com\/es\/producto\/custom-table-runners-table-cover-trade-show-tablecloth\/","title":{"rendered":"Caminos de mesa personalizados, manteles, manteles para ferias comerciales"},"content":{"rendered":"","protected":false},"excerpt":{"rendered":"<p>Si necesita caminos de mesa personalizados para su negocio o eventos personales, lo tenemos cubierto. Nuestros manteles de alta calidad son perfectos para todo, desde ferias comerciales hasta eventos para recaudar fondos, y est\u00e1n dise\u00f1ados para durar. Confeccionados con tela de poli\u00e9ster de primera calidad y con impresi\u00f3n por sublimaci\u00f3n de tinta a 1440 ppp a todo color, estos caminos de mesa personalizados seguramente causar\u00e1n una impresi\u00f3n duradera. \u00daselos para promocionar su marca o logotipo en conferencias, eventos o ferias comerciales, o simplemente agr\u00e9guelos a un mantel s\u00f3lido para darle un toque de elegancia y decoraci\u00f3n. Disponible en dimensiones predefinidas de 2&#039;x7.5\u2032, incluso puede optar por tama\u00f1os personalizados para adaptarse perfectamente a sus necesidades. Conf\u00ede en nosotros como su fuente confiable de caminos de mesa personalizados que anunciar\u00e1n su negocio de manera efectiva y resistir\u00e1n el paso del tiempo.<\/p>","protected":false},"featured_media":647,"template":"","meta":{"_kad_post_transparent":"default","_kad_post_title":"hide","_kad_post_layout":"fullwidth","_kad_post_sidebar_id":"","_kad_post_content_style":"unboxed","_kad_post_vertical_padding":"hide","_kad_post_feature":"hide","_kad_post_feature_position":"","_kad_post_header":false,"_kad_post_footer":false},"product_cat":[80,82],"product_tag":[157,156,158,159],"class_list":{"0":"post-644","1":"product","2":"type-product","3":"status-publish","4":"has-post-thumbnail","6":"product_cat-custom-tablecloth","7":"product_cat-custom-table-runner","8":"product_tag-custom-table-cover","9":"product_tag-custom-table-runners","10":"product_tag-custom-tablecloth","11":"product_tag-trade-show-tablecloth","13":"first","14":"instock","15":"shipping-taxable","16":"product-type-simple","17":"entry","18":"content-bg","19":"loop-entry"},"_links":{"self":[{"href":"https:\/\/cmykprinted.com\/es\/wp-json\/wp\/v2\/product\/644","targetHints":{"allow":["GET"]}}],"collection":[{"href":"https:\/\/cmykprinted.com\/es\/wp-json\/wp\/v2\/product"}],"about":[{"href":"https:\/\/cmykprinted.com\/es\/wp-json\/wp\/v2\/types\/product"}],"version-history":[{"count":2,"href":"https:\/\/cmykprinted.com\/es\/wp-json\/wp\/v2\/product\/644\/revisions"}],"predecessor-version":[{"id":646,"href":"https:\/\/cmykprinted.com\/es\/wp-json\/wp\/v2\/product\/644\/revisions\/646"}],"wp:featuredmedia":[{"embeddable":true,"href":"https:\/\/cmykprinted.com\/es\/wp-json\/wp\/v2\/media\/647"}],"wp:attachment":[{"href":"https:\/\/cmykprinted.com\/es\/wp-json\/wp\/v2\/media?parent=644"}],"wp:term":[{"taxonomy":"product_cat","embeddable":true,"href":"https:\/\/cmykprinted.com\/es\/wp-json\/wp\/v2\/product_cat?post=644"},{"taxonomy":"product_tag","embeddable":true,"href":"https:\/\/cmykprinted.com\/es\/wp-json\/wp\/v2\/product_tag?post=644"}],"curies":[{"name":"wp","href":"https:\/\/api.w.org\/{rel}","templated":true}]}}