{"id":673,"date":"2022-12-22T14:59:51","date_gmt":"2022-12-22T14:59:51","guid":{"rendered":"https:\/\/cmykprinted.com\/?post_type=product&#038;p=673"},"modified":"2022-12-22T15:10:44","modified_gmt":"2022-12-22T15:10:44","slug":"free-custom-curved-tension-fabric-pop-up-displays-backwall","status":"publish","type":"product","link":"https:\/\/cmykprinted.com\/es\/producto\/free-custom-curved-tension-fabric-pop-up-displays-backwall\/","title":{"rendered":"Pantallas emergentes de tela tensada curva personalizadas y gratuitas para pared trasera"},"content":{"rendered":"","protected":false},"excerpt":{"rendered":"<p>Las pantallas emergentes de tela de tensi\u00f3n curvada ofrecen una experiencia de audiencia envolvente y cautivadora que es perfecta para ferias comerciales, eventos de caridad, convenciones de la industria y otras funciones. Estas pantallas cuentan con im\u00e1genes sublimadas realistas que crean un efecto similar al 3D, lo que garantiza que se destaquen y llamen la atenci\u00f3n sobre su mensaje. Utilizamos material de tela vibrante y reutilizable que minimiza el reflejo de la luz para mantener sus impresiones visibles, asegurando que su p\u00fablico vea claramente su mensaje. Adem\u00e1s de su impresionante impacto visual, estas pantallas ofrecen los mismos beneficios que las pancartas retr\u00e1ctiles, lo que las hace perfectas para usarse como tel\u00f3n de fondo para stands de ferias comerciales y tiendas emergentes. A pesar de su gran tama\u00f1o, estas pantallas son livianas y f\u00e1ciles de instalar, ya que solo requieren el ensamblaje del marco de aluminio y la inserci\u00f3n y tracci\u00f3n de la tela sobre \u00e9l. Al imprimir sus propias pantallas emergentes de tela de tensi\u00f3n curva, puede llevar el marketing de su evento al siguiente nivel y promocionar de manera efectiva su marca o mensaje a una amplia audiencia.<\/p>","protected":false},"featured_media":674,"template":"","meta":{"_kad_post_transparent":"default","_kad_post_title":"hide","_kad_post_layout":"fullwidth","_kad_post_sidebar_id":"","_kad_post_content_style":"unboxed","_kad_post_vertical_padding":"hide","_kad_post_feature":"hide","_kad_post_feature_position":"","_kad_post_header":false,"_kad_post_footer":false},"product_cat":[97,98],"product_tag":[168,170,134,169],"class_list":{"0":"post-673","1":"product","2":"type-product","3":"status-publish","4":"has-post-thumbnail","6":"product_cat-tension-fabric-displays","7":"product_cat-curved-tension-fabric-pop-up-displays","8":"product_tag-curved-tension-fabric-pop-up-displays","9":"product_tag-pop-up-tension-fabric-displays","10":"product_tag-tension-fabric-displays","11":"product_tag-tension-fabric-pop-up-display","13":"first","14":"instock","15":"shipping-taxable","16":"product-type-simple","17":"entry","18":"content-bg","19":"loop-entry"},"_links":{"self":[{"href":"https:\/\/cmykprinted.com\/es\/wp-json\/wp\/v2\/product\/673","targetHints":{"allow":["GET"]}}],"collection":[{"href":"https:\/\/cmykprinted.com\/es\/wp-json\/wp\/v2\/product"}],"about":[{"href":"https:\/\/cmykprinted.com\/es\/wp-json\/wp\/v2\/types\/product"}],"version-history":[{"count":1,"href":"https:\/\/cmykprinted.com\/es\/wp-json\/wp\/v2\/product\/673\/revisions"}],"predecessor-version":[{"id":680,"href":"https:\/\/cmykprinted.com\/es\/wp-json\/wp\/v2\/product\/673\/revisions\/680"}],"wp:featuredmedia":[{"embeddable":true,"href":"https:\/\/cmykprinted.com\/es\/wp-json\/wp\/v2\/media\/674"}],"wp:attachment":[{"href":"https:\/\/cmykprinted.com\/es\/wp-json\/wp\/v2\/media?parent=673"}],"wp:term":[{"taxonomy":"product_cat","embeddable":true,"href":"https:\/\/cmykprinted.com\/es\/wp-json\/wp\/v2\/product_cat?post=673"},{"taxonomy":"product_tag","embeddable":true,"href":"https:\/\/cmykprinted.com\/es\/wp-json\/wp\/v2\/product_tag?post=673"}],"curies":[{"name":"wp","href":"https:\/\/api.w.org\/{rel}","templated":true}]}}