{"id":682,"date":"2022-12-29T09:44:31","date_gmt":"2022-12-29T09:44:31","guid":{"rendered":"https:\/\/cmykprinted.com\/?post_type=product&#038;p=682"},"modified":"2022-12-29T10:03:18","modified_gmt":"2022-12-29T10:03:18","slug":"custom-3d-metal-transfer-sticker-metallic-logo-label-sticker","status":"publish","type":"product","link":"https:\/\/cmykprinted.com\/es\/producto\/custom-3d-metal-transfer-sticker-metallic-logo-label-sticker\/","title":{"rendered":"Etiqueta adhesiva met\u00e1lica personalizada con logotipo de transferencia de metal 3D"},"content":{"rendered":"","protected":false},"excerpt":{"rendered":"<p>Las pegatinas de transferencia de metal 3D son un tipo de soluci\u00f3n de etiquetado que implica el uso de l\u00e1minas de n\u00edquel de alta duraci\u00f3n para crear un efecto tridimensional. Estos adhesivos est\u00e1n dise\u00f1ados para dar un aspecto &quot;sin etiqueta&quot; al eliminar el exceso de material del dise\u00f1o, lo que da como resultado una apariencia m\u00e1s refinada y profesional. A menudo se utilizan como etiquetas de productos de gama alta o para la venta al por menor en tiendas en l\u00ednea.<br \/>\nPara crear pegatinas de transferencia de metal 3D, el dise\u00f1o se imprime primero en una hoja de papel de n\u00edquel mediante un proceso de impresi\u00f3n especializado. Luego se elimina el exceso de material, dejando solo los elementos elevados del dise\u00f1o. Luego, la etiqueta resultante se recubre con una capa de adhesivo y se puede aplicar a una variedad de superficies, incluidos pl\u00e1stico, metal y papel.<br \/>\nUno de los beneficios de usar pegatinas de transferencia de metal 3D es su durabilidad. El n\u00edquel es un material fuerte y resistente a la corrosi\u00f3n, por lo que estas pegatinas pueden soportar el desgaste y mantener su calidad a lo largo del tiempo. Tambi\u00e9n son resistentes a la decoloraci\u00f3n y la decoloraci\u00f3n, lo que los convierte en una soluci\u00f3n de etiquetado duradera. Adem\u00e1s, el efecto tridimensional de estas pegatinas puede agregar un elemento \u00fanico y llamativo al empaque o la marca de su producto.<\/p>\n<div style=\"width: 1280px;\" class=\"wp-video\"><!--[if lt IE 9]><script>document.createElement('video');<\/script><![endif]--><br \/>\n<video class=\"wp-video-shortcode\" id=\"video-682-1\" width=\"1280\" height=\"720\" loop autoplay preload=\"metadata\" controls=\"controls\"><source type=\"video\/mp4\" src=\"http:\/\/cmykprinted.com\/wp-content\/uploads\/2022\/12\/Metal-Transfer-Sticker.mp4?_=1\" \/><a href=\"http:\/\/cmykprinted.com\/wp-content\/uploads\/2022\/12\/Metal-Transfer-Sticker.mp4\">http:\/\/cmykprinted.com\/wp-content\/uploads\/2022\/12\/Metal-Transfer-Sticker.mp4<\/a><\/video><\/div>\n<p>&nbsp;<\/p>","protected":false},"featured_media":683,"template":"","meta":{"_kad_post_transparent":"default","_kad_post_title":"hide","_kad_post_layout":"fullwidth","_kad_post_sidebar_id":"","_kad_post_content_style":"unboxed","_kad_post_vertical_padding":"hide","_kad_post_feature":"hide","_kad_post_feature_position":"","_kad_post_header":false,"_kad_post_footer":false},"product_cat":[101,102],"product_tag":[174,173,171,172],"class_list":{"0":"post-682","1":"product","2":"type-product","3":"status-publish","4":"has-post-thumbnail","6":"product_cat-transfer-stickers","7":"product_cat-metal-transfer-stickers","8":"product_tag-3d-metal-transfer-sticker","9":"product_tag-custom-metal-transfer-sticker","10":"product_tag-metal-transfer-sticker","11":"product_tag-metallic-logo-label-sticker","13":"first","14":"instock","15":"shipping-taxable","16":"product-type-simple","17":"entry","18":"content-bg","19":"loop-entry"},"_links":{"self":[{"href":"https:\/\/cmykprinted.com\/es\/wp-json\/wp\/v2\/product\/682","targetHints":{"allow":["GET"]}}],"collection":[{"href":"https:\/\/cmykprinted.com\/es\/wp-json\/wp\/v2\/product"}],"about":[{"href":"https:\/\/cmykprinted.com\/es\/wp-json\/wp\/v2\/types\/product"}],"version-history":[{"count":2,"href":"https:\/\/cmykprinted.com\/es\/wp-json\/wp\/v2\/product\/682\/revisions"}],"predecessor-version":[{"id":691,"href":"https:\/\/cmykprinted.com\/es\/wp-json\/wp\/v2\/product\/682\/revisions\/691"}],"wp:featuredmedia":[{"embeddable":true,"href":"https:\/\/cmykprinted.com\/es\/wp-json\/wp\/v2\/media\/683"}],"wp:attachment":[{"href":"https:\/\/cmykprinted.com\/es\/wp-json\/wp\/v2\/media?parent=682"}],"wp:term":[{"taxonomy":"product_cat","embeddable":true,"href":"https:\/\/cmykprinted.com\/es\/wp-json\/wp\/v2\/product_cat?post=682"},{"taxonomy":"product_tag","embeddable":true,"href":"https:\/\/cmykprinted.com\/es\/wp-json\/wp\/v2\/product_tag?post=682"}],"curies":[{"name":"wp","href":"https:\/\/api.w.org\/{rel}","templated":true}]}}