{"id":704,"date":"2022-12-29T12:00:11","date_gmt":"2022-12-29T12:00:11","guid":{"rendered":"https:\/\/cmykprinted.com\/?post_type=product&#038;p=704"},"modified":"2022-12-29T15:39:11","modified_gmt":"2022-12-29T15:39:11","slug":"40mm-hexagonal-folding-aluminum-frame-10x15ft-pop-up-tent","status":"publish","type":"product","link":"https:\/\/cmykprinted.com\/es\/producto\/40mm-hexagonal-folding-aluminum-frame-10x15ft-pop-up-tent\/","title":{"rendered":"Carpa emergente de 10x15 pies con marco de aluminio plegable hexagonal de 40 mm"},"content":{"rendered":"","protected":false},"excerpt":{"rendered":"<p>Este toldo emergente tiene un marco m\u00e1s fuerte hecho de una construcci\u00f3n de acero mejorada, con barras de armadura m\u00e1s grandes y una viga transversal reforzada que mide 26 x 13 para mayor resistencia y mejor resistencia al viento. Los pies de acero tienen dos orificios perforados para una mayor estabilidad. El dosel en s\u00ed mide 10 \u00d7 15 pies y proporciona una generosa sombra de 150 pies cuadrados, adecuada para reuniones de 8 a 13 personas. Se puede utilizar tanto en condiciones soleadas como lluviosas. Instalar el dosel es f\u00e1cil, no requiere herramientas y solo toma unos minutos para que una persona lo complete. Los tubos de soporte se pueden ajustar en tres niveles diferentes para mayor versatilidad. El dosel est\u00e1 hecho de poli\u00e9ster 300D con un revestimiento de PU que bloquea aproximadamente 99% de los rayos UV y tiene tiras impermeables. El dosel viene con un conjunto completo de accesorios, que incluye una bolsa con ruedas, sacos de arena, enchufes a tierra, cuerdas de nailon y correas. Estos accesorios, as\u00ed como las piezas de repuesto, est\u00e1n disponibles de por vida.<\/p>\n<div style=\"width: 1280px;\" class=\"wp-video\"><!--[if lt IE 9]><script>document.createElement('video');<\/script><![endif]--><br \/>\n<video class=\"wp-video-shortcode\" id=\"video-704-1\" width=\"1280\" height=\"720\" loop autoplay preload=\"auto\" controls=\"controls\"><source type=\"video\/mp4\" src=\"http:\/\/cmykprinted.com\/wp-content\/uploads\/2022\/12\/10x15ft-Pop-up-Tent.mp4?_=1\" \/><a href=\"http:\/\/cmykprinted.com\/wp-content\/uploads\/2022\/12\/10x15ft-Pop-up-Tent.mp4\">http:\/\/cmykprinted.com\/wp-content\/uploads\/2022\/12\/10x15ft-Pop-up-Tent.mp4<\/a><\/video><\/div>","protected":false},"featured_media":705,"template":"","meta":{"_kad_post_transparent":"default","_kad_post_title":"hide","_kad_post_layout":"fullwidth","_kad_post_sidebar_id":"","_kad_post_content_style":"unboxed","_kad_post_vertical_padding":"hide","_kad_post_feature":"hide","_kad_post_feature_position":"","_kad_post_header":false,"_kad_post_footer":false},"product_cat":[68,71,69],"product_tag":[179,180,182,181],"class_list":{"0":"post-704","1":"product","2":"type-product","3":"status-publish","4":"has-post-thumbnail","6":"product_cat-custom-canopy-tents","7":"product_cat-10x15ft-pop-up-tents","8":"product_cat-40mm-hexagon-aluminum-tents","9":"product_tag-10x15ft-pop-up-tent","10":"product_tag-40mm-hexagonal-pop-up-tent","11":"product_tag-aluminum-frame-pop-up-tent","12":"product_tag-folding-pop-up-tent","14":"first","15":"instock","16":"shipping-taxable","17":"product-type-simple","18":"entry","19":"content-bg","20":"loop-entry"},"_links":{"self":[{"href":"https:\/\/cmykprinted.com\/es\/wp-json\/wp\/v2\/product\/704","targetHints":{"allow":["GET"]}}],"collection":[{"href":"https:\/\/cmykprinted.com\/es\/wp-json\/wp\/v2\/product"}],"about":[{"href":"https:\/\/cmykprinted.com\/es\/wp-json\/wp\/v2\/types\/product"}],"version-history":[{"count":3,"href":"https:\/\/cmykprinted.com\/es\/wp-json\/wp\/v2\/product\/704\/revisions"}],"predecessor-version":[{"id":714,"href":"https:\/\/cmykprinted.com\/es\/wp-json\/wp\/v2\/product\/704\/revisions\/714"}],"wp:featuredmedia":[{"embeddable":true,"href":"https:\/\/cmykprinted.com\/es\/wp-json\/wp\/v2\/media\/705"}],"wp:attachment":[{"href":"https:\/\/cmykprinted.com\/es\/wp-json\/wp\/v2\/media?parent=704"}],"wp:term":[{"taxonomy":"product_cat","embeddable":true,"href":"https:\/\/cmykprinted.com\/es\/wp-json\/wp\/v2\/product_cat?post=704"},{"taxonomy":"product_tag","embeddable":true,"href":"https:\/\/cmykprinted.com\/es\/wp-json\/wp\/v2\/product_tag?post=704"}],"curies":[{"name":"wp","href":"https:\/\/api.w.org\/{rel}","templated":true}]}}