{"id":733,"date":"2022-12-30T03:56:29","date_gmt":"2022-12-30T03:56:29","guid":{"rendered":"https:\/\/cmykprinted.com\/?post_type=product&#038;p=733"},"modified":"2022-12-30T04:21:48","modified_gmt":"2022-12-30T04:21:48","slug":"promotional-triangle-pop-up-banners-a-frame-pop-out-banners","status":"publish","type":"product","link":"https:\/\/cmykprinted.com\/es\/producto\/promotional-triangle-pop-up-banners-a-frame-pop-out-banners\/","title":{"rendered":"Banners emergentes triangulares promocionales Banners emergentes con marco en A"},"content":{"rendered":"","protected":false},"excerpt":{"rendered":"<p>Los banners emergentes triangulares son una forma vers\u00e1til y llamativa de promocionar su negocio o marca. Est\u00e1n dise\u00f1ados para montarse y desmontarse f\u00e1cilmente, lo que los hace perfectos para su uso en ferias comerciales, conferencias y otros eventos. Confeccionados con tela de piel de melocot\u00f3n duradera, estos carteles son livianos y f\u00e1ciles de transportar, y vienen con una pr\u00e1ctica bolsa de transporte para guardarlos.<br \/>\nAdem\u00e1s de ser f\u00e1ciles de usar, nuestros banners emergentes triangulares tambi\u00e9n son muy efectivos para llamar la atenci\u00f3n. Ya sea que desee anunciar el lanzamiento de un nuevo producto, una venta o un pr\u00f3ximo evento, estos banners son una excelente manera de lograr que las personas se interesen en su negocio. Se pueden usar tanto en interiores como en exteriores, y sus herrajes de acero para resortes y clavijas los hacen f\u00e1ciles de armar y desarmar.<br \/>\nSi est\u00e1 buscando una manera de llevar la publicidad de su negocio al siguiente nivel, considere invertir en un banner emergente triangular. Son una excelente manera de llamar la atenci\u00f3n sobre su negocio y causar una impresi\u00f3n duradera en los clientes potenciales. Y con nuestro completo manual de instalaci\u00f3n, tendr\u00e1 todo lo que necesita para instalar y retirar su banner con facilidad. Por lo tanto, estos carteles son la opci\u00f3n perfecta para cualquier empresa que busque causar sensaci\u00f3n en su pr\u00f3ximo evento o conferencia.<\/p>\n<div style=\"width: 1280px;\" class=\"wp-video\"><!--[if lt IE 9]><script>document.createElement('video');<\/script><![endif]--><br \/>\n<video class=\"wp-video-shortcode\" id=\"video-733-1\" width=\"1280\" height=\"720\" loop autoplay preload=\"metadata\" controls=\"controls\"><source type=\"video\/mp4\" src=\"http:\/\/cmykprinted.com\/wp-content\/uploads\/2022\/12\/Triangle-Pop-Up-Banners.mp4?_=1\" \/><a href=\"http:\/\/cmykprinted.com\/wp-content\/uploads\/2022\/12\/Triangle-Pop-Up-Banners.mp4\">http:\/\/cmykprinted.com\/wp-content\/uploads\/2022\/12\/Triangle-Pop-Up-Banners.mp4<\/a><\/video><\/div>","protected":false},"featured_media":734,"template":"","meta":{"_kad_post_transparent":"default","_kad_post_title":"hide","_kad_post_layout":"fullwidth","_kad_post_sidebar_id":"","_kad_post_content_style":"unboxed","_kad_post_vertical_padding":"hide","_kad_post_feature":"hide","_kad_post_feature_position":"","_kad_post_header":false,"_kad_post_footer":false},"product_cat":[92,95],"product_tag":[193,194,128,195,192],"class_list":{"0":"post-733","1":"product","2":"type-product","3":"status-publish","4":"has-post-thumbnail","6":"product_cat-pop-up-banners","7":"product_cat-triangle-pop-up-banners","8":"product_tag-a-frame-pop-out-banners","9":"product_tag-pop-out-banners","10":"product_tag-pop-up-banner","11":"product_tag-promotional-pop-up-banners","12":"product_tag-triangle-pop-up-banner","14":"first","15":"instock","16":"shipping-taxable","17":"product-type-simple","18":"entry","19":"content-bg","20":"loop-entry"},"_links":{"self":[{"href":"https:\/\/cmykprinted.com\/es\/wp-json\/wp\/v2\/product\/733","targetHints":{"allow":["GET"]}}],"collection":[{"href":"https:\/\/cmykprinted.com\/es\/wp-json\/wp\/v2\/product"}],"about":[{"href":"https:\/\/cmykprinted.com\/es\/wp-json\/wp\/v2\/types\/product"}],"version-history":[{"count":3,"href":"https:\/\/cmykprinted.com\/es\/wp-json\/wp\/v2\/product\/733\/revisions"}],"predecessor-version":[{"id":743,"href":"https:\/\/cmykprinted.com\/es\/wp-json\/wp\/v2\/product\/733\/revisions\/743"}],"wp:featuredmedia":[{"embeddable":true,"href":"https:\/\/cmykprinted.com\/es\/wp-json\/wp\/v2\/media\/734"}],"wp:attachment":[{"href":"https:\/\/cmykprinted.com\/es\/wp-json\/wp\/v2\/media?parent=733"}],"wp:term":[{"taxonomy":"product_cat","embeddable":true,"href":"https:\/\/cmykprinted.com\/es\/wp-json\/wp\/v2\/product_cat?post=733"},{"taxonomy":"product_tag","embeddable":true,"href":"https:\/\/cmykprinted.com\/es\/wp-json\/wp\/v2\/product_tag?post=733"}],"curies":[{"name":"wp","href":"https:\/\/api.w.org\/{rel}","templated":true}]}}