{"id":744,"date":"2022-12-30T08:55:17","date_gmt":"2022-12-30T08:55:17","guid":{"rendered":"https:\/\/cmykprinted.com\/?post_type=product&#038;p=744"},"modified":"2022-12-30T12:44:27","modified_gmt":"2022-12-30T12:44:27","slug":"straight-tension-fabric-backdrop-media-wall-wholesale-price","status":"publish","type":"product","link":"https:\/\/cmykprinted.com\/es\/producto\/straight-tension-fabric-backdrop-media-wall-wholesale-price\/","title":{"rendered":"Tela de tensi\u00f3n recta para tel\u00f3n de fondo de pared multimedia a precio mayorista"},"content":{"rendered":"","protected":false},"excerpt":{"rendered":"<p>Nuestro tel\u00f3n de fondo de tela de tensi\u00f3n recta m\u00e1s vendido es vers\u00e1til y adecuado para una variedad de prop\u00f3sitos, incluido el uso como fondo de estudio, fondo de escenario o evento, fondo de fotomat\u00f3n, fondo de conferencia de prensa, fondo de ceremonia de premiaci\u00f3n y fondo de alfombra roja. Con la opci\u00f3n de incluir dos dise\u00f1os diferentes en el mismo banner, puede maximizar su valor y comodidad de transporte. El fondo de tela el\u00e1stica est\u00e1 hecho de poli\u00e9ster resistente y flexible 100% lavable a m\u00e1quina, impreso con nuestro proceso de impresi\u00f3n de tela personalizado, lo que garantiza que su dise\u00f1o permanecer\u00e1 vibrante y claro incluso despu\u00e9s de m\u00faltiples lavados y en cualquier condici\u00f3n clim\u00e1tica. Nuestro proceso de impresi\u00f3n tambi\u00e9n es eco-solvente, utilizando solventes totalmente naturales y biodegradables que son menos agresivos y m\u00e1s seguros para el cuerpo. El marco de aluminio liviano y fuerte est\u00e1 dise\u00f1ado para soportar el estiramiento de la tela durante un per\u00edodo prolongado de tiempo, y viene con tubos de cierre a presi\u00f3n para una configuraci\u00f3n f\u00e1cil y r\u00e1pida sin necesidad de herramientas adicionales. El soporte se puede ajustar a su tama\u00f1o preferido y viene con un podio de estuche r\u00edgido con ruedas para facilitar el transporte. El tel\u00f3n de fondo de tela de tensi\u00f3n recta se env\u00eda en un plazo de cuatro a cinco d\u00edas h\u00e1biles sin costo alguno.<\/p>\n<div style=\"width: 1280px;\" class=\"wp-video\"><!--[if lt IE 9]><script>document.createElement('video');<\/script><![endif]--><br \/>\n<video class=\"wp-video-shortcode\" id=\"video-744-1\" width=\"1280\" height=\"720\" loop autoplay preload=\"auto\" controls=\"controls\"><source type=\"video\/mp4\" src=\"http:\/\/cmykprinted.com\/wp-content\/uploads\/2022\/12\/Straight-Tension-Fabric-Backdrop.mp4?_=1\" \/><a href=\"http:\/\/cmykprinted.com\/wp-content\/uploads\/2022\/12\/Straight-Tension-Fabric-Backdrop.mp4\">http:\/\/cmykprinted.com\/wp-content\/uploads\/2022\/12\/Straight-Tension-Fabric-Backdrop.mp4<\/a><\/video><\/div>","protected":false},"featured_media":745,"template":"","meta":{"_kad_post_transparent":"default","_kad_post_title":"hide","_kad_post_layout":"fullwidth","_kad_post_sidebar_id":"","_kad_post_content_style":"unboxed","_kad_post_vertical_padding":"hide","_kad_post_feature":"hide","_kad_post_feature_position":"","_kad_post_header":false,"_kad_post_footer":false},"product_cat":[97,100],"product_tag":[196,197,198],"class_list":{"0":"post-744","1":"product","2":"type-product","3":"status-publish","4":"has-post-thumbnail","6":"product_cat-tension-fabric-displays","7":"product_cat-straight-tension-fabric-backdrop","8":"product_tag-straight-tension-fabric-backdrop","9":"product_tag-tension-fabric-backdrop","10":"product_tag-tension-fabric-media-wall","12":"first","13":"instock","14":"shipping-taxable","15":"product-type-simple","16":"entry","17":"content-bg","18":"loop-entry"},"_links":{"self":[{"href":"https:\/\/cmykprinted.com\/es\/wp-json\/wp\/v2\/product\/744","targetHints":{"allow":["GET"]}}],"collection":[{"href":"https:\/\/cmykprinted.com\/es\/wp-json\/wp\/v2\/product"}],"about":[{"href":"https:\/\/cmykprinted.com\/es\/wp-json\/wp\/v2\/types\/product"}],"version-history":[{"count":4,"href":"https:\/\/cmykprinted.com\/es\/wp-json\/wp\/v2\/product\/744\/revisions"}],"predecessor-version":[{"id":750,"href":"https:\/\/cmykprinted.com\/es\/wp-json\/wp\/v2\/product\/744\/revisions\/750"}],"wp:featuredmedia":[{"embeddable":true,"href":"https:\/\/cmykprinted.com\/es\/wp-json\/wp\/v2\/media\/745"}],"wp:attachment":[{"href":"https:\/\/cmykprinted.com\/es\/wp-json\/wp\/v2\/media?parent=744"}],"wp:term":[{"taxonomy":"product_cat","embeddable":true,"href":"https:\/\/cmykprinted.com\/es\/wp-json\/wp\/v2\/product_cat?post=744"},{"taxonomy":"product_tag","embeddable":true,"href":"https:\/\/cmykprinted.com\/es\/wp-json\/wp\/v2\/product_tag?post=744"}],"curies":[{"name":"wp","href":"https:\/\/api.w.org\/{rel}","templated":true}]}}