{"id":791,"date":"2022-12-31T06:57:00","date_gmt":"2022-12-31T06:57:00","guid":{"rendered":"https:\/\/cmykprinted.com\/?post_type=product&#038;p=791"},"modified":"2022-12-31T07:06:35","modified_gmt":"2022-12-31T07:06:35","slug":"wall-mounted-promotional-flags-end-sign-flags-custom-printed","status":"publish","type":"product","link":"https:\/\/cmykprinted.com\/es\/producto\/wall-mounted-promotional-flags-end-sign-flags-custom-printed\/","title":{"rendered":"Las banderas promocionales montadas en la pared terminan la aduana de las banderas de la muestra impresa"},"content":{"rendered":"","protected":false},"excerpt":{"rendered":"<p>Nuestras banderas promocionales montadas en la pared est\u00e1n impresas en material de PVC resistente y resistente y tratadas con tinta UV para una larga vida \u00fatil al aire libre. Estas banderas, que miden 430 mm de ancho, 355 mm por un lado y 560 mm por el otro, est\u00e1n construidas con PVC blanco fuerte pero flexible y cuentan con un m\u00e1stil de 750 mm de largo. El casquillo c\u00f3nico garantiza un agarre seguro en el asta y evita que la bandera se pierda en condiciones de viento. Estas banderas se pueden atornillar f\u00e1cilmente a las paredes y vienen con un kit que incluye un soporte de polipropileno, un poste de PVC, un remate y un collar. Tambi\u00e9n ofrecemos &#039;Banderas de exhibici\u00f3n&#039; simples hechas de PVC de bloque ligero reforzado de 780 g\/m\u00b2 que son adecuadas para la aplicaci\u00f3n de vinilo y se pueden imprimir a pedido. Tambi\u00e9n hay disponibles banderas con formas personalizadas. Todas nuestras banderas est\u00e1n hechas con medios s\u00faper resistentes y costuras de poli\u00e9ster de grado marino para el mejor rendimiento al aire libre.<\/p>","protected":false},"featured_media":792,"template":"","meta":{"_kad_post_transparent":"default","_kad_post_title":"hide","_kad_post_layout":"fullwidth","_kad_post_sidebar_id":"","_kad_post_content_style":"unboxed","_kad_post_vertical_padding":"hide","_kad_post_feature":"hide","_kad_post_feature_position":"","_kad_post_header":false,"_kad_post_footer":false},"product_cat":[79],"product_tag":[215,213,214,212],"class_list":{"0":"post-791","1":"product","2":"type-product","3":"status-publish","4":"has-post-thumbnail","6":"product_cat-custom-flags","7":"product_tag-custom-promotional-flags","8":"product_tag-end-sign-flags","9":"product_tag-promotional-flags","10":"product_tag-wall-mounted-promotional-flags","12":"first","13":"instock","14":"shipping-taxable","15":"product-type-simple","16":"entry","17":"content-bg","18":"loop-entry"},"_links":{"self":[{"href":"https:\/\/cmykprinted.com\/es\/wp-json\/wp\/v2\/product\/791","targetHints":{"allow":["GET"]}}],"collection":[{"href":"https:\/\/cmykprinted.com\/es\/wp-json\/wp\/v2\/product"}],"about":[{"href":"https:\/\/cmykprinted.com\/es\/wp-json\/wp\/v2\/types\/product"}],"version-history":[{"count":3,"href":"https:\/\/cmykprinted.com\/es\/wp-json\/wp\/v2\/product\/791\/revisions"}],"predecessor-version":[{"id":799,"href":"https:\/\/cmykprinted.com\/es\/wp-json\/wp\/v2\/product\/791\/revisions\/799"}],"wp:featuredmedia":[{"embeddable":true,"href":"https:\/\/cmykprinted.com\/es\/wp-json\/wp\/v2\/media\/792"}],"wp:attachment":[{"href":"https:\/\/cmykprinted.com\/es\/wp-json\/wp\/v2\/media?parent=791"}],"wp:term":[{"taxonomy":"product_cat","embeddable":true,"href":"https:\/\/cmykprinted.com\/es\/wp-json\/wp\/v2\/product_cat?post=791"},{"taxonomy":"product_tag","embeddable":true,"href":"https:\/\/cmykprinted.com\/es\/wp-json\/wp\/v2\/product_tag?post=791"}],"curies":[{"name":"wp","href":"https:\/\/api.w.org\/{rel}","templated":true}]}}