{"id":818,"date":"2022-12-31T14:04:19","date_gmt":"2022-12-31T14:04:19","guid":{"rendered":"https:\/\/cmykprinted.com\/?post_type=product&#038;p=818"},"modified":"2022-12-31T14:16:24","modified_gmt":"2022-12-31T14:16:24","slug":"vertical-pop-up-banners-for-promotional-outdoor-advertising","status":"publish","type":"product","link":"https:\/\/cmykprinted.com\/es\/producto\/vertical-pop-up-banners-for-promotional-outdoor-advertising\/","title":{"rendered":"Banners verticales emergentes para publicidad promocional exterior"},"content":{"rendered":"","protected":false},"excerpt":{"rendered":"<p>Los banners emergentes verticales son una excelente alternativa a los dise\u00f1os tradicionales de marco en A, ya que ofrecen una superficie mucho m\u00e1s imprimible. Estos carteles est\u00e1n dise\u00f1ados para que sean f\u00e1ciles de transportar, instalar y desmontar, lo que los convierte en una opci\u00f3n conveniente para eventos, ferias comerciales y otras ocasiones. Tambi\u00e9n son adecuados para uso en interiores y exteriores, y vienen con cuatro puntas de tierra para mayor estabilidad.<br \/>\nUno de los beneficios clave de los banners emergentes verticales es que son una unidad de una sola pieza, lo que significa que el stand y el gr\u00e1fico se combinan en una sola unidad. Esto los hace f\u00e1ciles de mover y transportar, ya que no tiene que preocuparse por las piezas separadas. El gr\u00e1fico en s\u00ed est\u00e1 impreso en una tela de poli\u00e9ster satinado de alta calidad, que es suave, duradera y f\u00e1cil de doblar para el env\u00edo.<br \/>\nHay una variedad de tama\u00f1os disponibles en cada configuraci\u00f3n, para que pueda elegir el que mejor se adapte a sus necesidades. Adem\u00e1s, siempre se incluye una bolsa de transporte personalizada, lo que facilita el almacenamiento y el transporte de su pancarta de un evento a otro. En general, los banners emergentes verticales son una forma vers\u00e1til, conveniente y efectiva de mostrar su marca o mensaje a lo grande.<\/p>\n<div style=\"width: 1290px;\" class=\"wp-video\"><!--[if lt IE 9]><script>document.createElement('video');<\/script><![endif]--><br \/>\n<video class=\"wp-video-shortcode\" id=\"video-818-1\" width=\"1290\" height=\"726\" loop autoplay preload=\"auto\" controls=\"controls\"><source type=\"video\/mp4\" src=\"http:\/\/cmykprinted.com\/wp-content\/uploads\/2022\/12\/horizontal-pop-up-banners.mp4?_=1\" \/><a href=\"http:\/\/cmykprinted.com\/wp-content\/uploads\/2022\/12\/horizontal-pop-up-banners.mp4\">http:\/\/cmykprinted.com\/wp-content\/uploads\/2022\/12\/horizontal-pop-up-banners.mp4<\/a><\/video><\/div>\n<p>&nbsp;<\/p>","protected":false},"featured_media":819,"template":"","meta":{"_kad_post_transparent":"default","_kad_post_title":"hide","_kad_post_layout":"fullwidth","_kad_post_sidebar_id":"","_kad_post_content_style":"unboxed","_kad_post_vertical_padding":"hide","_kad_post_feature":"hide","_kad_post_feature_position":"","_kad_post_header":false,"_kad_post_footer":false},"product_cat":[92,96],"product_tag":[224,167,225,166,195,223],"class_list":{"0":"post-818","1":"product","2":"type-product","3":"status-publish","4":"has-post-thumbnail","6":"product_cat-pop-up-banners","7":"product_cat-vertical-pop-up-banners","8":"product_tag-advertising-pop-up-banners","9":"product_tag-custom-pop-up-banners","10":"product_tag-outdoor-pop-up-banners","11":"product_tag-pop-up-banners","12":"product_tag-promotional-pop-up-banners","13":"product_tag-vertical-pop-up-banners","15":"first","16":"instock","17":"shipping-taxable","18":"product-type-simple","19":"entry","20":"content-bg","21":"loop-entry"},"_links":{"self":[{"href":"https:\/\/cmykprinted.com\/es\/wp-json\/wp\/v2\/product\/818","targetHints":{"allow":["GET"]}}],"collection":[{"href":"https:\/\/cmykprinted.com\/es\/wp-json\/wp\/v2\/product"}],"about":[{"href":"https:\/\/cmykprinted.com\/es\/wp-json\/wp\/v2\/types\/product"}],"version-history":[{"count":1,"href":"https:\/\/cmykprinted.com\/es\/wp-json\/wp\/v2\/product\/818\/revisions"}],"predecessor-version":[{"id":825,"href":"https:\/\/cmykprinted.com\/es\/wp-json\/wp\/v2\/product\/818\/revisions\/825"}],"wp:featuredmedia":[{"embeddable":true,"href":"https:\/\/cmykprinted.com\/es\/wp-json\/wp\/v2\/media\/819"}],"wp:attachment":[{"href":"https:\/\/cmykprinted.com\/es\/wp-json\/wp\/v2\/media?parent=818"}],"wp:term":[{"taxonomy":"product_cat","embeddable":true,"href":"https:\/\/cmykprinted.com\/es\/wp-json\/wp\/v2\/product_cat?post=818"},{"taxonomy":"product_tag","embeddable":true,"href":"https:\/\/cmykprinted.com\/es\/wp-json\/wp\/v2\/product_tag?post=818"}],"curies":[{"name":"wp","href":"https:\/\/api.w.org\/{rel}","templated":true}]}}