{"id":842,"date":"2023-01-01T06:44:35","date_gmt":"2023-01-01T06:44:35","guid":{"rendered":"https:\/\/cmykprinted.com\/?post_type=product&#038;p=842"},"modified":"2023-01-01T06:50:35","modified_gmt":"2023-01-01T06:50:35","slug":"rectangle-flag-banners-with-custom-printing-fast-delivery","status":"publish","type":"product","link":"https:\/\/cmykprinted.com\/es\/producto\/rectangle-flag-banners-with-custom-printing-fast-delivery\/","title":{"rendered":"Banderas rectangulares con impresi\u00f3n personalizada y entrega r\u00e1pida"},"content":{"rendered":"","protected":false},"excerpt":{"rendered":"<p>Si est\u00e1 buscando tener un gran impacto con su pr\u00f3xima promoci\u00f3n o evento, considere la posibilidad de imprimir banderines rectangulares personalizados con su logotipo o dise\u00f1o de su elecci\u00f3n. Estos carteles est\u00e1n disponibles en tres tama\u00f1os: 5 pies, 8 pies o 11 pies, para que pueda elegir la opci\u00f3n que mejor se adapte a sus necesidades. Cuando se alinean varias banderas en una fila, crean una exhibici\u00f3n enorme y visualmente impresionante que le dar\u00e1 un ambiente limpio, profesional y emocionante a su evento.<br \/>\nUna de las mejores cosas de estos banners rectangulares es que la impresi\u00f3n personalizada en el anverso es visible en el reverso en formato de imagen especular. Esto significa que puede usarlos en una variedad de configuraciones y a\u00fan as\u00ed mostrar su mensaje de manera destacada. Adem\u00e1s, la impresi\u00f3n a doble cara est\u00e1 disponible para quienes deseen transmitir mensajes duales.<br \/>\nComenzar con su banner rectangular personalizado es f\u00e1cil: simplemente cargue su logotipo o dise\u00f1o siguiendo las instrucciones anteriores, o descargue la plantilla de arte a continuaci\u00f3n y cree su propio archivo para cargar y pagar. Con nuestra impresi\u00f3n de alta calidad y atenci\u00f3n al detalle, puede estar seguro de que su bandera rectangular causar\u00e1 una impresi\u00f3n duradera en su audiencia.<\/p>\n<div style=\"width: 1280px;\" class=\"wp-video\"><!--[if lt IE 9]><script>document.createElement('video');<\/script><![endif]--><br \/>\n<video class=\"wp-video-shortcode\" id=\"video-842-1\" width=\"1280\" height=\"720\" loop autoplay preload=\"metadata\" controls=\"controls\"><source type=\"video\/mp4\" src=\"http:\/\/cmykprinted.com\/wp-content\/uploads\/2022\/12\/Feather-beach-flags.mp4?_=1\" \/><a href=\"http:\/\/cmykprinted.com\/wp-content\/uploads\/2022\/12\/Feather-beach-flags.mp4\">http:\/\/cmykprinted.com\/wp-content\/uploads\/2022\/12\/Feather-beach-flags.mp4<\/a><\/video><\/div>","protected":false},"featured_media":843,"template":"","meta":{"_kad_post_transparent":"default","_kad_post_title":"hide","_kad_post_layout":"fullwidth","_kad_post_sidebar_id":"","_kad_post_content_style":"unboxed","_kad_post_vertical_padding":"hide","_kad_post_feature":"hide","_kad_post_feature_position":"","_kad_post_header":false,"_kad_post_footer":false},"product_cat":[64,66],"product_tag":[236,235,234],"class_list":{"0":"post-842","1":"product","2":"type-product","3":"status-publish","4":"has-post-thumbnail","6":"product_cat-beach-flags","7":"product_cat-rectangular-flags-banners","8":"product_tag-custom-rectangle-banners","9":"product_tag-custom-rectangle-flag","10":"product_tag-rectangle-flag-banners","12":"first","13":"instock","14":"shipping-taxable","15":"product-type-simple","16":"entry","17":"content-bg","18":"loop-entry"},"_links":{"self":[{"href":"https:\/\/cmykprinted.com\/es\/wp-json\/wp\/v2\/product\/842","targetHints":{"allow":["GET"]}}],"collection":[{"href":"https:\/\/cmykprinted.com\/es\/wp-json\/wp\/v2\/product"}],"about":[{"href":"https:\/\/cmykprinted.com\/es\/wp-json\/wp\/v2\/types\/product"}],"version-history":[{"count":1,"href":"https:\/\/cmykprinted.com\/es\/wp-json\/wp\/v2\/product\/842\/revisions"}],"predecessor-version":[{"id":848,"href":"https:\/\/cmykprinted.com\/es\/wp-json\/wp\/v2\/product\/842\/revisions\/848"}],"wp:featuredmedia":[{"embeddable":true,"href":"https:\/\/cmykprinted.com\/es\/wp-json\/wp\/v2\/media\/843"}],"wp:attachment":[{"href":"https:\/\/cmykprinted.com\/es\/wp-json\/wp\/v2\/media?parent=842"}],"wp:term":[{"taxonomy":"product_cat","embeddable":true,"href":"https:\/\/cmykprinted.com\/es\/wp-json\/wp\/v2\/product_cat?post=842"},{"taxonomy":"product_tag","embeddable":true,"href":"https:\/\/cmykprinted.com\/es\/wp-json\/wp\/v2\/product_tag?post=842"}],"curies":[{"name":"wp","href":"https:\/\/api.w.org\/{rel}","templated":true}]}}