{"id":858,"date":"2023-01-01T07:50:37","date_gmt":"2023-01-01T07:50:37","guid":{"rendered":"https:\/\/cmykprinted.com\/?post_type=product&#038;p=858"},"modified":"2023-01-01T07:57:12","modified_gmt":"2023-01-01T07:57:12","slug":"custom-branded-promotional-hand-held-stick-flags-printing","status":"publish","type":"product","link":"https:\/\/cmykprinted.com\/es\/producto\/custom-branded-promotional-hand-held-stick-flags-printing\/","title":{"rendered":"Impresi\u00f3n de banderas de palo de mano promocionales de marca personalizada"},"content":{"rendered":"","protected":false},"excerpt":{"rendered":"<p>Las banderas de mano son una opci\u00f3n popular para las empresas y organizaciones que buscan aumentar la visibilidad de la marca e interactuar con su p\u00fablico objetivo en desfiles, eventos deportivos y otras reuniones al aire libre. Estas banderas son particularmente populares entre los ni\u00f1os y otros asistentes que disfrutan ondearlas y mostrar su apoyo a una causa o equipo en particular.<br \/>\nUno de los puntos clave de venta de las banderas de mano es la gran \u00e1rea de marca, que permite a las empresas utilizar cada mil\u00edmetro del espacio mostrado, excepto la franja blanca alrededor del palo montado. Esto brinda un amplio espacio para que las empresas muestren su identidad de marca, logotipo y mensaje, asegurando que sean vistos por una audiencia amplia y receptiva.<br \/>\nAdem\u00e1s de ser una herramienta de marketing eficaz, las banderas de mano tambi\u00e9n son una opci\u00f3n asequible para las empresas y organizaciones que buscan promocionar su marca. Est\u00e1n hechos de materiales duraderos, como poli\u00e9ster o nailon, y cuentan con un palo de madera o pl\u00e1stico para agitarlos f\u00e1cilmente. Estas banderas son livianas y f\u00e1ciles de transportar, lo que las convierte en una opci\u00f3n pr\u00e1ctica para eventos al aire libre.<br \/>\nEn general, las banderas de mano son una herramienta de marketing interactiva y rentable que se puede utilizar para promover una identidad de marca y aumentar la visibilidad en una variedad de eventos.<\/p>\n<div style=\"width: 1290px;\" class=\"wp-video\"><!--[if lt IE 9]><script>document.createElement('video');<\/script><![endif]--><br \/>\n<video class=\"wp-video-shortcode\" id=\"video-858-1\" width=\"1290\" height=\"726\" loop autoplay preload=\"auto\" controls=\"controls\"><source type=\"video\/mp4\" src=\"http:\/\/cmykprinted.com\/wp-content\/uploads\/2022\/12\/Custom-Printed-Hand-Flags.mp4?_=1\" \/><a href=\"http:\/\/cmykprinted.com\/wp-content\/uploads\/2022\/12\/Custom-Printed-Hand-Flags.mp4\">http:\/\/cmykprinted.com\/wp-content\/uploads\/2022\/12\/Custom-Printed-Hand-Flags.mp4<\/a><\/video><\/div>\n<p>&nbsp;<\/p>","protected":false},"featured_media":859,"template":"","meta":{"_kad_post_transparent":"default","_kad_post_title":"hide","_kad_post_layout":"fullwidth","_kad_post_sidebar_id":"","_kad_post_content_style":"unboxed","_kad_post_vertical_padding":"hide","_kad_post_feature":"hide","_kad_post_feature_position":"","_kad_post_header":false,"_kad_post_footer":false},"product_cat":[79],"product_tag":[153,243,241,242],"class_list":{"0":"post-858","1":"product","2":"type-product","3":"status-publish","4":"has-post-thumbnail","6":"product_cat-custom-flags","7":"product_tag-custom-hand-flags","8":"product_tag-hand-flags-printing","9":"product_tag-hand-held-stick-flags","10":"product_tag-promotional-hand-flags","12":"first","13":"instock","14":"shipping-taxable","15":"product-type-simple","16":"entry","17":"content-bg","18":"loop-entry"},"_links":{"self":[{"href":"https:\/\/cmykprinted.com\/es\/wp-json\/wp\/v2\/product\/858","targetHints":{"allow":["GET"]}}],"collection":[{"href":"https:\/\/cmykprinted.com\/es\/wp-json\/wp\/v2\/product"}],"about":[{"href":"https:\/\/cmykprinted.com\/es\/wp-json\/wp\/v2\/types\/product"}],"version-history":[{"count":2,"href":"https:\/\/cmykprinted.com\/es\/wp-json\/wp\/v2\/product\/858\/revisions"}],"predecessor-version":[{"id":865,"href":"https:\/\/cmykprinted.com\/es\/wp-json\/wp\/v2\/product\/858\/revisions\/865"}],"wp:featuredmedia":[{"embeddable":true,"href":"https:\/\/cmykprinted.com\/es\/wp-json\/wp\/v2\/media\/859"}],"wp:attachment":[{"href":"https:\/\/cmykprinted.com\/es\/wp-json\/wp\/v2\/media?parent=858"}],"wp:term":[{"taxonomy":"product_cat","embeddable":true,"href":"https:\/\/cmykprinted.com\/es\/wp-json\/wp\/v2\/product_cat?post=858"},{"taxonomy":"product_tag","embeddable":true,"href":"https:\/\/cmykprinted.com\/es\/wp-json\/wp\/v2\/product_tag?post=858"}],"curies":[{"name":"wp","href":"https:\/\/api.w.org\/{rel}","templated":true}]}}