{"id":884,"date":"2023-01-01T12:57:04","date_gmt":"2023-01-01T12:57:04","guid":{"rendered":"https:\/\/cmykprinted.com\/?post_type=product&#038;p=884"},"modified":"2023-01-01T13:07:05","modified_gmt":"2023-01-01T13:07:05","slug":"portable-advertising-a-frame-round-pop-up-banners-stand","status":"publish","type":"product","link":"https:\/\/cmykprinted.com\/es\/producto\/portable-advertising-a-frame-round-pop-up-banners-stand\/","title":{"rendered":"Banners publicitarios port\u00e1tiles con estructura en forma de A y soportes redondos desplegables"},"content":{"rendered":"","protected":false},"excerpt":{"rendered":"<p>Las pancartas emergentes redondas ofrecen una opci\u00f3n \u00fanica que ahorra espacio para exhibiciones en las aceras. Estas pancartas est\u00e1n impresas con sublimaci\u00f3n de tinta, un m\u00e9todo de impresi\u00f3n que garantiza resultados duraderos y duraderos, incluso cuando se exponen a la luz solar directa. El uso de un marco de acero hace que estas pancartas sean livianas y robustas, y vienen completas con clavijas que se pueden usar para fijar la pancarta al suelo si se desea. Estos banners emergentes son vers\u00e1tiles y se pueden usar tanto en interiores como en exteriores, lo que los convierte en una excelente opci\u00f3n para una variedad de eventos y ubicaciones, como eventos deportivos, torneos, festivales, estaciones de esqu\u00ed y m\u00e1s. Son una opci\u00f3n ideal para cualquier persona que busque hacer una declaraci\u00f3n y destacarse en un entorno abarrotado y ocupado.<\/p>\n<div style=\"width: 1280px;\" class=\"wp-video\"><!--[if lt IE 9]><script>document.createElement('video');<\/script><![endif]--><br \/>\n<video class=\"wp-video-shortcode\" id=\"video-884-1\" width=\"1280\" height=\"720\" loop autoplay preload=\"metadata\" controls=\"controls\"><source type=\"video\/mp4\" src=\"http:\/\/cmykprinted.com\/wp-content\/uploads\/2022\/12\/Triangle-Pop-Up-Banners.mp4?_=1\" \/><a href=\"http:\/\/cmykprinted.com\/wp-content\/uploads\/2022\/12\/Triangle-Pop-Up-Banners.mp4\">http:\/\/cmykprinted.com\/wp-content\/uploads\/2022\/12\/Triangle-Pop-Up-Banners.mp4<\/a><\/video><\/div>","protected":false},"featured_media":885,"template":"","meta":{"_kad_post_transparent":"default","_kad_post_title":"hide","_kad_post_layout":"fullwidth","_kad_post_sidebar_id":"","_kad_post_content_style":"unboxed","_kad_post_vertical_padding":"hide","_kad_post_feature":"hide","_kad_post_feature_position":"","_kad_post_header":false,"_kad_post_footer":false},"product_cat":[92,93],"product_tag":[248,224,249,247],"class_list":{"0":"post-884","1":"product","2":"type-product","3":"status-publish","4":"has-post-thumbnail","6":"product_cat-pop-up-banners","7":"product_cat-circle-pop-up-banners","8":"product_tag-a-frame-pop-up-banne","9":"product_tag-advertising-pop-up-banners","10":"product_tag-portable-pop-up-banners","11":"product_tag-round-pop-up-banners","13":"first","14":"instock","15":"shipping-taxable","16":"product-type-simple","17":"entry","18":"content-bg","19":"loop-entry"},"_links":{"self":[{"href":"https:\/\/cmykprinted.com\/es\/wp-json\/wp\/v2\/product\/884","targetHints":{"allow":["GET"]}}],"collection":[{"href":"https:\/\/cmykprinted.com\/es\/wp-json\/wp\/v2\/product"}],"about":[{"href":"https:\/\/cmykprinted.com\/es\/wp-json\/wp\/v2\/types\/product"}],"version-history":[{"count":1,"href":"https:\/\/cmykprinted.com\/es\/wp-json\/wp\/v2\/product\/884\/revisions"}],"predecessor-version":[{"id":892,"href":"https:\/\/cmykprinted.com\/es\/wp-json\/wp\/v2\/product\/884\/revisions\/892"}],"wp:featuredmedia":[{"embeddable":true,"href":"https:\/\/cmykprinted.com\/es\/wp-json\/wp\/v2\/media\/885"}],"wp:attachment":[{"href":"https:\/\/cmykprinted.com\/es\/wp-json\/wp\/v2\/media?parent=884"}],"wp:term":[{"taxonomy":"product_cat","embeddable":true,"href":"https:\/\/cmykprinted.com\/es\/wp-json\/wp\/v2\/product_cat?post=884"},{"taxonomy":"product_tag","embeddable":true,"href":"https:\/\/cmykprinted.com\/es\/wp-json\/wp\/v2\/product_tag?post=884"}],"curies":[{"name":"wp","href":"https:\/\/api.w.org\/{rel}","templated":true}]}}