{"id":893,"date":"2023-01-01T13:31:11","date_gmt":"2023-01-01T13:31:11","guid":{"rendered":"https:\/\/cmykprinted.com\/?post_type=product&#038;p=893"},"modified":"2023-01-01T14:17:19","modified_gmt":"2023-01-01T14:17:19","slug":"tension-fabric-displays-with-single-or-double-sided-printing","status":"publish","type":"product","link":"https:\/\/cmykprinted.com\/es\/producto\/tension-fabric-displays-with-single-or-double-sided-printing\/","title":{"rendered":"Expositores de tela tensada con impresi\u00f3n a una o dos caras"},"content":{"rendered":"","protected":false},"excerpt":{"rendered":"<p>Las pantallas de tela tensada son una opci\u00f3n popular para los stands de ferias comerciales y exhibiciones de eventos especiales porque son livianas, f\u00e1ciles de instalar y brindan una apariencia limpia y moderna para su marca. Estas pantallas usan una cubierta de tela ajustada, que est\u00e1 impresa con su obra de arte, estirada sobre un marco liviano para crear una variedad de configuraciones. Algunos tipos comunes de pantallas de tela tensada incluyen soportes para pancartas, pantallas emergentes y pancartas colgantes. Estos sistemas ofrecen una amplia gama de opciones de personalizaci\u00f3n para adaptarse a sus necesidades de marketing \u00fanicas y se pueden desarmar y transportar f\u00e1cilmente a diferentes eventos. Las pantallas de tela tensada pueden ser una forma efectiva de exhibir su marca y su mensaje de una manera profesional y visualmente atractiva.<\/p>\n<div style=\"width: 1290px;\" class=\"wp-video\"><!--[if lt IE 9]><script>document.createElement('video');<\/script><![endif]--><br \/>\n<video class=\"wp-video-shortcode\" id=\"video-893-1\" width=\"1290\" height=\"726\" loop autoplay preload=\"auto\" controls=\"controls\"><source type=\"video\/mp4\" src=\"http:\/\/cmykprinted.com\/wp-content\/uploads\/2022\/12\/Tension-Fabric-Displays.mp4?_=1\" \/><a href=\"http:\/\/cmykprinted.com\/wp-content\/uploads\/2022\/12\/Tension-Fabric-Displays.mp4\">http:\/\/cmykprinted.com\/wp-content\/uploads\/2022\/12\/Tension-Fabric-Displays.mp4<\/a><\/video><\/div>\n<p>&nbsp;<\/p>","protected":false},"featured_media":896,"template":"","meta":{"_kad_post_transparent":"default","_kad_post_title":"hide","_kad_post_layout":"fullwidth","_kad_post_sidebar_id":"","_kad_post_content_style":"unboxed","_kad_post_vertical_padding":"hide","_kad_post_feature":"hide","_kad_post_feature_position":"","_kad_post_header":false,"_kad_post_footer":false},"product_cat":[97,99],"product_tag":[134],"class_list":{"0":"post-893","1":"product","2":"type-product","3":"status-publish","4":"has-post-thumbnail","6":"product_cat-tension-fabric-displays","7":"product_cat-custom-fabric-displays","8":"product_tag-tension-fabric-displays","10":"first","11":"instock","12":"shipping-taxable","13":"product-type-simple","14":"entry","15":"content-bg","16":"loop-entry"},"_links":{"self":[{"href":"https:\/\/cmykprinted.com\/es\/wp-json\/wp\/v2\/product\/893","targetHints":{"allow":["GET"]}}],"collection":[{"href":"https:\/\/cmykprinted.com\/es\/wp-json\/wp\/v2\/product"}],"about":[{"href":"https:\/\/cmykprinted.com\/es\/wp-json\/wp\/v2\/types\/product"}],"version-history":[{"count":2,"href":"https:\/\/cmykprinted.com\/es\/wp-json\/wp\/v2\/product\/893\/revisions"}],"predecessor-version":[{"id":895,"href":"https:\/\/cmykprinted.com\/es\/wp-json\/wp\/v2\/product\/893\/revisions\/895"}],"wp:featuredmedia":[{"embeddable":true,"href":"https:\/\/cmykprinted.com\/es\/wp-json\/wp\/v2\/media\/896"}],"wp:attachment":[{"href":"https:\/\/cmykprinted.com\/es\/wp-json\/wp\/v2\/media?parent=893"}],"wp:term":[{"taxonomy":"product_cat","embeddable":true,"href":"https:\/\/cmykprinted.com\/es\/wp-json\/wp\/v2\/product_cat?post=893"},{"taxonomy":"product_tag","embeddable":true,"href":"https:\/\/cmykprinted.com\/es\/wp-json\/wp\/v2\/product_tag?post=893"}],"curies":[{"name":"wp","href":"https:\/\/api.w.org\/{rel}","templated":true}]}}