{"id":913,"date":"2023-01-13T12:49:09","date_gmt":"2023-01-13T12:49:09","guid":{"rendered":"https:\/\/cmykprinted.com\/?post_type=product&#038;p=913"},"modified":"2023-01-13T12:59:43","modified_gmt":"2023-01-13T12:59:43","slug":"custom-personalized-teardrop-shaped-advertising-flags","status":"publish","type":"product","link":"https:\/\/cmykprinted.com\/es\/producto\/custom-personalized-teardrop-shaped-advertising-flags\/","title":{"rendered":"Banderas publicitarias personalizadas con forma de l\u00e1grima"},"content":{"rendered":"","protected":false},"excerpt":{"rendered":"<p>Las banderolas publicitarias en forma de l\u00e1grima, tambi\u00e9n conocidas como pendones de plumas, son una excelente forma de promocionar tu negocio y captar la atenci\u00f3n de potenciales clientes. Con una variedad de opciones disponibles, nuestras banderas se pueden usar tanto en interiores como en exteriores, lo que las convierte en una opci\u00f3n vers\u00e1til para cualquier negocio.<br \/>\nNuestras banderas vienen con m\u00faltiples opciones de base, incluidas puntas de tierra y bases cruzadas, para garantizar que se puedan colocar en cualquier lugar. Tambi\u00e9n ofrecemos opciones de impresi\u00f3n a una cara y a doble cara, para que su anuncio se pueda ver desde todos los \u00e1ngulos.<br \/>\nNuestras banderas est\u00e1n hechas de duradero 3.24 oz. tejido de poli\u00e9ster y est\u00e1n impresos con tinta resistente a los rayos UV para garantizar que puedan resistir los elementos y durar mucho tiempo. Las banderas tambi\u00e9n son livianas y f\u00e1ciles de transportar, lo que las hace perfectas para eventos y ferias comerciales.<br \/>\nCuando compre uno de nuestros kits de m\u00e1stiles, tambi\u00e9n recibir\u00e1 una bolsa de viaje, lo que facilita el transporte de su bandera a diferentes lugares. Con nuestras banderas de alta calidad y opciones de viaje convenientes, puede estar seguro de que su negocio se ver\u00e1 donde quiera que vaya.<\/p>\n<div style=\"width: 1280px;\" class=\"wp-video\"><!--[if lt IE 9]><script>document.createElement('video');<\/script><![endif]--><br \/>\n<video class=\"wp-video-shortcode\" id=\"video-913-1\" width=\"1280\" height=\"720\" loop autoplay preload=\"metadata\" controls=\"controls\"><source type=\"video\/mp4\" src=\"http:\/\/cmykprinted.com\/wp-content\/uploads\/2022\/12\/Feather-beach-flags.mp4?_=1\" \/><a href=\"http:\/\/cmykprinted.com\/wp-content\/uploads\/2022\/12\/Feather-beach-flags.mp4\">http:\/\/cmykprinted.com\/wp-content\/uploads\/2022\/12\/Feather-beach-flags.mp4<\/a><\/video><\/div>","protected":false},"featured_media":914,"template":"","meta":{"_kad_post_transparent":"default","_kad_post_title":"hide","_kad_post_layout":"fullwidth","_kad_post_sidebar_id":"","_kad_post_content_style":"unboxed","_kad_post_vertical_padding":"hide","_kad_post_feature":"hide","_kad_post_feature_position":"","_kad_post_header":false,"_kad_post_footer":false},"product_cat":[64,67],"product_tag":[254,255,256,253],"class_list":{"0":"post-913","1":"product","2":"type-product","3":"status-publish","4":"has-post-thumbnail","6":"product_cat-beach-flags","7":"product_cat-teardrop-flags-banners","8":"product_tag-custom-teardrop-flags","9":"product_tag-personalized-teardrop-flags","10":"product_tag-teardrop-advertising-flags","11":"product_tag-teardrop-shaped-advertising-flags","13":"first","14":"instock","15":"shipping-taxable","16":"product-type-simple","17":"entry","18":"content-bg","19":"loop-entry"},"_links":{"self":[{"href":"https:\/\/cmykprinted.com\/es\/wp-json\/wp\/v2\/product\/913","targetHints":{"allow":["GET"]}}],"collection":[{"href":"https:\/\/cmykprinted.com\/es\/wp-json\/wp\/v2\/product"}],"about":[{"href":"https:\/\/cmykprinted.com\/es\/wp-json\/wp\/v2\/types\/product"}],"version-history":[{"count":2,"href":"https:\/\/cmykprinted.com\/es\/wp-json\/wp\/v2\/product\/913\/revisions"}],"predecessor-version":[{"id":920,"href":"https:\/\/cmykprinted.com\/es\/wp-json\/wp\/v2\/product\/913\/revisions\/920"}],"wp:featuredmedia":[{"embeddable":true,"href":"https:\/\/cmykprinted.com\/es\/wp-json\/wp\/v2\/media\/914"}],"wp:attachment":[{"href":"https:\/\/cmykprinted.com\/es\/wp-json\/wp\/v2\/media?parent=913"}],"wp:term":[{"taxonomy":"product_cat","embeddable":true,"href":"https:\/\/cmykprinted.com\/es\/wp-json\/wp\/v2\/product_cat?post=913"},{"taxonomy":"product_tag","embeddable":true,"href":"https:\/\/cmykprinted.com\/es\/wp-json\/wp\/v2\/product_tag?post=913"}],"curies":[{"name":"wp","href":"https:\/\/api.w.org\/{rel}","templated":true}]}}