{"id":921,"date":"2023-01-13T13:12:06","date_gmt":"2023-01-13T13:12:06","guid":{"rendered":"https:\/\/cmykprinted.com\/?post_type=product&#038;p=921"},"modified":"2023-01-13T13:59:27","modified_gmt":"2023-01-13T13:59:27","slug":"promotional-5-x-5-pop-up-tent-outdoor-indoor-canopy-tent","status":"publish","type":"product","link":"https:\/\/cmykprinted.com\/es\/producto\/promotional-5-x-5-pop-up-tent-outdoor-indoor-canopy-tent\/","title":{"rendered":"Carpa emergente promocional de 1,5 m x 1,5 m para exteriores e interiores"},"content":{"rendered":"","protected":false},"excerpt":{"rendered":"<p>Esta carpa emergente de 5\u00d75 es la soluci\u00f3n perfecta para brindar sombra y refugio en su venta en la acera, puesto de mercado de agricultores o evento al aire libre. Disponible en una variedad de colores, incluidos blanco, verde, rojo, azul marino y negro, puede elegir el color perfecto para combinar con su evento o marca. La tienda est\u00e1 hecha de aluminio duradero, lo que facilita su montaje en segundos, y cabe en un malet\u00edn de transporte con ruedas cuando termina de usarla, lo que facilita su transporte y almacenamiento.<br \/>\nEsta carpa emergente comercial de 5\u00d75 se mantiene firmemente en su lugar con estacas de anclaje y crea un total de 25 pies cuadrados de sombra. Es perfecto para eventos al aire libre, peque\u00f1as cabinas de registro, partidos deportivos o salidas a la playa, ya que se adapta c\u00f3modamente a dos sillas de jard\u00edn o una mesa peque\u00f1a y puede soportar vientos de 30 MPH. El toldo de poli\u00e9ster coloreado es ign\u00edfugo y est\u00e1 certificado por prueba de presi\u00f3n hidrost\u00e1tica para una soluci\u00f3n comercial segura. Las patas telesc\u00f3picas de liberaci\u00f3n del pasador de tracci\u00f3n se pueden ajustar en cinco configuraciones de altura con palancas de empuje que se bloquean en su lugar.<br \/>\nNuestra carpa emergente de grado comercial de 5 \u00d7 5 es una forma conveniente de configurar r\u00e1pidamente un espacio sombreado para trabajar o jugar en segundos. Ya sea que tenga un negocio o simplemente est\u00e9 buscando una manera conveniente de disfrutar del aire libre, esta carpa es la elecci\u00f3n perfecta. Con su marco de aluminio duradero y su dise\u00f1o f\u00e1cil de armar, es el complemento perfecto para cualquier evento o reuni\u00f3n al aire libre.<\/p>\n<div style=\"width: 1280px;\" class=\"wp-video\"><!--[if lt IE 9]><script>document.createElement('video');<\/script><![endif]--><br \/>\n<video class=\"wp-video-shortcode\" id=\"video-921-1\" width=\"1280\" height=\"720\" loop autoplay preload=\"auto\" controls=\"controls\"><source type=\"video\/mp4\" src=\"http:\/\/cmykprinted.com\/wp-content\/uploads\/2022\/12\/10x20ft-Pop-Up-Canopies.mp4?_=1\" \/><a href=\"http:\/\/cmykprinted.com\/wp-content\/uploads\/2022\/12\/10x20ft-Pop-Up-Canopies.mp4\">http:\/\/cmykprinted.com\/wp-content\/uploads\/2022\/12\/10x20ft-Pop-Up-Canopies.mp4<\/a><\/video><\/div>","protected":false},"featured_media":922,"template":"","meta":{"_kad_post_transparent":"default","_kad_post_title":"hide","_kad_post_layout":"fullwidth","_kad_post_sidebar_id":"","_kad_post_content_style":"unboxed","_kad_post_vertical_padding":"hide","_kad_post_feature":"hide","_kad_post_feature_position":"","_kad_post_header":false,"_kad_post_footer":false},"product_cat":[68,74,78],"product_tag":[257,259,258,260],"class_list":{"0":"post-921","1":"product","2":"type-product","3":"status-publish","4":"has-post-thumbnail","6":"product_cat-custom-canopy-tents","7":"product_cat-50mm-heavy-duty-hexagon-aluminum-tents","8":"product_cat-5x5ft-custom-pop-up-canopies-50mm-heavy-duty-hexagon-aluminum-tents-custom-canopy-tents","9":"product_tag-5-x-5-pop-up-tent","10":"product_tag-indoor-canopy-tent","11":"product_tag-outdoor-canopy-tent","12":"product_tag-promotional-pop-up-tent","14":"first","15":"instock","16":"shipping-taxable","17":"product-type-simple","18":"entry","19":"content-bg","20":"loop-entry"},"_links":{"self":[{"href":"https:\/\/cmykprinted.com\/es\/wp-json\/wp\/v2\/product\/921","targetHints":{"allow":["GET"]}}],"collection":[{"href":"https:\/\/cmykprinted.com\/es\/wp-json\/wp\/v2\/product"}],"about":[{"href":"https:\/\/cmykprinted.com\/es\/wp-json\/wp\/v2\/types\/product"}],"version-history":[{"count":2,"href":"https:\/\/cmykprinted.com\/es\/wp-json\/wp\/v2\/product\/921\/revisions"}],"predecessor-version":[{"id":929,"href":"https:\/\/cmykprinted.com\/es\/wp-json\/wp\/v2\/product\/921\/revisions\/929"}],"wp:featuredmedia":[{"embeddable":true,"href":"https:\/\/cmykprinted.com\/es\/wp-json\/wp\/v2\/media\/922"}],"wp:attachment":[{"href":"https:\/\/cmykprinted.com\/es\/wp-json\/wp\/v2\/media?parent=921"}],"wp:term":[{"taxonomy":"product_cat","embeddable":true,"href":"https:\/\/cmykprinted.com\/es\/wp-json\/wp\/v2\/product_cat?post=921"},{"taxonomy":"product_tag","embeddable":true,"href":"https:\/\/cmykprinted.com\/es\/wp-json\/wp\/v2\/product_tag?post=921"}],"curies":[{"name":"wp","href":"https:\/\/api.w.org\/{rel}","templated":true}]}}