{"id":938,"date":"2023-01-15T14:03:34","date_gmt":"2023-01-15T14:03:34","guid":{"rendered":"https:\/\/cmykprinted.com\/?post_type=product&#038;p=938"},"modified":"2023-01-15T14:14:31","modified_gmt":"2023-01-15T14:14:31","slug":"trade-show-fitted-custom-stretch-table-cover-tablecloth","status":"publish","type":"product","link":"https:\/\/cmykprinted.com\/es\/producto\/trade-show-fitted-custom-stretch-table-cover-tablecloth\/","title":{"rendered":"Mantel el\u00e1stico personalizado para ferias comerciales"},"content":{"rendered":"","protected":false},"excerpt":{"rendered":"<p>Organizar un evento de negocios puede ser un desaf\u00edo, ya que desea causar una buena impresi\u00f3n tanto en los clientes nuevos como en los existentes. Nuestros manteles el\u00e1sticos son una excelente soluci\u00f3n para decorar su stand y promocionar su negocio. Nuestra selecci\u00f3n de elegantes fundas de spandex son econ\u00f3micas y se pueden usar para mejorar el aspecto de sus mesas. Fabricadas con tela el\u00e1stica duradera de 180 g\/m\u00b2, nuestras fundas son resistentes a los desgarros y se pueden reutilizar para m\u00faltiples eventos. Con nuestra tecnolog\u00eda de impresi\u00f3n a todo color de 1440 DPI, los gr\u00e1ficos de las portadas son v\u00edvidos y n\u00edtidos, lo que seguramente llamar\u00e1 la atenci\u00f3n de los asistentes. Nuestras fundas est\u00e1n disponibles en dos estilos: con cremallera en la parte posterior y de 3 lados, los cuales son f\u00e1ciles de instalar y se mantienen seguros en su lugar. Los manteles el\u00e1sticos de spandex son vers\u00e1tiles y econ\u00f3micos, lo que los hace perfectos para cualquier tipo de evento, como fiestas, ferias comerciales y m\u00e1s.<\/p>","protected":false},"featured_media":939,"template":"","meta":{"_kad_post_transparent":"default","_kad_post_title":"hide","_kad_post_layout":"fullwidth","_kad_post_sidebar_id":"","_kad_post_content_style":"unboxed","_kad_post_vertical_padding":"hide","_kad_post_feature":"hide","_kad_post_feature_position":"","_kad_post_header":false,"_kad_post_footer":false},"product_cat":[80,81],"product_tag":[117,265,264,266],"class_list":{"0":"post-938","1":"product","2":"type-product","3":"status-publish","4":"has-post-thumbnail","6":"product_cat-custom-tablecloth","7":"product_cat-custom-stretch-tablecloth","8":"product_tag-custom-stretch-tablecloth","9":"product_tag-fitted-tablecloth","10":"product_tag-stretch-table-cover","11":"product_tag-trade-show-table-cover","13":"first","14":"instock","15":"shipping-taxable","16":"product-type-simple","17":"entry","18":"content-bg","19":"loop-entry"},"_links":{"self":[{"href":"https:\/\/cmykprinted.com\/es\/wp-json\/wp\/v2\/product\/938","targetHints":{"allow":["GET"]}}],"collection":[{"href":"https:\/\/cmykprinted.com\/es\/wp-json\/wp\/v2\/product"}],"about":[{"href":"https:\/\/cmykprinted.com\/es\/wp-json\/wp\/v2\/types\/product"}],"version-history":[{"count":3,"href":"https:\/\/cmykprinted.com\/es\/wp-json\/wp\/v2\/product\/938\/revisions"}],"predecessor-version":[{"id":947,"href":"https:\/\/cmykprinted.com\/es\/wp-json\/wp\/v2\/product\/938\/revisions\/947"}],"wp:featuredmedia":[{"embeddable":true,"href":"https:\/\/cmykprinted.com\/es\/wp-json\/wp\/v2\/media\/939"}],"wp:attachment":[{"href":"https:\/\/cmykprinted.com\/es\/wp-json\/wp\/v2\/media?parent=938"}],"wp:term":[{"taxonomy":"product_cat","embeddable":true,"href":"https:\/\/cmykprinted.com\/es\/wp-json\/wp\/v2\/product_cat?post=938"},{"taxonomy":"product_tag","embeddable":true,"href":"https:\/\/cmykprinted.com\/es\/wp-json\/wp\/v2\/product_tag?post=938"}],"curies":[{"name":"wp","href":"https:\/\/api.w.org\/{rel}","templated":true}]}}