{"id":965,"date":"2023-02-08T04:50:30","date_gmt":"2023-02-08T04:50:30","guid":{"rendered":"https:\/\/cmykprinted.com\/?post_type=product&#038;p=965"},"modified":"2023-02-08T05:02:02","modified_gmt":"2023-02-08T05:02:02","slug":"straight-tension-fabric-backdrop-media-wall-for-events","status":"publish","type":"product","link":"https:\/\/cmykprinted.com\/es\/producto\/straight-tension-fabric-backdrop-media-wall-for-events\/","title":{"rendered":"Fondo de tela tensada recta para eventos"},"content":{"rendered":"","protected":false},"excerpt":{"rendered":"<p>Nuestro tel\u00f3n de fondo de tela de tensi\u00f3n recta m\u00e1s vendido es vers\u00e1til e ideal para diversas aplicaciones, como fondo de estudio, fondo de escenario, fotomat\u00f3n, conferencia de prensa, ceremonia de entrega de premios y alfombra roja. Con la opci\u00f3n de presentar dos dise\u00f1os, obtiene el m\u00e1ximo valor y f\u00e1cil transporte. Hecho de poli\u00e9ster 100% duradero y flexible, lavable a m\u00e1quina, nuestro proceso de impresi\u00f3n de tela personalizada garantiza que el dise\u00f1o se mantenga vibrante incluso despu\u00e9s de m\u00faltiples lavados y en cualquier clima. Nuestra impresi\u00f3n utiliza disolventes ecol\u00f3gicos, totalmente naturales y biodegradables para un proceso m\u00e1s seguro y menos duro. El marco de aluminio liviano pero resistente sostiene la tela y viene con tubos de cierre a presi\u00f3n para una f\u00e1cil instalaci\u00f3n sin herramientas. El soporte se puede ajustar al tama\u00f1o deseado y viene con un estuche r\u00edgido port\u00e1til con ruedas. El env\u00edo es gratuito y demora de 4 a 5 d\u00edas h\u00e1biles.<\/p>\n<div style=\"width: 1290px;\" class=\"wp-video\"><!--[if lt IE 9]><script>document.createElement('video');<\/script><![endif]--><br \/>\n<video class=\"wp-video-shortcode\" id=\"video-965-1\" width=\"1290\" height=\"726\" loop autoplay preload=\"metadata\" controls=\"controls\"><source type=\"video\/mp4\" src=\"http:\/\/cmykprinted.com\/wp-content\/uploads\/2023\/02\/Straight-Tension-Fabric-Backdrop.mp4?_=1\" \/><a href=\"http:\/\/cmykprinted.com\/wp-content\/uploads\/2023\/02\/Straight-Tension-Fabric-Backdrop.mp4\">http:\/\/cmykprinted.com\/wp-content\/uploads\/2023\/02\/Straight-Tension-Fabric-Backdrop.mp4<\/a><\/video><\/div>","protected":false},"featured_media":966,"template":"","meta":{"_kad_post_transparent":"default","_kad_post_title":"hide","_kad_post_layout":"fullwidth","_kad_post_sidebar_id":"","_kad_post_content_style":"unboxed","_kad_post_vertical_padding":"hide","_kad_post_feature":"hide","_kad_post_feature_position":"","_kad_post_header":false,"_kad_post_footer":false},"product_cat":[97,100],"product_tag":[274,196,197,198],"class_list":{"0":"post-965","1":"product","2":"type-product","3":"status-publish","4":"has-post-thumbnail","6":"product_cat-tension-fabric-displays","7":"product_cat-straight-tension-fabric-backdrop","8":"product_tag-events-media-wall","9":"product_tag-straight-tension-fabric-backdrop","10":"product_tag-tension-fabric-backdrop","11":"product_tag-tension-fabric-media-wall","13":"first","14":"instock","15":"shipping-taxable","16":"product-type-simple","17":"entry","18":"content-bg","19":"loop-entry"},"_links":{"self":[{"href":"https:\/\/cmykprinted.com\/es\/wp-json\/wp\/v2\/product\/965","targetHints":{"allow":["GET"]}}],"collection":[{"href":"https:\/\/cmykprinted.com\/es\/wp-json\/wp\/v2\/product"}],"about":[{"href":"https:\/\/cmykprinted.com\/es\/wp-json\/wp\/v2\/types\/product"}],"version-history":[{"count":2,"href":"https:\/\/cmykprinted.com\/es\/wp-json\/wp\/v2\/product\/965\/revisions"}],"predecessor-version":[{"id":975,"href":"https:\/\/cmykprinted.com\/es\/wp-json\/wp\/v2\/product\/965\/revisions\/975"}],"wp:featuredmedia":[{"embeddable":true,"href":"https:\/\/cmykprinted.com\/es\/wp-json\/wp\/v2\/media\/966"}],"wp:attachment":[{"href":"https:\/\/cmykprinted.com\/es\/wp-json\/wp\/v2\/media?parent=965"}],"wp:term":[{"taxonomy":"product_cat","embeddable":true,"href":"https:\/\/cmykprinted.com\/es\/wp-json\/wp\/v2\/product_cat?post=965"},{"taxonomy":"product_tag","embeddable":true,"href":"https:\/\/cmykprinted.com\/es\/wp-json\/wp\/v2\/product_tag?post=965"}],"curies":[{"name":"wp","href":"https:\/\/api.w.org\/{rel}","templated":true}]}}