{"id":984,"date":"2023-02-11T03:57:42","date_gmt":"2023-02-11T03:57:42","guid":{"rendered":"https:\/\/cmykprinted.com\/?post_type=product&#038;p=984"},"modified":"2023-02-11T04:04:18","modified_gmt":"2023-02-11T04:04:18","slug":"10x15ft-50mm-hexagonal-pop-up-canopy-tent-aluminum-frame","status":"publish","type":"product","link":"https:\/\/cmykprinted.com\/es\/producto\/10x15ft-50mm-hexagonal-pop-up-canopy-tent-aluminum-frame\/","title":{"rendered":"Carpa plegable hexagonal de aluminio de 10 x 15 pies y 50 mm"},"content":{"rendered":"","protected":false},"excerpt":{"rendered":"<p>Un toldo emergente hexagonal de 50 mm con un marco de aluminio es perfecto para hacer que su toldo se destaque en un puesto de mercado o feria comercial. El marco cuenta con especificaciones impresionantes, que incluyen una pata exterior de aluminio hexagonal con un tama\u00f1o de 50x50 mm y un grosor de 1,8 mm. Tambi\u00e9n tiene cinco posiciones de altura con un intervalo de 7,5 cm y es fuerte y estable para uso a largo plazo.<br \/>\nEl montaje y desmontaje de la capota es r\u00e1pido y sencillo, gracias a su marco de aluminio plegable y la ausencia de piezas sueltas. Los ajustes de las patas con bot\u00f3n pulsador y los pasadores de gran tama\u00f1o y f\u00e1ciles de agarrar en las esquinas superiores hacen que la instalaci\u00f3n y el desmontaje sean muy sencillos sin necesidad de herramientas.<br \/>\nEl paquete incluye el marco de aluminio de la capota emergente comercial y una o dos personas pueden montarlo y desmontarlo en minutos sin necesidad de herramientas. Viene con una garant\u00eda de 1 a\u00f1o y suministro de por vida de accesorios y piezas. Si necesita un trabajo personalizado, no dude en comunicarse con nosotros. Garantizamos la satisfacci\u00f3n 100% y trabajaremos para resolver cualquier problema que pueda tener.<br \/>\nEste dosel es adecuado para una variedad de eventos al aire libre, como fiestas, ferias comerciales, deportes, picnics, barbacoas y m\u00e1s. Se puede utilizar en \u00e1reas comerciales, playas, parques infantiles, patios, jardines, granjas y otros entornos al aire libre, as\u00ed como en entornos interiores como grandes gimnasios. Con calidad de alta gama, puede estar seguro de su longevidad y durabilidad. Si tiene alguna inquietud sobre la calidad durante el primer a\u00f1o, no dude en comunicarse con nosotros. Nuestra garant\u00eda de satisfacci\u00f3n 100% asegura que trabajaremos para resolver cualquier problema que pueda tener.<\/p>\n<div style=\"width: 1280px;\" class=\"wp-video\"><!--[if lt IE 9]><script>document.createElement('video');<\/script><![endif]--><br \/>\n<video class=\"wp-video-shortcode\" id=\"video-984-1\" width=\"1280\" height=\"720\" loop autoplay preload=\"auto\" controls=\"controls\"><source type=\"video\/mp4\" src=\"http:\/\/cmykprinted.com\/wp-content\/uploads\/2022\/12\/10x15ft-Pop-up-Tent.mp4?_=1\" \/><a href=\"http:\/\/cmykprinted.com\/wp-content\/uploads\/2022\/12\/10x15ft-Pop-up-Tent.mp4\">http:\/\/cmykprinted.com\/wp-content\/uploads\/2022\/12\/10x15ft-Pop-up-Tent.mp4<\/a><\/video><\/div>","protected":false},"featured_media":985,"template":"","meta":{"_kad_post_transparent":"default","_kad_post_title":"hide","_kad_post_layout":"fullwidth","_kad_post_sidebar_id":"","_kad_post_content_style":"unboxed","_kad_post_vertical_padding":"hide","_kad_post_feature":"hide","_kad_post_feature_position":"","_kad_post_header":false,"_kad_post_footer":false},"product_cat":[68,76,74],"product_tag":[279,282,281,280],"class_list":{"0":"post-984","1":"product","2":"type-product","3":"status-publish","4":"has-post-thumbnail","6":"product_cat-custom-canopy-tents","7":"product_cat-10x15ft-pop-up-tents-50mm-heavy-duty-hexagon-aluminum-tents-custom-canopy-tents","8":"product_cat-50mm-heavy-duty-hexagon-aluminum-tents","9":"product_tag-10x15ft-hexagonal-pop-up-canopy-tent","10":"product_tag-50mm-hexagonal-pop-up-canopy","11":"product_tag-aluminum-frame-pop-up-canopy-tent","12":"product_tag-hexagonal-pop-up-canopy-tent","14":"first","15":"instock","16":"shipping-taxable","17":"product-type-simple","18":"entry","19":"content-bg","20":"loop-entry"},"_links":{"self":[{"href":"https:\/\/cmykprinted.com\/es\/wp-json\/wp\/v2\/product\/984","targetHints":{"allow":["GET"]}}],"collection":[{"href":"https:\/\/cmykprinted.com\/es\/wp-json\/wp\/v2\/product"}],"about":[{"href":"https:\/\/cmykprinted.com\/es\/wp-json\/wp\/v2\/types\/product"}],"version-history":[{"count":2,"href":"https:\/\/cmykprinted.com\/es\/wp-json\/wp\/v2\/product\/984\/revisions"}],"predecessor-version":[{"id":992,"href":"https:\/\/cmykprinted.com\/es\/wp-json\/wp\/v2\/product\/984\/revisions\/992"}],"wp:featuredmedia":[{"embeddable":true,"href":"https:\/\/cmykprinted.com\/es\/wp-json\/wp\/v2\/media\/985"}],"wp:attachment":[{"href":"https:\/\/cmykprinted.com\/es\/wp-json\/wp\/v2\/media?parent=984"}],"wp:term":[{"taxonomy":"product_cat","embeddable":true,"href":"https:\/\/cmykprinted.com\/es\/wp-json\/wp\/v2\/product_cat?post=984"},{"taxonomy":"product_tag","embeddable":true,"href":"https:\/\/cmykprinted.com\/es\/wp-json\/wp\/v2\/product_tag?post=984"}],"curies":[{"name":"wp","href":"https:\/\/api.w.org\/{rel}","templated":true}]}}