{"id":1000,"date":"2023-02-12T10:41:09","date_gmt":"2023-02-12T10:41:09","guid":{"rendered":"https:\/\/cmykprinted.com\/?post_type=product&#038;p=1000"},"modified":"2023-02-12T10:46:25","modified_gmt":"2023-02-12T10:46:25","slug":"logo-printed-premium-full-color-trade-show-table-throw","status":"publish","type":"product","link":"https:\/\/cmykprinted.com\/fi\/tuote\/logo-printed-premium-full-color-trade-show-table-throw\/","title":{"rendered":"Logopainettu Premium Full Color Trade Show p\u00f6yt\u00e4heitin"},"content":{"rendered":"","protected":false},"excerpt":{"rendered":"<p>Yrityksess\u00e4mme olemme sitoutuneet tarjoamaan korkealaatuisia ja edullisia messup\u00f6yt\u00e4heittoja kaikenkokoisille yrityksille ja organisaatioille. Ymm\u00e4rr\u00e4mme vahvan vaikutuksen tekemisen messuilla ja n\u00e4yttelyiss\u00e4 t\u00e4rkeyden, ja olemme sitoutuneet auttamaan asiakkaitamme tekem\u00e4\u00e4n sen. Ammattimainen tulostimiimme k\u00e4ytt\u00e4\u00e4 t\u00e4ytt\u00e4 v\u00e4risublimaatioprosessia varmistaakseen, ett\u00e4 p\u00f6yt\u00e4heittomme ovat eloisia, silmiinpist\u00e4vi\u00e4 ja t\u00e4ysin muokattavissa. Tarvitsetpa p\u00f6yt\u00e4liinan messuille, p\u00f6yt\u00e4liinan erikoisn\u00e4yttelyyn tai mink\u00e4 tahansa muun p\u00f6yd\u00e4nheiton, meilt\u00e4 l\u00f6yd\u00e4t tarvitsemasi tuotteet haluamallasi nopeudella.<br \/>\nTehtaamme tarjoaa laajan valikoiman messup\u00f6yd\u00e4n heittoja, mukaan lukien joustavat p\u00e4\u00e4lliset, 3- ja 4-puoliset p\u00e4\u00e4lliset, juoksukannattimet ja paljon muuta. Tarjoamme jopa p\u00f6yd\u00e4nheittoja, jotka on suunniteltu t\u00e4ydent\u00e4m\u00e4\u00e4n yrityksesi tai organisaatiosi v\u00e4rimaailmaa. Ja jos sinulla ei ole logoa, se ei ole ongelma! Voimme luoda sinulle r\u00e4\u00e4t\u00e4l\u00f6idyn suunnittelun, joka auttaa mainostamaan br\u00e4ndi\u00e4si ja houkuttelemaan uusia asiakkaita.<br \/>\nTarjoamme kaikille messup\u00f6yd\u00e4llemme 24 tunnin l\u00e4pimenoajan, mik\u00e4 varmistaa, ett\u00e4 saat tarvitsemasi tuotteet silloin, kun niit\u00e4 tarvitset. Ja lis\u00e4mukavuuden vuoksi l\u00e4het\u00e4mme kaikki tuotteemme seuraavana arkip\u00e4iv\u00e4n\u00e4 ostosta. Tarvitsetko siis yhden p\u00f6yd\u00e4nheiton tai suuren tilauksen tulevaan tapahtumaan, meill\u00e4 on tuotteet ja palvelut, joita tarvitset menesty\u00e4ksesi.<\/p>","protected":false},"featured_media":1001,"template":"","meta":{"_kad_post_transparent":"default","_kad_post_title":"hide","_kad_post_layout":"fullwidth","_kad_post_sidebar_id":"","_kad_post_content_style":"unboxed","_kad_post_vertical_padding":"hide","_kad_post_feature":"hide","_kad_post_feature_position":"","_kad_post_header":false,"_kad_post_footer":false},"product_cat":[80,84],"product_tag":[218,216,217],"class_list":{"0":"post-1000","1":"product","2":"type-product","3":"status-publish","4":"has-post-thumbnail","6":"product_cat-custom-tablecloth","7":"product_cat-trade-show-table-throw","8":"product_tag-custom-table-throw","9":"product_tag-trade-show-table-throw","10":"product_tag-tradeshow-table-throw","12":"first","13":"instock","14":"shipping-taxable","15":"product-type-simple","16":"entry","17":"content-bg","18":"loop-entry"},"_links":{"self":[{"href":"https:\/\/cmykprinted.com\/fi\/wp-json\/wp\/v2\/product\/1000","targetHints":{"allow":["GET"]}}],"collection":[{"href":"https:\/\/cmykprinted.com\/fi\/wp-json\/wp\/v2\/product"}],"about":[{"href":"https:\/\/cmykprinted.com\/fi\/wp-json\/wp\/v2\/types\/product"}],"version-history":[{"count":1,"href":"https:\/\/cmykprinted.com\/fi\/wp-json\/wp\/v2\/product\/1000\/revisions"}],"predecessor-version":[{"id":1007,"href":"https:\/\/cmykprinted.com\/fi\/wp-json\/wp\/v2\/product\/1000\/revisions\/1007"}],"wp:featuredmedia":[{"embeddable":true,"href":"https:\/\/cmykprinted.com\/fi\/wp-json\/wp\/v2\/media\/1001"}],"wp:attachment":[{"href":"https:\/\/cmykprinted.com\/fi\/wp-json\/wp\/v2\/media?parent=1000"}],"wp:term":[{"taxonomy":"product_cat","embeddable":true,"href":"https:\/\/cmykprinted.com\/fi\/wp-json\/wp\/v2\/product_cat?post=1000"},{"taxonomy":"product_tag","embeddable":true,"href":"https:\/\/cmykprinted.com\/fi\/wp-json\/wp\/v2\/product_tag?post=1000"}],"curies":[{"name":"wp","href":"https:\/\/api.w.org\/{rel}","templated":true}]}}