{"id":1016,"date":"2023-02-12T14:30:04","date_gmt":"2023-02-12T14:30:04","guid":{"rendered":"https:\/\/cmykprinted.com\/?post_type=product&#038;p=1016"},"modified":"2023-02-12T14:40:07","modified_gmt":"2023-02-12T14:40:07","slug":"personalized-triangle-pop-up-banners-a-frame-stand-display","status":"publish","type":"product","link":"https:\/\/cmykprinted.com\/fi\/tuote\/personalized-triangle-pop-up-banners-a-frame-stand-display\/","title":{"rendered":"Henkil\u00f6kohtaiset kolmion ponnahdusbannerit A-kehystelinen\u00e4ytt\u00f6"},"content":{"rendered":"","protected":false},"excerpt":{"rendered":"<p>Triangle pop up -bannerit ovat paras ratkaisu br\u00e4ndisi tai yrityksesi mainostamiseen tyylikk\u00e4\u00e4ll\u00e4 ja tehokkaalla tavalla. Suunnittelun ansiosta n\u00e4m\u00e4 bannerit ovat helppo asentaa ja purkaa, joten ne sopivat ihanteellisesti messuihin, tapahtumiin ja konferensseihin. Valmistettu kevyest\u00e4 ja kest\u00e4v\u00e4st\u00e4 persikkanahkakankaasta, ja niiss\u00e4 on k\u00e4tev\u00e4 kantolaukku s\u00e4ilytyst\u00e4 ja kuljetusta varten.<br \/>\nNe eiv\u00e4t ole vain k\u00e4tevi\u00e4 k\u00e4ytt\u00e4\u00e4, vaan ne my\u00f6s taatusti kiinnitt\u00e4v\u00e4t kohdeyleis\u00f6si huomion. Olipa kyseess\u00e4 uuden tuotteen lanseeraus, myynti tai tuleva tapahtuma, n\u00e4m\u00e4 bannerit her\u00e4tt\u00e4v\u00e4t kiinnostusta ja luovat pysyv\u00e4n vaikutuksen. Niit\u00e4 voidaan k\u00e4ytt\u00e4\u00e4 sis\u00e4ll\u00e4 tai ulkona, ja ne on helppo koota jousimetalliter\u00e4ksens\u00e4 ja tappien avulla.<br \/>\nNosta yrityksesi mainontaa kolmion ponnahdusbannerilla. Kattava asennusopas sis\u00e4lt\u00e4\u00e4 kaikki tarvittavat ty\u00f6kalut bannerin asettamiseen ja poistamiseen vaivattomasti. Sijoita pop-up-banneriin t\u00e4n\u00e4\u00e4n ja anna rohkea lausunto seuraavassa tapahtumassasi tai konferenssissasi.<\/p>\n<div style=\"width: 1280px;\" class=\"wp-video\"><!--[if lt IE 9]><script>document.createElement('video');<\/script><![endif]--><br \/>\n<video class=\"wp-video-shortcode\" id=\"video-1016-1\" width=\"1280\" height=\"720\" loop autoplay preload=\"metadata\" controls=\"controls\"><source type=\"video\/mp4\" src=\"http:\/\/cmykprinted.com\/wp-content\/uploads\/2022\/12\/Triangle-Pop-Up-Banners.mp4?_=1\" \/><a href=\"http:\/\/cmykprinted.com\/wp-content\/uploads\/2022\/12\/Triangle-Pop-Up-Banners.mp4\">http:\/\/cmykprinted.com\/wp-content\/uploads\/2022\/12\/Triangle-Pop-Up-Banners.mp4<\/a><\/video><\/div>","protected":false},"featured_media":1017,"template":"","meta":{"_kad_post_transparent":"default","_kad_post_title":"hide","_kad_post_layout":"fullwidth","_kad_post_sidebar_id":"","_kad_post_content_style":"unboxed","_kad_post_vertical_padding":"hide","_kad_post_feature":"hide","_kad_post_feature_position":"","_kad_post_header":false,"_kad_post_footer":false},"product_cat":[92,95],"product_tag":[292,293,166,291],"class_list":{"0":"post-1016","1":"product","2":"type-product","3":"status-publish","4":"has-post-thumbnail","6":"product_cat-pop-up-banners","7":"product_cat-triangle-pop-up-banners","8":"product_tag-a-frame-stand-display","9":"product_tag-personalized-pop-up-banners","10":"product_tag-pop-up-banners","11":"product_tag-triangle-pop-up-banners","13":"first","14":"instock","15":"shipping-taxable","16":"product-type-simple","17":"entry","18":"content-bg","19":"loop-entry"},"_links":{"self":[{"href":"https:\/\/cmykprinted.com\/fi\/wp-json\/wp\/v2\/product\/1016","targetHints":{"allow":["GET"]}}],"collection":[{"href":"https:\/\/cmykprinted.com\/fi\/wp-json\/wp\/v2\/product"}],"about":[{"href":"https:\/\/cmykprinted.com\/fi\/wp-json\/wp\/v2\/types\/product"}],"version-history":[{"count":2,"href":"https:\/\/cmykprinted.com\/fi\/wp-json\/wp\/v2\/product\/1016\/revisions"}],"predecessor-version":[{"id":1024,"href":"https:\/\/cmykprinted.com\/fi\/wp-json\/wp\/v2\/product\/1016\/revisions\/1024"}],"wp:featuredmedia":[{"embeddable":true,"href":"https:\/\/cmykprinted.com\/fi\/wp-json\/wp\/v2\/media\/1017"}],"wp:attachment":[{"href":"https:\/\/cmykprinted.com\/fi\/wp-json\/wp\/v2\/media?parent=1016"}],"wp:term":[{"taxonomy":"product_cat","embeddable":true,"href":"https:\/\/cmykprinted.com\/fi\/wp-json\/wp\/v2\/product_cat?post=1016"},{"taxonomy":"product_tag","embeddable":true,"href":"https:\/\/cmykprinted.com\/fi\/wp-json\/wp\/v2\/product_tag?post=1016"}],"curies":[{"name":"wp","href":"https:\/\/api.w.org\/{rel}","templated":true}]}}