{"id":1025,"date":"2023-02-12T15:07:24","date_gmt":"2023-02-12T15:07:24","guid":{"rendered":"https:\/\/cmykprinted.com\/?post_type=product&#038;p=1025"},"modified":"2023-02-12T15:13:19","modified_gmt":"2023-02-12T15:13:19","slug":"exhibition-curved-tension-fabric-pop-up-displays-with-frame","status":"publish","type":"product","link":"https:\/\/cmykprinted.com\/fi\/tuote\/exhibition-curved-tension-fabric-pop-up-displays-with-frame\/","title":{"rendered":"N\u00e4yttelyihin tarkoitetut kaarevat kangasn\u00e4yt\u00f6t kehyksell\u00e4"},"content":{"rendered":"","protected":false},"excerpt":{"rendered":"<p>Kaareva kangasteline on erinomainen vaihtoehto visuaalisesti n\u00e4ytt\u00e4v\u00e4n n\u00e4yt\u00f6n luomiseen. Siin\u00e4 on yksi ter\u00e4v\u00e4piirtokuva ilman n\u00e4kyvi\u00e4 liitosviivoja. Kokoaminen on helppoa \u2013 kiinnit\u00e4 kevyt alumiinirunko yhteen ja venyt\u00e4 painettu kangas sen p\u00e4\u00e4lle. Kun lopetat sen k\u00e4yt\u00f6n, ota se vain alas, taita se yl\u00f6s ja s\u00e4ilyt\u00e4 se kantolaukussa kuljetusta varten. N\u00e4m\u00e4 osastot ovat paljon k\u00e4tev\u00e4mpi\u00e4 s\u00e4ilytt\u00e4\u00e4 ja kuljettaa perinteisiin pop-up messuosastoihin verrattuna. Sen lis\u00e4ksi, ett\u00e4 ne ovat suosittu valinta konferensseihin ja tapahtumiin, ne tarjoavat my\u00f6s erinomaisia valokuvataustoja ja lavataustoja. Kangas on painettu molemmin puolin vakiona, mik\u00e4 antaa sinulle enemm\u00e4n tilaa viesteillesi. Eri tapahtumiin on my\u00f6s helppo tulostaa vaihtoehtoisia kansia.<\/p>","protected":false},"featured_media":1026,"template":"","meta":{"_kad_post_transparent":"default","_kad_post_title":"hide","_kad_post_layout":"fullwidth","_kad_post_sidebar_id":"","_kad_post_content_style":"unboxed","_kad_post_vertical_padding":"hide","_kad_post_feature":"hide","_kad_post_feature_position":"","_kad_post_header":false,"_kad_post_footer":false},"product_cat":[97,98],"product_tag":[168,296,295,294,134],"class_list":{"0":"post-1025","1":"product","2":"type-product","3":"status-publish","4":"has-post-thumbnail","6":"product_cat-tension-fabric-displays","7":"product_cat-curved-tension-fabric-pop-up-displays","8":"product_tag-curved-tension-fabric-pop-up-displays","9":"product_tag-fabric-pop-up-curved-displays","10":"product_tag-fabric-pop-up-display","11":"product_tag-fabric-pop-up-displays","12":"product_tag-tension-fabric-displays","14":"first","15":"instock","16":"shipping-taxable","17":"product-type-simple","18":"entry","19":"content-bg","20":"loop-entry"},"_links":{"self":[{"href":"https:\/\/cmykprinted.com\/fi\/wp-json\/wp\/v2\/product\/1025","targetHints":{"allow":["GET"]}}],"collection":[{"href":"https:\/\/cmykprinted.com\/fi\/wp-json\/wp\/v2\/product"}],"about":[{"href":"https:\/\/cmykprinted.com\/fi\/wp-json\/wp\/v2\/types\/product"}],"version-history":[{"count":1,"href":"https:\/\/cmykprinted.com\/fi\/wp-json\/wp\/v2\/product\/1025\/revisions"}],"predecessor-version":[{"id":1032,"href":"https:\/\/cmykprinted.com\/fi\/wp-json\/wp\/v2\/product\/1025\/revisions\/1032"}],"wp:featuredmedia":[{"embeddable":true,"href":"https:\/\/cmykprinted.com\/fi\/wp-json\/wp\/v2\/media\/1026"}],"wp:attachment":[{"href":"https:\/\/cmykprinted.com\/fi\/wp-json\/wp\/v2\/media?parent=1025"}],"wp:term":[{"taxonomy":"product_cat","embeddable":true,"href":"https:\/\/cmykprinted.com\/fi\/wp-json\/wp\/v2\/product_cat?post=1025"},{"taxonomy":"product_tag","embeddable":true,"href":"https:\/\/cmykprinted.com\/fi\/wp-json\/wp\/v2\/product_tag?post=1025"}],"curies":[{"name":"wp","href":"https:\/\/api.w.org\/{rel}","templated":true}]}}