{"id":1034,"date":"2023-02-13T02:28:32","date_gmt":"2023-02-13T02:28:32","guid":{"rendered":"https:\/\/cmykprinted.com\/?post_type=product&#038;p=1034"},"modified":"2023-02-13T02:37:55","modified_gmt":"2023-02-13T02:37:55","slug":"multipurpose-wholesale-3d-custom-metal-transfer-stickers","status":"publish","type":"product","link":"https:\/\/cmykprinted.com\/fi\/tuote\/multipurpose-wholesale-3d-custom-metal-transfer-stickers\/","title":{"rendered":"Monik\u00e4ytt\u00f6iset tukkumyynti 3D-r\u00e4\u00e4t\u00e4l\u00f6idyt metallisiirtotarrat"},"content":{"rendered":"","protected":false},"excerpt":{"rendered":"<p>Mukautetut metallinsiirtotarrat ovat innovatiivinen tarraratkaisu, joka k\u00e4ytt\u00e4\u00e4 tukevaa nikkelikalvoa kolmiulotteisen vaikutelman luomiseksi. T\u00e4m\u00e4 ainutlaatuinen l\u00e4hestymistapa antaa tarroille tyylikk\u00e4\u00e4n ja hienostuneen ulkon\u00e4\u00f6n, koska ylim\u00e4\u00e4r\u00e4inen materiaali poistetaan suunnittelusta, jolloin saadaan &quot;ei etiketti&quot; -ulkon\u00e4k\u00f6. N\u00e4m\u00e4 tarrat sopivat ihanteellisesti huipputuotteisiin tai verkkokauppaan. Tarrat valmistetaan tulostamalla kuvio nikkelifoliolle erityisell\u00e4 painomenetelm\u00e4ll\u00e4. Ylim\u00e4\u00e4r\u00e4isen materiaalin poistamisen j\u00e4lkeen kohotetut elementit p\u00e4\u00e4llystet\u00e4\u00e4n liimakerroksella, mik\u00e4 tekee niist\u00e4 sopivia levitett\u00e4v\u00e4ksi erilaisille pinnoille, kuten muoville, metallille ja paperille.<br \/>\n3D-metallisiirtotarrojen kest\u00e4vyys on yksi sen t\u00e4rkeimmist\u00e4 eduista. Koska nikkeli on kest\u00e4v\u00e4 ja korroosionkest\u00e4v\u00e4 materiaali, n\u00e4m\u00e4 tarrat kest\u00e4v\u00e4t kulumista ja s\u00e4ilytt\u00e4v\u00e4t laatunsa ajan my\u00f6t\u00e4. Ne kest\u00e4v\u00e4t my\u00f6s haalistumista ja v\u00e4rimuutoksia, mik\u00e4 tekee niist\u00e4 pitk\u00e4ik\u00e4isen etikettiratkaisun. Lis\u00e4ksi n\u00e4iden tarrojen kolmiulotteinen vaikutus lis\u00e4\u00e4 houkuttelevan ja erottuvan silauksen tuotepakkaukseesi tai tuotemerkkiisi.<\/p>\n<div style=\"width: 1280px;\" class=\"wp-video\"><!--[if lt IE 9]><script>document.createElement('video');<\/script><![endif]--><br \/>\n<video class=\"wp-video-shortcode\" id=\"video-1034-1\" width=\"1280\" height=\"720\" loop autoplay preload=\"metadata\" controls=\"controls\"><source type=\"video\/mp4\" src=\"http:\/\/cmykprinted.com\/wp-content\/uploads\/2022\/12\/Metal-Transfer-Sticker.mp4?_=1\" \/><a href=\"http:\/\/cmykprinted.com\/wp-content\/uploads\/2022\/12\/Metal-Transfer-Sticker.mp4\">http:\/\/cmykprinted.com\/wp-content\/uploads\/2022\/12\/Metal-Transfer-Sticker.mp4<\/a><\/video><\/div>\n<p>&nbsp;<\/p>","protected":false},"featured_media":1035,"template":"","meta":{"_kad_post_transparent":"default","_kad_post_title":"hide","_kad_post_layout":"fullwidth","_kad_post_sidebar_id":"","_kad_post_content_style":"unboxed","_kad_post_vertical_padding":"hide","_kad_post_feature":"hide","_kad_post_feature_position":"","_kad_post_header":false,"_kad_post_footer":false},"product_cat":[101,102],"product_tag":[299,297,298,300],"class_list":{"0":"post-1034","1":"product","2":"type-product","3":"status-publish","4":"has-post-thumbnail","6":"product_cat-transfer-stickers","7":"product_cat-metal-transfer-stickers","8":"product_tag-3d-metal-transfer-stickers","9":"product_tag-custom-metal-transfer-stickers","10":"product_tag-metal-transfer-stickers","11":"product_tag-wholesale-metal-transfer-stickers","13":"first","14":"instock","15":"shipping-taxable","16":"product-type-simple","17":"entry","18":"content-bg","19":"loop-entry"},"_links":{"self":[{"href":"https:\/\/cmykprinted.com\/fi\/wp-json\/wp\/v2\/product\/1034","targetHints":{"allow":["GET"]}}],"collection":[{"href":"https:\/\/cmykprinted.com\/fi\/wp-json\/wp\/v2\/product"}],"about":[{"href":"https:\/\/cmykprinted.com\/fi\/wp-json\/wp\/v2\/types\/product"}],"version-history":[{"count":2,"href":"https:\/\/cmykprinted.com\/fi\/wp-json\/wp\/v2\/product\/1034\/revisions"}],"predecessor-version":[{"id":1042,"href":"https:\/\/cmykprinted.com\/fi\/wp-json\/wp\/v2\/product\/1034\/revisions\/1042"}],"wp:featuredmedia":[{"embeddable":true,"href":"https:\/\/cmykprinted.com\/fi\/wp-json\/wp\/v2\/media\/1035"}],"wp:attachment":[{"href":"https:\/\/cmykprinted.com\/fi\/wp-json\/wp\/v2\/media?parent=1034"}],"wp:term":[{"taxonomy":"product_cat","embeddable":true,"href":"https:\/\/cmykprinted.com\/fi\/wp-json\/wp\/v2\/product_cat?post=1034"},{"taxonomy":"product_tag","embeddable":true,"href":"https:\/\/cmykprinted.com\/fi\/wp-json\/wp\/v2\/product_tag?post=1034"}],"curies":[{"name":"wp","href":"https:\/\/api.w.org\/{rel}","templated":true}]}}