{"id":1043,"date":"2023-02-13T04:54:51","date_gmt":"2023-02-13T04:54:51","guid":{"rendered":"https:\/\/cmykprinted.com\/?post_type=product&#038;p=1043"},"modified":"2023-02-13T05:02:42","modified_gmt":"2023-02-13T05:02:42","slug":"personalized-teardrop-banner-flags-with-full-color-printing","status":"publish","type":"product","link":"https:\/\/cmykprinted.com\/fi\/tuote\/personalized-teardrop-banner-flags-with-full-color-printing\/","title":{"rendered":"Personoidut pisaranmuotoiset banneriliput t\u00e4ysv\u00e4risell\u00e4 painatuksella"},"content":{"rendered":"","protected":false},"excerpt":{"rendered":"<p>Kyynellipun liput, joita yleisesti kutsutaan kyynellipuiksi tai h\u00f6yhenlipuiksi, ovat suuria, kyyneleen muotoisia lippuja, joita k\u00e4ytet\u00e4\u00e4n mainontaan ja markkinointiin. Niiss\u00e4 on r\u00e4\u00e4t\u00e4l\u00f6ityj\u00e4 malleja, jotka on tuotettu v\u00e4risublimaatioprosessilla, mik\u00e4 johtaa kirkkaaseen, korkealaatuiseen grafiikkaan. Liput on asennettu joustavaan, kevyeen alumiinista ja lasikuidusta valmistettuun tangoon, joka pit\u00e4\u00e4 lipun tiukkana tuulisissakin olosuhteissa. Pylv\u00e4s voidaan sijoittaa maahan tai telineeseen k\u00e4ytt\u00e4j\u00e4n tarpeiden ja mieltymysten mukaan.<br \/>\nKyynellipun n\u00e4ytt\u00e4minen yrityksesi edess\u00e4 voi olla tehokas tapa kiinnitt\u00e4\u00e4 potentiaalisten asiakkaiden ja ohikulkijoiden huomio. N\u00e4m\u00e4 liput ovat huomiota her\u00e4tt\u00e4vi\u00e4 ja voivat tehokkaasti mainostaa yrityst\u00e4si ja sen tarjontaa. Ne ovat my\u00f6s monipuolisia ja niit\u00e4 voidaan k\u00e4ytt\u00e4\u00e4 erilaisissa ymp\u00e4rist\u00f6iss\u00e4, kuten messuilla, ulkotapahtumissa ja julkisivuissa. Valitsemalla mukautetun suunnittelun, joka edustaa tarkasti yrityksesi br\u00e4nd\u00e4yst\u00e4 ja viestej\u00e4, voit v\u00e4litt\u00e4\u00e4 viestisi tehokkaasti ja tehd\u00e4 pysyv\u00e4n vaikutuksen kohdeyleis\u00f6si.<\/p>\n<div style=\"width: 1280px;\" class=\"wp-video\"><!--[if lt IE 9]><script>document.createElement('video');<\/script><![endif]--><br \/>\n<video class=\"wp-video-shortcode\" id=\"video-1043-1\" width=\"1280\" height=\"720\" loop autoplay preload=\"metadata\" controls=\"controls\"><source type=\"video\/mp4\" src=\"http:\/\/cmykprinted.com\/wp-content\/uploads\/2022\/12\/Beach-Teardrop-Flags-Banner.mp4?_=1\" \/><a href=\"http:\/\/cmykprinted.com\/wp-content\/uploads\/2022\/12\/Beach-Teardrop-Flags-Banner.mp4\">http:\/\/cmykprinted.com\/wp-content\/uploads\/2022\/12\/Beach-Teardrop-Flags-Banner.mp4<\/a><\/video><\/div>","protected":false},"featured_media":1044,"template":"","meta":{"_kad_post_transparent":"default","_kad_post_title":"hide","_kad_post_layout":"fullwidth","_kad_post_sidebar_id":"","_kad_post_content_style":"unboxed","_kad_post_vertical_padding":"hide","_kad_post_feature":"hide","_kad_post_feature_position":"","_kad_post_header":false,"_kad_post_footer":false},"product_cat":[64,67],"product_tag":[255,301,302,303,178],"class_list":{"0":"post-1043","1":"product","2":"type-product","3":"status-publish","4":"has-post-thumbnail","6":"product_cat-beach-flags","7":"product_cat-teardrop-flags-banners","8":"product_tag-personalized-teardrop-flags","9":"product_tag-teardrop-banner-flags","10":"product_tag-teardrop-banners","11":"product_tag-teardrop-flag-banners","12":"product_tag-teardrop-flags","14":"first","15":"instock","16":"shipping-taxable","17":"product-type-simple","18":"entry","19":"content-bg","20":"loop-entry"},"_links":{"self":[{"href":"https:\/\/cmykprinted.com\/fi\/wp-json\/wp\/v2\/product\/1043","targetHints":{"allow":["GET"]}}],"collection":[{"href":"https:\/\/cmykprinted.com\/fi\/wp-json\/wp\/v2\/product"}],"about":[{"href":"https:\/\/cmykprinted.com\/fi\/wp-json\/wp\/v2\/types\/product"}],"version-history":[{"count":2,"href":"https:\/\/cmykprinted.com\/fi\/wp-json\/wp\/v2\/product\/1043\/revisions"}],"predecessor-version":[{"id":1051,"href":"https:\/\/cmykprinted.com\/fi\/wp-json\/wp\/v2\/product\/1043\/revisions\/1051"}],"wp:featuredmedia":[{"embeddable":true,"href":"https:\/\/cmykprinted.com\/fi\/wp-json\/wp\/v2\/media\/1044"}],"wp:attachment":[{"href":"https:\/\/cmykprinted.com\/fi\/wp-json\/wp\/v2\/media?parent=1043"}],"wp:term":[{"taxonomy":"product_cat","embeddable":true,"href":"https:\/\/cmykprinted.com\/fi\/wp-json\/wp\/v2\/product_cat?post=1043"},{"taxonomy":"product_tag","embeddable":true,"href":"https:\/\/cmykprinted.com\/fi\/wp-json\/wp\/v2\/product_tag?post=1043"}],"curies":[{"name":"wp","href":"https:\/\/api.w.org\/{rel}","templated":true}]}}