{"id":1052,"date":"2023-02-13T07:20:10","date_gmt":"2023-02-13T07:20:10","guid":{"rendered":"https:\/\/cmykprinted.com\/?post_type=product&#038;p=1052"},"modified":"2023-02-13T07:26:04","modified_gmt":"2023-02-13T07:26:04","slug":"50mm-hexagonal-aluminum-10x20ft-pop-up-canopies-tents","status":"publish","type":"product","link":"https:\/\/cmykprinted.com\/fi\/tuote\/50mm-hexagonal-aluminum-10x20ft-pop-up-canopies-tents\/","title":{"rendered":"50 mm:n kuusikulmaiset alumiiniset 10x20 jalan pop-up-katokset teltoille"},"content":{"rendered":"","protected":false},"excerpt":{"rendered":"<p>10 x 20 jalan ponnahduskatos alumiinirungolla on t\u00e4ydellinen valinta torille tai messuille. Runko on suunniteltu vaikuttamaan sen kuusikulmainen alumiininen ulkojalka, jonka mitat ovat 50x50 mm ja paksuus 1,8 mm. Viisi korkeusasentoa 7,5 cm:n v\u00e4lein takaavat vakauden pitk\u00e4aikaiseen k\u00e4ytt\u00f6\u00f6n.<br \/>\nKatoksen pystytt\u00e4minen ja purkaminen on vaivatonta sen taittuvan alumiinirungon ja irrallisten osien puuttumisen ansiosta. Jalkojen s\u00e4\u00e4t\u00f6painikkeet ja ylisuuret vetotapit yl\u00e4kulmissa tekev\u00e4t asennuksesta helppoa ilman ty\u00f6kaluja. Paketti sis\u00e4lt\u00e4\u00e4 kaupallisen pop-up-katoksen alumiinirungon ja sen voi helposti koota yksi tai kaksi henkil\u00f6\u00e4 muutamassa minuutissa, ilman ty\u00f6kaluja.<br \/>\nT\u00e4ll\u00e4 katoksella on 1 vuoden takuu ja elinik\u00e4inen tarvikkeiden ja osien toimitus. Jos tarvitset tilausty\u00f6t\u00e4, olemme t\u00e4\u00e4ll\u00e4 auttamassa. Takaamme 100%-tyytyv\u00e4isyyden ja pyrimme ratkaisemaan mahdolliset ongelmasi.<br \/>\nT\u00e4m\u00e4 monipuolinen katos sopii monenlaisiin ulkotapahtumiin, kuten juhliin, messuihin, urheiluun, piknikeihin, grillauksiin ja muihin. Sit\u00e4 voidaan k\u00e4ytt\u00e4\u00e4 my\u00f6s kaupallisilla alueilla, rannoilla, leikkikentill\u00e4, pihoilla, puutarhoissa, maatiloilla ja muissa ulkotiloissa sek\u00e4 sis\u00e4tiloissa, kuten suurilla kuntosalilla. Sen korkealaatuisen laadun ansiosta voit luottaa sen pitk\u00e4ik\u00e4isyyteen ja kest\u00e4vyyteen. Jos sinulla on laatuongelmia ensimm\u00e4isen vuoden aikana, ota meihin yhteytt\u00e4. 100%-tyytyv\u00e4isyystakuumme varmistaa, ett\u00e4 pyrimme ratkaisemaan mahdolliset ongelmasi.<\/p>\n<div style=\"width: 1280px;\" class=\"wp-video\"><!--[if lt IE 9]><script>document.createElement('video');<\/script><![endif]--><br \/>\n<video class=\"wp-video-shortcode\" id=\"video-1052-1\" width=\"1280\" height=\"720\" loop autoplay preload=\"auto\" controls=\"controls\"><source type=\"video\/mp4\" src=\"http:\/\/cmykprinted.com\/wp-content\/uploads\/2022\/12\/10x15ft-Pop-up-Tent.mp4?_=1\" \/><a href=\"http:\/\/cmykprinted.com\/wp-content\/uploads\/2022\/12\/10x15ft-Pop-up-Tent.mp4\">http:\/\/cmykprinted.com\/wp-content\/uploads\/2022\/12\/10x15ft-Pop-up-Tent.mp4<\/a><\/video><\/div>","protected":false},"featured_media":1053,"template":"","meta":{"_kad_post_transparent":"default","_kad_post_title":"hide","_kad_post_layout":"fullwidth","_kad_post_sidebar_id":"","_kad_post_content_style":"unboxed","_kad_post_vertical_padding":"hide","_kad_post_feature":"hide","_kad_post_feature_position":"","_kad_post_header":false,"_kad_post_footer":false},"product_cat":[68,77,74],"product_tag":[279,208,282,306,305,281,304,280],"class_list":{"0":"post-1052","1":"product","2":"type-product","3":"status-publish","4":"has-post-thumbnail","6":"product_cat-custom-canopy-tents","7":"product_cat-10x20ft-pop-up-canopies-50mm-heavy-duty-hexagon-aluminum-tents-custom-canopy-tents","8":"product_cat-50mm-heavy-duty-hexagon-aluminum-tents","9":"product_tag-10x15ft-hexagonal-pop-up-canopy-tent","10":"product_tag-10x20ft-pop-up-canopies","11":"product_tag-50mm-hexagonal-pop-up-canopy","12":"product_tag-50mm-hexagonal-pop-up-canopies","13":"product_tag-aluminum-canopies-pop-up-canopies","14":"product_tag-aluminum-frame-pop-up-canopy-tent","15":"product_tag-hexagonal-aluminum-canopies","16":"product_tag-hexagonal-pop-up-canopy-tent","18":"first","19":"instock","20":"shipping-taxable","21":"product-type-simple","22":"entry","23":"content-bg","24":"loop-entry"},"_links":{"self":[{"href":"https:\/\/cmykprinted.com\/fi\/wp-json\/wp\/v2\/product\/1052","targetHints":{"allow":["GET"]}}],"collection":[{"href":"https:\/\/cmykprinted.com\/fi\/wp-json\/wp\/v2\/product"}],"about":[{"href":"https:\/\/cmykprinted.com\/fi\/wp-json\/wp\/v2\/types\/product"}],"version-history":[{"count":2,"href":"https:\/\/cmykprinted.com\/fi\/wp-json\/wp\/v2\/product\/1052\/revisions"}],"predecessor-version":[{"id":1059,"href":"https:\/\/cmykprinted.com\/fi\/wp-json\/wp\/v2\/product\/1052\/revisions\/1059"}],"wp:featuredmedia":[{"embeddable":true,"href":"https:\/\/cmykprinted.com\/fi\/wp-json\/wp\/v2\/media\/1053"}],"wp:attachment":[{"href":"https:\/\/cmykprinted.com\/fi\/wp-json\/wp\/v2\/media?parent=1052"}],"wp:term":[{"taxonomy":"product_cat","embeddable":true,"href":"https:\/\/cmykprinted.com\/fi\/wp-json\/wp\/v2\/product_cat?post=1052"},{"taxonomy":"product_tag","embeddable":true,"href":"https:\/\/cmykprinted.com\/fi\/wp-json\/wp\/v2\/product_tag?post=1052"}],"curies":[{"name":"wp","href":"https:\/\/api.w.org\/{rel}","templated":true}]}}