{"id":1060,"date":"2023-02-13T07:46:21","date_gmt":"2023-02-13T07:46:21","guid":{"rendered":"https:\/\/cmykprinted.com\/?post_type=product&#038;p=1060"},"modified":"2023-02-13T07:55:50","modified_gmt":"2023-02-13T07:55:50","slug":"custom-printed-exhibit-fitted-table-cover-fitted-tablecloth","status":"publish","type":"product","link":"https:\/\/cmykprinted.com\/fi\/tuote\/custom-printed-exhibit-fitted-table-cover-fitted-tablecloth\/","title":{"rendered":"Mukautettu painettu n\u00e4yttelyyn sopiva p\u00f6yt\u00e4liina"},"content":{"rendered":"","protected":false},"excerpt":{"rendered":"<p>P\u00f6yd\u00e4np\u00e4\u00e4llinen on suunniteltu tarkasti sopimaan suorakaiteen muotoisille p\u00f6ydille, joiden mitat ovat 72 tuumaa pitki\u00e4, 30 tuumaa leveit\u00e4 ja 30 tuumaa korkeita, olipa kyseess\u00e4 sitten kokoontaitettava tai juhlap\u00f6yt\u00e4. T\u00e4m\u00e4 monipuolinen suorakaiteen muotoinen p\u00f6yt\u00e4liina sopii erinomaisesti tapahtumiin, kuten h\u00e4ihin, syntym\u00e4p\u00e4iviin, suihkuihin, p\u00e4iv\u00e4llisharjoituksiin ja jopa perhejuhliin. Valmistettu korkealaatuisesta joustavasta polyesterist\u00e4, t\u00e4m\u00e4 6\u2032 ft spandexilla varustettu p\u00f6yt\u00e4liina on tehty kest\u00e4m\u00e4\u00e4n ja siin\u00e4 on kest\u00e4v\u00e4 rakenne, joka kest\u00e4\u00e4 ryppyj\u00e4 ja tahroja. Lis\u00e4ksi t\u00e4m\u00e4 p\u00f6yt\u00e4liina voidaan pest\u00e4 useita kertoja, mik\u00e4 tekee siit\u00e4 kustannustehokkaan vaihtoehdon tapahtumasuunnittelijoille tai kodin omistajille. Korosta kattaustasi tyylikk\u00e4\u00e4ll\u00e4 ja k\u00e4yt\u00e4nn\u00f6llisell\u00e4 spandexilla varustetulla p\u00f6yt\u00e4liin\u00e4ll\u00e4mme, joka sopii sek\u00e4 virallisiin ett\u00e4 ep\u00e4virallisiin tapahtumiin.<\/p>\n<div style=\"width: 1290px;\" class=\"wp-video\"><!--[if lt IE 9]><script>document.createElement('video');<\/script><![endif]--><br \/>\n<video class=\"wp-video-shortcode\" id=\"video-1060-1\" width=\"1290\" height=\"726\" loop autoplay preload=\"auto\" controls=\"controls\"><source type=\"video\/mp4\" src=\"http:\/\/cmykprinted.com\/wp-content\/uploads\/2023\/02\/Fitted-Table-Cover.mp4?_=1\" \/><a href=\"http:\/\/cmykprinted.com\/wp-content\/uploads\/2023\/02\/Fitted-Table-Cover.mp4\">http:\/\/cmykprinted.com\/wp-content\/uploads\/2023\/02\/Fitted-Table-Cover.mp4<\/a><\/video><\/div>","protected":false},"featured_media":1061,"template":"","meta":{"_kad_post_transparent":"default","_kad_post_title":"hide","_kad_post_layout":"fullwidth","_kad_post_sidebar_id":"","_kad_post_content_style":"unboxed","_kad_post_vertical_padding":"hide","_kad_post_feature":"hide","_kad_post_feature_position":"","_kad_post_header":false,"_kad_post_footer":false},"product_cat":[80,81,83],"product_tag":[157,307,308,185,265],"class_list":{"0":"post-1060","1":"product","2":"type-product","3":"status-publish","4":"has-post-thumbnail","6":"product_cat-custom-tablecloth","7":"product_cat-custom-stretch-tablecloth","8":"product_cat-fitted-table-cover","9":"product_tag-custom-table-cover","10":"product_tag-exhibit-table-cover","11":"product_tag-exhibit-table-tablecloth","12":"product_tag-fitted-table-cover","13":"product_tag-fitted-tablecloth","15":"first","16":"instock","17":"shipping-taxable","18":"product-type-simple","19":"entry","20":"content-bg","21":"loop-entry"},"_links":{"self":[{"href":"https:\/\/cmykprinted.com\/fi\/wp-json\/wp\/v2\/product\/1060","targetHints":{"allow":["GET"]}}],"collection":[{"href":"https:\/\/cmykprinted.com\/fi\/wp-json\/wp\/v2\/product"}],"about":[{"href":"https:\/\/cmykprinted.com\/fi\/wp-json\/wp\/v2\/types\/product"}],"version-history":[{"count":1,"href":"https:\/\/cmykprinted.com\/fi\/wp-json\/wp\/v2\/product\/1060\/revisions"}],"predecessor-version":[{"id":1068,"href":"https:\/\/cmykprinted.com\/fi\/wp-json\/wp\/v2\/product\/1060\/revisions\/1068"}],"wp:featuredmedia":[{"embeddable":true,"href":"https:\/\/cmykprinted.com\/fi\/wp-json\/wp\/v2\/media\/1061"}],"wp:attachment":[{"href":"https:\/\/cmykprinted.com\/fi\/wp-json\/wp\/v2\/media?parent=1060"}],"wp:term":[{"taxonomy":"product_cat","embeddable":true,"href":"https:\/\/cmykprinted.com\/fi\/wp-json\/wp\/v2\/product_cat?post=1060"},{"taxonomy":"product_tag","embeddable":true,"href":"https:\/\/cmykprinted.com\/fi\/wp-json\/wp\/v2\/product_tag?post=1060"}],"curies":[{"name":"wp","href":"https:\/\/api.w.org\/{rel}","templated":true}]}}