{"id":1069,"date":"2023-02-13T13:14:04","date_gmt":"2023-02-13T13:14:04","guid":{"rendered":"https:\/\/cmykprinted.com\/?post_type=product&#038;p=1069"},"modified":"2023-02-13T13:33:15","modified_gmt":"2023-02-13T13:33:15","slug":"heavy-duty-premium-custom-pvc-banner-with-hanging-grommets","status":"publish","type":"product","link":"https:\/\/cmykprinted.com\/fi\/tuote\/heavy-duty-premium-custom-pvc-banner-with-hanging-grommets\/","title":{"rendered":"Heavy Duty Premium -muokattu PVC-banneri ripustetuilla l\u00e4pivientiholkeilla"},"content":{"rendered":"","protected":false},"excerpt":{"rendered":"<p>Jos etsit luotettavaa ja pitk\u00e4kestoista mainosratkaisua yrityksellesi, harkitse mukautettuja PVC-bannereitamme. Tukevasta PVC-flex-materiaalista valmistetut bannerit tarjoavat erinomaisen kest\u00e4vyyden ja kest\u00e4vyyden kovia ulkoisia elementtej\u00e4 vastaan, joten ne sopivat ihanteellisesti ulkok\u00e4ytt\u00f6\u00f6n.<br \/>\nHalusitpa sitten mainostaa tapahtumaa, esitell\u00e4 tuotteitasi tai palveluitasi tai vain jakaa t\u00e4rkeit\u00e4 tietoja yleis\u00f6si kanssa, r\u00e4\u00e4t\u00e4l\u00f6idyt PVC-bannerimme ovat tehokas ja kustannustehokas valinta. Niiden kest\u00e4v\u00e4 luonne mahdollistaa sen, ett\u00e4 ne kest\u00e4v\u00e4t elementtej\u00e4 ja tarjoavat pitk\u00e4aikaista palvelua, joten voit k\u00e4ytt\u00e4\u00e4 niit\u00e4 uudelleen aina tarvittaessa.<br \/>\nYksi r\u00e4\u00e4t\u00e4l\u00f6ityjen PVC-bannerien k\u00e4yt\u00f6n eduista on, ett\u00e4 ne voivat auttaa v\u00e4hent\u00e4m\u00e4\u00e4n mainontakulujasi. Niiden kest\u00e4v\u00e4 ja pitk\u00e4ik\u00e4inen luonne tarkoittaa, ett\u00e4 sinun ei tarvitse huolehtia toistuvista ostoista tai vaihdoista, mik\u00e4 s\u00e4\u00e4st\u00e4\u00e4 aikaa ja rahaa pitk\u00e4ll\u00e4 aikav\u00e4lill\u00e4 ja varmistaa samalla, ett\u00e4 bannerisi pysyv\u00e4t huippukunnossa ja edist\u00e4v\u00e4t edelleen tehokkaasti yrityst\u00e4si.<br \/>\nYhteenvetona voidaan todeta, ett\u00e4 mukautetut PVC-bannerit ovat luotettava ja kustannustehokas vaihtoehto yrityksesi ulkomainontaan. Niiden tukeva materiaali ja kest\u00e4v\u00e4 rakenne tekev\u00e4t niist\u00e4 sopivia pitk\u00e4aikaiseen k\u00e4ytt\u00f6\u00f6n, mik\u00e4 auttaa sinua saavuttamaan mainontatavoitteesi ja s\u00e4\u00e4st\u00e4m\u00e4\u00e4n samalla rahaa.<\/p>\n<div style=\"width: 1280px;\" class=\"wp-video\"><!--[if lt IE 9]><script>document.createElement('video');<\/script><![endif]--><br \/>\n<video class=\"wp-video-shortcode\" id=\"video-1069-1\" width=\"1280\" height=\"720\" loop autoplay preload=\"metadata\" controls=\"controls\"><source type=\"video\/mp4\" src=\"http:\/\/cmykprinted.com\/wp-content\/uploads\/2022\/12\/PVC-Mesh-Banner.mp4?_=1\" \/><a href=\"http:\/\/cmykprinted.com\/wp-content\/uploads\/2022\/12\/PVC-Mesh-Banner.mp4\">http:\/\/cmykprinted.com\/wp-content\/uploads\/2022\/12\/PVC-Mesh-Banner.mp4<\/a><\/video><\/div>","protected":false},"featured_media":1070,"template":"","meta":{"_kad_post_transparent":"default","_kad_post_title":"hide","_kad_post_layout":"fullwidth","_kad_post_sidebar_id":"","_kad_post_content_style":"unboxed","_kad_post_vertical_padding":"hide","_kad_post_feature":"hide","_kad_post_feature_position":"","_kad_post_header":false,"_kad_post_footer":false},"product_cat":[85,90,91,89,88],"product_tag":[310,309,311,312],"class_list":{"0":"post-1069","1":"product","2":"type-product","3":"status-publish","4":"has-post-thumbnail","6":"product_cat-outdoor-vinyl-banners","7":"product_cat-glossy-pvc-banners","8":"product_cat-matte-vinyl-banners","9":"product_cat-pvc-banners","10":"product_cat-pvc-mesh-banners","11":"product_tag-banner-with-hanging-grommets","12":"product_tag-custom-pvc-banner","13":"product_tag-heavy-duty-pvc-banner","14":"product_tag-premium-pvc-banner","16":"first","17":"instock","18":"shipping-taxable","19":"product-type-simple","20":"entry","21":"content-bg","22":"loop-entry"},"_links":{"self":[{"href":"https:\/\/cmykprinted.com\/fi\/wp-json\/wp\/v2\/product\/1069","targetHints":{"allow":["GET"]}}],"collection":[{"href":"https:\/\/cmykprinted.com\/fi\/wp-json\/wp\/v2\/product"}],"about":[{"href":"https:\/\/cmykprinted.com\/fi\/wp-json\/wp\/v2\/types\/product"}],"version-history":[{"count":2,"href":"https:\/\/cmykprinted.com\/fi\/wp-json\/wp\/v2\/product\/1069\/revisions"}],"predecessor-version":[{"id":1077,"href":"https:\/\/cmykprinted.com\/fi\/wp-json\/wp\/v2\/product\/1069\/revisions\/1077"}],"wp:featuredmedia":[{"embeddable":true,"href":"https:\/\/cmykprinted.com\/fi\/wp-json\/wp\/v2\/media\/1070"}],"wp:attachment":[{"href":"https:\/\/cmykprinted.com\/fi\/wp-json\/wp\/v2\/media?parent=1069"}],"wp:term":[{"taxonomy":"product_cat","embeddable":true,"href":"https:\/\/cmykprinted.com\/fi\/wp-json\/wp\/v2\/product_cat?post=1069"},{"taxonomy":"product_tag","embeddable":true,"href":"https:\/\/cmykprinted.com\/fi\/wp-json\/wp\/v2\/product_tag?post=1069"}],"curies":[{"name":"wp","href":"https:\/\/api.w.org\/{rel}","templated":true}]}}