{"id":1078,"date":"2023-02-13T14:09:55","date_gmt":"2023-02-13T14:09:55","guid":{"rendered":"https:\/\/cmykprinted.com\/?post_type=product&#038;p=1078"},"modified":"2023-02-13T14:16:32","modified_gmt":"2023-02-13T14:16:32","slug":"personalized-triangle-pop-out-banner-custom-pop-up-signs","status":"publish","type":"product","link":"https:\/\/cmykprinted.com\/fi\/tuote\/personalized-triangle-pop-out-banner-custom-pop-up-signs\/","title":{"rendered":"Mukautetut ponnahduskyltit kolmiolla"},"content":{"rendered":"","protected":false},"excerpt":{"rendered":"<p>Kolmion ponnahdusbannerit tarjoavat tyylikk\u00e4\u00e4n ja tehokkaan tavan mainostaa br\u00e4ndi\u00e4si tai yrityst\u00e4si. Niiden helposti koottava muotoilu, joka on valmistettu kevyest\u00e4 ja kest\u00e4v\u00e4st\u00e4 persikkanahkakankaasta, tekee niist\u00e4 t\u00e4ydelliset messuille, tapahtumiin ja konferensseihin. Mukana toimitettavan s\u00e4ilytys- ja kuljetuslaukun ansiosta n\u00e4m\u00e4 bannerit eiv\u00e4t ole vain k\u00e4tevi\u00e4 k\u00e4ytt\u00e4\u00e4, vaan ne my\u00f6s kiinnitt\u00e4v\u00e4t taatusti kohdeyleis\u00f6si huomion. Olitpa ilmoittamassa uudesta tuotteesta, alennuksesta tai tulevasta tapahtumasta, n\u00e4m\u00e4 bannerit tekev\u00e4t pysyv\u00e4n vaikutuksen sek\u00e4 sis\u00e4ll\u00e4 ett\u00e4 ulkona jousimetalliter\u00e4ksill\u00e4 ja tapeilla.<br \/>\nVie mainontasi uudelle tasolle kolmion ponnahdusbannerin avulla. Selke\u00e4 asennusopas sis\u00e4lt\u00e4\u00e4 kaikki ty\u00f6kalut, joita tarvitset bannerin asentamiseen ja poistamiseen helposti. Anna lausunto seuraavassa tapahtumassasi tai konferenssissasi sijoittamalla pop-out-banneriin jo t\u00e4n\u00e4\u00e4n.<\/p>\n<div style=\"width: 1280px;\" class=\"wp-video\"><!--[if lt IE 9]><script>document.createElement('video');<\/script><![endif]--><br \/>\n<video class=\"wp-video-shortcode\" id=\"video-1078-1\" width=\"1280\" height=\"720\" loop autoplay preload=\"metadata\" controls=\"controls\"><source type=\"video\/mp4\" src=\"http:\/\/cmykprinted.com\/wp-content\/uploads\/2022\/12\/Triangle-Pop-Up-Banners.mp4?_=1\" \/><a href=\"http:\/\/cmykprinted.com\/wp-content\/uploads\/2022\/12\/Triangle-Pop-Up-Banners.mp4\">http:\/\/cmykprinted.com\/wp-content\/uploads\/2022\/12\/Triangle-Pop-Up-Banners.mp4<\/a><\/video><\/div>","protected":false},"featured_media":1079,"template":"","meta":{"_kad_post_transparent":"default","_kad_post_title":"hide","_kad_post_layout":"fullwidth","_kad_post_sidebar_id":"","_kad_post_content_style":"unboxed","_kad_post_vertical_padding":"hide","_kad_post_feature":"hide","_kad_post_feature_position":"","_kad_post_header":false,"_kad_post_footer":false},"product_cat":[92,95],"product_tag":[314,315,313,316],"class_list":{"0":"post-1078","1":"product","2":"type-product","3":"status-publish","4":"has-post-thumbnail","6":"product_cat-pop-up-banners","7":"product_cat-triangle-pop-up-banners","8":"product_tag-custom-pop-up-signs","9":"product_tag-personalized-pop-up-signs","10":"product_tag-triangle-pop-out-banner","11":"product_tag-triangle-pop-up-signs","13":"first","14":"instock","15":"shipping-taxable","16":"product-type-simple","17":"entry","18":"content-bg","19":"loop-entry"},"_links":{"self":[{"href":"https:\/\/cmykprinted.com\/fi\/wp-json\/wp\/v2\/product\/1078","targetHints":{"allow":["GET"]}}],"collection":[{"href":"https:\/\/cmykprinted.com\/fi\/wp-json\/wp\/v2\/product"}],"about":[{"href":"https:\/\/cmykprinted.com\/fi\/wp-json\/wp\/v2\/types\/product"}],"version-history":[{"count":2,"href":"https:\/\/cmykprinted.com\/fi\/wp-json\/wp\/v2\/product\/1078\/revisions"}],"predecessor-version":[{"id":1086,"href":"https:\/\/cmykprinted.com\/fi\/wp-json\/wp\/v2\/product\/1078\/revisions\/1086"}],"wp:featuredmedia":[{"embeddable":true,"href":"https:\/\/cmykprinted.com\/fi\/wp-json\/wp\/v2\/media\/1079"}],"wp:attachment":[{"href":"https:\/\/cmykprinted.com\/fi\/wp-json\/wp\/v2\/media?parent=1078"}],"wp:term":[{"taxonomy":"product_cat","embeddable":true,"href":"https:\/\/cmykprinted.com\/fi\/wp-json\/wp\/v2\/product_cat?post=1078"},{"taxonomy":"product_tag","embeddable":true,"href":"https:\/\/cmykprinted.com\/fi\/wp-json\/wp\/v2\/product_tag?post=1078"}],"curies":[{"name":"wp","href":"https:\/\/api.w.org\/{rel}","templated":true}]}}