{"id":1095,"date":"2023-02-13T15:30:16","date_gmt":"2023-02-13T15:30:16","guid":{"rendered":"https:\/\/cmykprinted.com\/?post_type=product&#038;p=1095"},"modified":"2023-02-13T15:34:49","modified_gmt":"2023-02-13T15:34:49","slug":"waterproof-custom-uv-3d-metal-transfer-stickers-labels","status":"publish","type":"product","link":"https:\/\/cmykprinted.com\/fi\/tuote\/waterproof-custom-uv-3d-metal-transfer-stickers-labels\/","title":{"rendered":"Vedenpit\u00e4v\u00e4t mukautetut UV-3D-metallisiirtotarrat"},"content":{"rendered":"","protected":false},"excerpt":{"rendered":"<p>3D-metallinsiirtotarrat tarjoavat ainutlaatuisen ja tyylikk\u00e4\u00e4n etikettiratkaisun, jossa k\u00e4ytet\u00e4\u00e4n vahvaa nikkelikalvoa 3D-efektin luomiseen. Ylim\u00e4\u00e4r\u00e4inen materiaali on leikattu pois mallista, jolloin tuloksena on tyylik\u00e4s ja hienostunut ulkon\u00e4k\u00f6 &quot;ei etiketti\u00e4&quot;. T\u00e4ydelliset premium-tuotteisiin tai s\u00e4hk\u00f6iseen kaupank\u00e4yntiin sopivat tarrat valmistetaan tulostamalla kuvio nikkelifoliolle erityisell\u00e4 painoprosessilla. Ylim\u00e4\u00e4r\u00e4isen materiaalin poistamisen j\u00e4lkeen kohotetut elementit peitet\u00e4\u00e4n liimakerroksella, joten ne sopivat levitett\u00e4v\u00e4ksi erilaisille pinnoille, kuten muoville, metallille ja paperille.<br \/>\nYksi n\u00e4iden 3D-metallisiirtotarrojen t\u00e4rkeimmist\u00e4 eduista on niiden kest\u00e4vyys. Korroosionkest\u00e4v\u00e4st\u00e4 nikkelist\u00e4 valmistetut ne kest\u00e4v\u00e4t kulumista ja s\u00e4ilytt\u00e4v\u00e4t laatunsa ajan my\u00f6t\u00e4. Lis\u00e4ksi ne kest\u00e4v\u00e4t haalistumista ja v\u00e4rimuutoksia, mik\u00e4 takaa pitk\u00e4kestoisen etikettiratkaisun. N\u00e4iden tarrojen 3D-efekti lis\u00e4\u00e4 my\u00f6s houkuttelevan ja erottuvan silauksen tuotepakkaukseesi tai tuotemerkkiisi.<\/p>\n<div style=\"width: 1280px;\" class=\"wp-video\"><!--[if lt IE 9]><script>document.createElement('video');<\/script><![endif]--><br \/>\n<video class=\"wp-video-shortcode\" id=\"video-1095-1\" width=\"1280\" height=\"720\" loop autoplay preload=\"metadata\" controls=\"controls\"><source type=\"video\/mp4\" src=\"http:\/\/cmykprinted.com\/wp-content\/uploads\/2022\/12\/Metal-Transfer-Sticker.mp4?_=1\" \/><a href=\"http:\/\/cmykprinted.com\/wp-content\/uploads\/2022\/12\/Metal-Transfer-Sticker.mp4\">http:\/\/cmykprinted.com\/wp-content\/uploads\/2022\/12\/Metal-Transfer-Sticker.mp4<\/a><\/video><\/div>\n<p>&nbsp;<\/p>","protected":false},"featured_media":1096,"template":"","meta":{"_kad_post_transparent":"default","_kad_post_title":"hide","_kad_post_layout":"fullwidth","_kad_post_sidebar_id":"","_kad_post_content_style":"unboxed","_kad_post_vertical_padding":"hide","_kad_post_feature":"hide","_kad_post_feature_position":"","_kad_post_header":false,"_kad_post_footer":false},"product_cat":[101,102],"product_tag":[299],"class_list":{"0":"post-1095","1":"product","2":"type-product","3":"status-publish","4":"has-post-thumbnail","6":"product_cat-transfer-stickers","7":"product_cat-metal-transfer-stickers","8":"product_tag-3d-metal-transfer-stickers","10":"first","11":"instock","12":"shipping-taxable","13":"product-type-simple","14":"entry","15":"content-bg","16":"loop-entry"},"_links":{"self":[{"href":"https:\/\/cmykprinted.com\/fi\/wp-json\/wp\/v2\/product\/1095","targetHints":{"allow":["GET"]}}],"collection":[{"href":"https:\/\/cmykprinted.com\/fi\/wp-json\/wp\/v2\/product"}],"about":[{"href":"https:\/\/cmykprinted.com\/fi\/wp-json\/wp\/v2\/types\/product"}],"version-history":[{"count":2,"href":"https:\/\/cmykprinted.com\/fi\/wp-json\/wp\/v2\/product\/1095\/revisions"}],"predecessor-version":[{"id":1103,"href":"https:\/\/cmykprinted.com\/fi\/wp-json\/wp\/v2\/product\/1095\/revisions\/1103"}],"wp:featuredmedia":[{"embeddable":true,"href":"https:\/\/cmykprinted.com\/fi\/wp-json\/wp\/v2\/media\/1096"}],"wp:attachment":[{"href":"https:\/\/cmykprinted.com\/fi\/wp-json\/wp\/v2\/media?parent=1095"}],"wp:term":[{"taxonomy":"product_cat","embeddable":true,"href":"https:\/\/cmykprinted.com\/fi\/wp-json\/wp\/v2\/product_cat?post=1095"},{"taxonomy":"product_tag","embeddable":true,"href":"https:\/\/cmykprinted.com\/fi\/wp-json\/wp\/v2\/product_tag?post=1095"}],"curies":[{"name":"wp","href":"https:\/\/api.w.org\/{rel}","templated":true}]}}