{"id":1104,"date":"2023-02-13T15:48:44","date_gmt":"2023-02-13T15:48:44","guid":{"rendered":"https:\/\/cmykprinted.com\/?post_type=product&#038;p=1104"},"modified":"2023-02-13T15:54:13","modified_gmt":"2023-02-13T15:54:13","slug":"low-price-custom-feather-flags-for-indoor-and-outdoor-use","status":"publish","type":"product","link":"https:\/\/cmykprinted.com\/fi\/tuote\/low-price-custom-feather-flags-for-indoor-and-outdoor-use\/","title":{"rendered":"Edulliset mukautetut h\u00f6yhenliput sis\u00e4- ja ulkok\u00e4ytt\u00f6\u00f6n"},"content":{"rendered":"","protected":false},"excerpt":{"rendered":"<p>Mukautetut h\u00f6yhenliput ovat tehokas mainosty\u00f6kalu yrityksille ja organisaatioille, jotka vaativat vaivatonta tapaa mainostaa br\u00e4ndi\u00e4\u00e4n tai viesti\u00e4\u00e4n. N\u00e4m\u00e4 liput on helppo asentaa ja ne voidaan sijoittaa mihin tahansa paikkaan, mik\u00e4 tekee niist\u00e4 k\u00e4yt\u00e4nn\u00f6llisen ratkaisun. H\u00f6yhenlippumasto on valmistettu kest\u00e4vist\u00e4 materiaaleista, kuten alumiinista ja lasikuidusta, mik\u00e4 varmistaa, ett\u00e4 se pysyy pystyss\u00e4 my\u00f6s tuulisissa olosuhteissa ja huonossa s\u00e4\u00e4ss\u00e4. Itse lippu on painettu korkealaatuiselle 115 g\/m2 polyesterikankaalle, jonka k\u00e4\u00e4nt\u00f6puolella on l\u00e4hes 100% heijastus, mik\u00e4 varmistaa, ett\u00e4 lippu on helposti n\u00e4kyviss\u00e4 ja luettavissa kaukaa.<br \/>\nKest\u00e4vyyden ja n\u00e4kyvyyden lis\u00e4ksi mukautetut h\u00f6yhenliput ovat my\u00f6s k\u00e4tevi\u00e4 kuljettaa ja viev\u00e4t v\u00e4h\u00e4n tilaa. Niit\u00e4 voidaan helposti siirt\u00e4\u00e4 paikasta toiseen ja ne voidaan asentaa mille tahansa pinnalle k\u00e4ytt\u00e4m\u00e4ll\u00e4 erilaisia alustavaihtoehtoja.<br \/>\nYhteenvetona voidaan todeta, ett\u00e4 mukautetut h\u00f6yhenliput ovat joustava ja tehokas tapa mainostaa br\u00e4ndi\u00e4si tai viesti\u00e4si. Helppo koota, tukevuus ja hyv\u00e4 n\u00e4kyvyys tekev\u00e4t niist\u00e4 ihanteellisen valinnan mille tahansa yritykselle tai organisaatiolle, joka haluaa her\u00e4tt\u00e4\u00e4 huomiota.<\/p>\n<div style=\"width: 1280px;\" class=\"wp-video\"><!--[if lt IE 9]><script>document.createElement('video');<\/script><![endif]--><br \/>\n<video class=\"wp-video-shortcode\" id=\"video-1104-1\" width=\"1280\" height=\"720\" loop autoplay preload=\"metadata\" controls=\"controls\"><source type=\"video\/mp4\" src=\"http:\/\/cmykprinted.com\/wp-content\/uploads\/2022\/12\/Feather-beach-flags.mp4?_=1\" \/><a href=\"http:\/\/cmykprinted.com\/wp-content\/uploads\/2022\/12\/Feather-beach-flags.mp4\">http:\/\/cmykprinted.com\/wp-content\/uploads\/2022\/12\/Feather-beach-flags.mp4<\/a><\/video><\/div>","protected":false},"featured_media":1105,"template":"","meta":{"_kad_post_transparent":"default","_kad_post_title":"hide","_kad_post_layout":"fullwidth","_kad_post_sidebar_id":"","_kad_post_content_style":"unboxed","_kad_post_vertical_padding":"hide","_kad_post_feature":"hide","_kad_post_feature_position":"","_kad_post_header":false,"_kad_post_footer":false},"product_cat":[64,65],"product_tag":[321,322,323,204],"class_list":{"0":"post-1104","1":"product","2":"type-product","3":"status-publish","4":"has-post-thumbnail","6":"product_cat-beach-flags","7":"product_cat-feather-flags-banners","8":"product_tag-custom-feather-flags","9":"product_tag-indoor-feather-flags","10":"product_tag-low-price-feather-flags","11":"product_tag-outdoor-feather-flags","13":"first","14":"instock","15":"shipping-taxable","16":"product-type-simple","17":"entry","18":"content-bg","19":"loop-entry"},"_links":{"self":[{"href":"https:\/\/cmykprinted.com\/fi\/wp-json\/wp\/v2\/product\/1104","targetHints":{"allow":["GET"]}}],"collection":[{"href":"https:\/\/cmykprinted.com\/fi\/wp-json\/wp\/v2\/product"}],"about":[{"href":"https:\/\/cmykprinted.com\/fi\/wp-json\/wp\/v2\/types\/product"}],"version-history":[{"count":2,"href":"https:\/\/cmykprinted.com\/fi\/wp-json\/wp\/v2\/product\/1104\/revisions"}],"predecessor-version":[{"id":1112,"href":"https:\/\/cmykprinted.com\/fi\/wp-json\/wp\/v2\/product\/1104\/revisions\/1112"}],"wp:featuredmedia":[{"embeddable":true,"href":"https:\/\/cmykprinted.com\/fi\/wp-json\/wp\/v2\/media\/1105"}],"wp:attachment":[{"href":"https:\/\/cmykprinted.com\/fi\/wp-json\/wp\/v2\/media?parent=1104"}],"wp:term":[{"taxonomy":"product_cat","embeddable":true,"href":"https:\/\/cmykprinted.com\/fi\/wp-json\/wp\/v2\/product_cat?post=1104"},{"taxonomy":"product_tag","embeddable":true,"href":"https:\/\/cmykprinted.com\/fi\/wp-json\/wp\/v2\/product_tag?post=1104"}],"curies":[{"name":"wp","href":"https:\/\/api.w.org\/{rel}","templated":true}]}}