{"id":1975,"date":"2024-03-28T09:29:25","date_gmt":"2024-03-28T09:29:25","guid":{"rendered":"https:\/\/cmykprinted.com\/?post_type=product&#038;p=1975"},"modified":"2024-03-28T10:00:58","modified_gmt":"2024-03-28T10:00:58","slug":"best-custom-polyester-nylon-flags-for-indoor-and-outdoor","status":"publish","type":"product","link":"https:\/\/cmykprinted.com\/fi\/tuote\/parhaat-mukautetut-polyesteri-nylon-liput-sisa-ja-ulkokayttoon\/","title":{"rendered":"Parhaat mukautetut polyesteri-nylon-liput sis\u00e4- ja ulkok\u00e4ytt\u00f6\u00f6n"},"content":{"rendered":"","protected":false},"excerpt":{"rendered":"<p>R\u00e4\u00e4t\u00e4l\u00f6idyt liput toimivat tehokkaana mainosv\u00e4lineen\u00e4 hy\u00f6dynt\u00e4en eloisia s\u00e4vyj\u00e4 ja dynaamista liikett\u00e4 kiinnitt\u00e4\u00e4kseen huomion ja parantaakseen n\u00e4kyvyytt\u00e4. Erilaisia \u200b\u200bpainotekniikoita on saatavilla r\u00e4\u00e4t\u00e4l\u00f6intiin, kuten digitaalinen painatus (vesipainatus nailonille), silkkipainatus ja v\u00e4risublimaatiopainatus. Golden Mouth Advertising Factoryssa valitsemme joko silkkipainatuksen tai digitaalisen painatuksen 200\/210D-nylonille tai neulotulle polyesterille. Valitsemme materiaalin ja tulostustavan asiakkaan budjetin, taideteosten ja lippum\u00e4\u00e4r\u00e4vaatimusten perusteella. Vaikka k\u00e4yt\u00e4mme sublimaatiopainatusmenetelm\u00e4\u00e4, sen rajallinen musteen tunkeutuminen tekee siit\u00e4 sopivamman vaihtoehtoiseen kangaspainatukseen, kuten mukautettuihin taustoihin ja p\u00f6yt\u00e4liinoihin. Mukautetun painetun lipun osalta k\u00e4yt\u00e4mme yleens\u00e4 digitaalista tulostusta, t\u00e4ll\u00e4 tavalla, hinta on halvin.<\/p>\n<p>&nbsp;<\/p>\n<p>&nbsp;<\/p>\n<p>&nbsp;<\/p>\n<p>&nbsp;<\/p>\n<p>&nbsp;<\/p>\n<p>&nbsp;<\/p>","protected":false},"featured_media":1976,"template":"","meta":{"_kad_post_transparent":"default","_kad_post_title":"hide","_kad_post_layout":"fullwidth","_kad_post_sidebar_id":"","_kad_post_content_style":"unboxed","_kad_post_vertical_padding":"hide","_kad_post_feature":"hide","_kad_post_feature_position":"","_kad_post_header":false,"_kad_post_footer":false},"product_cat":[79],"product_tag":[394,389,397,396,399,395,398],"class_list":{"0":"post-1975","1":"product","2":"type-product","3":"status-publish","4":"has-post-thumbnail","6":"product_cat-custom-flags","7":"product_tag-custom-polyester-nylon-flags","8":"product_tag-custom-printed-flags","9":"product_tag-dye-sublimation-printing-flags","10":"product_tag-flags-printing","11":"product_tag-knitted-fabric-flags","12":"product_tag-nylon-flags","13":"product_tag-polyester-flags","15":"first","16":"instock","17":"shipping-taxable","18":"product-type-simple","19":"entry","20":"content-bg","21":"loop-entry"},"_links":{"self":[{"href":"https:\/\/cmykprinted.com\/fi\/wp-json\/wp\/v2\/product\/1975","targetHints":{"allow":["GET"]}}],"collection":[{"href":"https:\/\/cmykprinted.com\/fi\/wp-json\/wp\/v2\/product"}],"about":[{"href":"https:\/\/cmykprinted.com\/fi\/wp-json\/wp\/v2\/types\/product"}],"version-history":[{"count":1,"href":"https:\/\/cmykprinted.com\/fi\/wp-json\/wp\/v2\/product\/1975\/revisions"}],"predecessor-version":[{"id":1983,"href":"https:\/\/cmykprinted.com\/fi\/wp-json\/wp\/v2\/product\/1975\/revisions\/1983"}],"wp:featuredmedia":[{"embeddable":true,"href":"https:\/\/cmykprinted.com\/fi\/wp-json\/wp\/v2\/media\/1976"}],"wp:attachment":[{"href":"https:\/\/cmykprinted.com\/fi\/wp-json\/wp\/v2\/media?parent=1975"}],"wp:term":[{"taxonomy":"product_cat","embeddable":true,"href":"https:\/\/cmykprinted.com\/fi\/wp-json\/wp\/v2\/product_cat?post=1975"},{"taxonomy":"product_tag","embeddable":true,"href":"https:\/\/cmykprinted.com\/fi\/wp-json\/wp\/v2\/product_tag?post=1975"}],"curies":[{"name":"wp","href":"https:\/\/api.w.org\/{rel}","templated":true}]}}