{"id":2158,"date":"2024-07-17T10:08:07","date_gmt":"2024-07-17T10:08:07","guid":{"rendered":"https:\/\/cmykprinted.com\/?post_type=product&#038;p=2158"},"modified":"2024-07-17T10:08:08","modified_gmt":"2024-07-17T10:08:08","slug":"cheap-custom-made-flags","status":"publish","type":"product","link":"https:\/\/cmykprinted.com\/fi\/tuote\/halvat-tilauksesta-tehdyt-liput\/","title":{"rendered":"Halpoja mittatilausty\u00f6n\u00e4 valmistettuja lippuja"},"content":{"rendered":"","protected":false},"excerpt":{"rendered":"<p>Tarjoamme CMYK-t\u00e4ysv\u00e4risi\u00e4 r\u00e4\u00e4t\u00e4l\u00f6ityj\u00e4 painettuja lippuja. Digitaalinen painatus ja v\u00e4risublimaatiotulostus voivat tarjota mit\u00e4 tahansa t\u00e4ysv\u00e4risi\u00e4 painettuja kankaita, silkkipainatus ja vesipainatus tarjoavat yksinkertaisen logopainatuksen.<\/p>\n<p>yksipuoliset tai kaksipuoliset painetut liput<br \/>\nmukautetut polyesteriliput, mukautetut puuvillaliput, mukautetut h\u00f6yhenliput, mukautetut kyynelliput, mukautetut suorakaiteen muotoiset liput.<br \/>\nmit\u00e4 tahansa r\u00e4\u00e4t\u00e4l\u00f6ityj\u00e4 viimeistelyj\u00e4, joita voimme tehd\u00e4, kuten: holkki tangolle, l\u00e4piviennit lipun reunan ymp\u00e4rille ripustamista varten.<br \/>\nMOQ: 1 kpl r\u00e4\u00e4t\u00e4l\u00f6ity grafiikka painettu<br \/>\nPantone-numero, joka vastaa painettua v\u00e4ri\u00e4.<\/p>\n<div style=\"width: 960px;\" class=\"wp-video\"><!--[if lt IE 9]><script>document.createElement('video');<\/script><![endif]--><br \/>\n<video class=\"wp-video-shortcode\" id=\"video-2158-1\" width=\"960\" height=\"540\" preload=\"metadata\" controls=\"controls\"><source type=\"video\/mp4\" src=\"https:\/\/cmykprinted.com\/wp-content\/uploads\/2024\/07\/custom-printed-flags.mp4?_=1\" \/><a href=\"https:\/\/cmykprinted.com\/wp-content\/uploads\/2024\/07\/custom-printed-flags.mp4\">https:\/\/cmykprinted.com\/wp-content\/uploads\/2024\/07\/custom-printed-flags.mp4<\/a><\/video><\/div>\n<p>&nbsp;<\/p>\n<p>&nbsp;<\/p>\n<p>&nbsp;<\/p>","protected":false},"featured_media":2159,"template":"","meta":{"_kad_post_transparent":"default","_kad_post_title":"hide","_kad_post_layout":"fullwidth","_kad_post_sidebar_id":"","_kad_post_content_style":"unboxed","_kad_post_vertical_padding":"hide","_kad_post_feature":"hide","_kad_post_feature_position":"","_kad_post_header":false,"_kad_post_footer":false},"product_cat":[79],"product_tag":[478,475,473,477,476,389,474],"class_list":{"0":"post-2158","1":"product","2":"type-product","3":"status-publish","4":"has-post-thumbnail","6":"product_cat-custom-flags","7":"product_tag-color-guard-custom-flags","8":"product_tag-cruise-custom-flags","9":"product_tag-custom-flags-3x5","10":"product_tag-custom-flags-3x5-double-sided","11":"product_tag-custom-flags-for-flag-football","12":"product_tag-custom-printed-flags","13":"product_tag-customize-flags","15":"first","16":"instock","17":"shipping-taxable","18":"product-type-simple","19":"entry","20":"content-bg","21":"loop-entry"},"_links":{"self":[{"href":"https:\/\/cmykprinted.com\/fi\/wp-json\/wp\/v2\/product\/2158","targetHints":{"allow":["GET"]}}],"collection":[{"href":"https:\/\/cmykprinted.com\/fi\/wp-json\/wp\/v2\/product"}],"about":[{"href":"https:\/\/cmykprinted.com\/fi\/wp-json\/wp\/v2\/types\/product"}],"version-history":[{"count":1,"href":"https:\/\/cmykprinted.com\/fi\/wp-json\/wp\/v2\/product\/2158\/revisions"}],"predecessor-version":[{"id":2165,"href":"https:\/\/cmykprinted.com\/fi\/wp-json\/wp\/v2\/product\/2158\/revisions\/2165"}],"wp:featuredmedia":[{"embeddable":true,"href":"https:\/\/cmykprinted.com\/fi\/wp-json\/wp\/v2\/media\/2159"}],"wp:attachment":[{"href":"https:\/\/cmykprinted.com\/fi\/wp-json\/wp\/v2\/media?parent=2158"}],"wp:term":[{"taxonomy":"product_cat","embeddable":true,"href":"https:\/\/cmykprinted.com\/fi\/wp-json\/wp\/v2\/product_cat?post=2158"},{"taxonomy":"product_tag","embeddable":true,"href":"https:\/\/cmykprinted.com\/fi\/wp-json\/wp\/v2\/product_tag?post=2158"}],"curies":[{"name":"wp","href":"https:\/\/api.w.org\/{rel}","templated":true}]}}