{"id":2189,"date":"2024-09-18T13:06:31","date_gmt":"2024-09-18T13:06:31","guid":{"rendered":"https:\/\/cmykprinted.com\/?post_type=product&#038;p=2189"},"modified":"2024-09-19T01:45:11","modified_gmt":"2024-09-19T01:45:11","slug":"full-colors-custom-8-feet-printed-spandex-table-covers","status":"publish","type":"product","link":"https:\/\/cmykprinted.com\/fi\/tuote\/taysvari-mukautetut-8-jalkaa-painettu-spandex-poytaliinat\/","title":{"rendered":"T\u00e4ysv\u00e4riset mukautetut 8 jalkaa painetut spandex-p\u00f6yt\u00e4kannet"},"content":{"rendered":"","protected":false},"excerpt":{"rendered":"<p><strong>Mukautetut painetut spandex-p\u00f6yt\u00e4kannet: t\u00e4ydellinen n\u00e4ytt\u00f6 br\u00e4ndillesi<\/strong><\/p>\n<p>Painetuista spandex-p\u00f6yt\u00e4p\u00e4\u00e4llisist\u00e4 on tullut katkottua messujen, myynninedist\u00e4mistapahtumien ja v\u00e4hitt\u00e4ismyyntiesineiden maailmassa. N\u00e4m\u00e4 sulavat, tyylikk\u00e4\u00e4t joustavat spandex-p\u00f6yt\u00e4p\u00e4\u00e4lliset tarjoavat sek\u00e4 muodon ett\u00e4 toiminnallisuuden, ja ne on suunniteltu tarjoamaan tiukka istuvuus, eloisa ulkon\u00e4k\u00f6 ja vertaansa vailla oleva kest\u00e4vyys.<\/p>\n<p><strong>R\u00e4\u00e4t\u00e4l\u00f6ity istuvuus tarpeisiisi<\/strong><\/p>\n<p>Spandex-p\u00f6yt\u00e4p\u00e4\u00e4llyksi\u00e4mme on saatavana useissa eri kokoonpanoissa vastaamaan erityisvaatimuksiasi. Tarvitsetpa 4-puolisen kannen, vetoketjulla varustetun 4-puolisen kannen helpon p\u00e4\u00e4syn p\u00f6yd\u00e4n alla olevaan s\u00e4ilytystilaan tai 3-puoleisen, avoimen takaosan, jotta henkil\u00f6kunnan j\u00e4sen voi istua n\u00e4yt\u00f6n \u00e4\u00e4ress\u00e4, olemme suojasi sinut. Spandex\/polyesterikangassekoitus varmistaa muotoon sopivan, l\u00e4hes rypistym\u00e4tt\u00f6m\u00e4n viimeistelyn, joka n\u00e4ytt\u00e4\u00e4 hyv\u00e4lt\u00e4 kaikissa olosuhteissa.<\/p>\n<p>N\u00e4m\u00e4 p\u00e4\u00e4lliset on suunniteltu sek\u00e4 sis\u00e4- ett\u00e4 ulkotapahtumiin, ja ne ovat suosittuja messuilla, v\u00e4hitt\u00e4ismyym\u00e4l\u00f6iss\u00e4, myynninedist\u00e4mistapahtumissa ja yritysten auloissa. Vahvistetut reisitaskut ja kest\u00e4v\u00e4t vetoketjut on ommeltu kaksinkertaisesti kest\u00e4vyyden lis\u00e4\u00e4miseksi, mik\u00e4 varmistaa, ett\u00e4 kansi pysyy tukevasti paikallaan my\u00f6s tuulisissa olosuhteissa. Sinun ei tarvitse en\u00e4\u00e4 huolehtia siit\u00e4, ett\u00e4 p\u00f6yt\u00e4liina puhaltaa ulos ulkona.<\/p>\n<p>Laadukas kangas ja painatus takaavat parhaan mahdollisen vaikutuksen<\/p>\n<p>P\u00f6yt\u00e4peitteemme erottaa materiaalin laatu ja painoprosessi. 280 GSM-kankaasta valmistetut p\u00e4\u00e4lliset ovat paksumpia ja kest\u00e4v\u00e4mpi\u00e4 kuin useimmat kilpailijat, ja se n\u00e4kyy lopputuotteessa. Keskitymme jokaiseen yksityiskohtaan, jotta voimme toimittaa odotukset ylitt\u00e4v\u00e4n tuotteen.<\/p>\n<p>Vahvistetut polypropeenista valmistetut jalkataskut ovat eritt\u00e4in leveit\u00e4, joten ne sopivat kaikkiin p\u00f6yt\u00e4jalkojen kokoonpanoihin. T\u00e4m\u00e4 huolellinen suunnitteluun kiinnitetty huomio tekee kansista paitsi kest\u00e4vi\u00e4, my\u00f6s monipuolisia, sopivia kaikkiin tapahtumiin.<\/p>\n<p>Yksi spandex-p\u00f6yt\u00e4liinojemme t\u00e4rkeimmist\u00e4 ominaisuuksista on eloisa, korkealaatuinen logopainatus, joka tekee br\u00e4ndist\u00e4si erottuvan. V\u00e4risublimaatioteknologian avulla siirr\u00e4mme suunnittelusi voimakkaalla l\u00e4mm\u00f6ll\u00e4 upottamalla v\u00e4rit kokonaan kankaaseen. T\u00e4m\u00e4 edistynyt tulostustekniikka tuottaa pysyvi\u00e4, loistavia v\u00e4rej\u00e4, jotka eiv\u00e4t haalistu. Halusitpa tulostaa tuhansia v\u00e4rej\u00e4, korkealaatuisia valokuvakuvia tai spottiv\u00e4rielementtej\u00e4, voimme her\u00e4tt\u00e4\u00e4 visiosi eloon.<\/p>\n<p>Painatusprosessimme varmistaa, ett\u00e4 logosi tai mallisi monimutkaisimmatkin yksityiskohdat &#034;pomppaavat&#034; antaen n\u00e4yt\u00f6llesi ammattimaisen, kiillotetun ilmeen. Voit halutessasi jopa luoda 3D-efektin suunnittelullasi.<\/p>\n<p>Mukautetut suunnitteluvaihtoehdot: Br\u00e4ndisi, sinun tapasi<\/p>\n<p>Tarjoamme t\u00e4ydelliset r\u00e4\u00e4t\u00e4l\u00f6intivaihtoehdot vastaamaan br\u00e4nd\u00e4ystarpeitasi. Valitse valkoinen tausta, yksi 20 varastov\u00e4rist\u00e4mme tai anna meille erityinen Pantone-v\u00e4ri tai -kuvio taustalle. Tarvitsetpa koko p\u00f6yt\u00e4kannen painettuna tai vain etupaneelin, tarjoamme molemmille vaihtoehdoille saman hinnan.<\/p>\n<p>Jos sinulla ei ole korkearesoluutioista taidetiedostoa, graafiset suunnittelijamme voivat auttaa muuntamaan olemassa olevan tiedostosi tai auttaa luomaan uuden painokuvion.<\/p>\n<p>Kest\u00e4v\u00e4 ja helppo huoltaa<\/p>\n<p>Spandex-p\u00f6yt\u00e4liinamme on suunniteltu kest\u00e4m\u00e4\u00e4n. Ne eiv\u00e4t vain ole rypistym\u00e4tt\u00f6mi\u00e4, vaan ne ovat my\u00f6s konepest\u00e4vi\u00e4 helpon hoidon vuoksi. K\u00e4yt\u00e4 vain vett\u00e4 pesuun ilman valkaisujauhetta. N\u00e4m\u00e4 kannet venyv\u00e4t heti takaisin muotoonsa ja antavat sinulle ammattimaisen ilmeen joka kerta.<\/p>\n<p>Nopeat ja luotettavat tuotantoajat<\/p>\n<p>Ymm\u00e4rr\u00e4mme m\u00e4\u00e4r\u00e4aikojen t\u00e4rkeyden, mink\u00e4 vuoksi tarjoamme joustavia tuotantoaikatauluja:<\/p>\n<p>4 p\u00e4iv\u00e4n s\u00e4\u00e4st\u00f6tuotanto<br \/>\n3 p\u00e4iv\u00e4n vakiotuotanto<br \/>\n2 p\u00e4iv\u00e4n ruuhkatuotanto<br \/>\nSeuraavan p\u00e4iv\u00e4n pikatuotanto<br \/>\nSame Day Rush Critical Production<br \/>\nTakaamme my\u00f6s tuotantoaikamme. Jos emme t\u00e4yt\u00e4 taattua aikajanaa, saat t\u00e4yden hyvityksen, ja p\u00f6yt\u00e4liinasi tulostetaan ja l\u00e4hetet\u00e4\u00e4n edelleen veloituksetta.<\/p>\n<p>Ei piilomaksuja: Mit\u00e4 n\u00e4et, sen saat.<\/p>\n<div style=\"width: 854px;\" class=\"wp-video\"><!--[if lt IE 9]><script>document.createElement('video');<\/script><![endif]--><br \/>\n<video class=\"wp-video-shortcode\" id=\"video-2189-1\" width=\"854\" height=\"480\" preload=\"metadata\" controls=\"controls\"><source type=\"video\/mp4\" src=\"https:\/\/cmykprinted.com\/wp-content\/uploads\/2024\/09\/printed-spandex-table-covers.mp4?_=1\" \/><a href=\"https:\/\/cmykprinted.com\/wp-content\/uploads\/2024\/09\/printed-spandex-table-covers.mp4\">https:\/\/cmykprinted.com\/wp-content\/uploads\/2024\/09\/printed-spandex-table-covers.mp4<\/a><\/video><\/div>","protected":false},"featured_media":2193,"template":"","meta":{"_kad_post_transparent":"default","_kad_post_title":"hide","_kad_post_layout":"fullwidth","_kad_post_sidebar_id":"","_kad_post_content_style":"unboxed","_kad_post_vertical_padding":"hide","_kad_post_feature":"hide","_kad_post_feature_position":"","_kad_post_header":false,"_kad_post_footer":false},"product_cat":[80,81,83],"product_tag":[496,497,498,494,495],"class_list":{"0":"post-2189","1":"product","2":"type-product","3":"status-publish","4":"has-post-thumbnail","6":"product_cat-custom-tablecloth","7":"product_cat-custom-stretch-tablecloth","8":"product_cat-fitted-table-cover","9":"product_tag-8-feet-printed-spandex-table-covers","10":"product_tag-custom-8-feet-table-cover","11":"product_tag-full-colors-printed-table-covers","12":"product_tag-printed-spandex-table-covers","13":"product_tag-spandex-table-covers","15":"first","16":"instock","17":"shipping-taxable","18":"product-type-simple","19":"entry","20":"content-bg","21":"loop-entry"},"_links":{"self":[{"href":"https:\/\/cmykprinted.com\/fi\/wp-json\/wp\/v2\/product\/2189","targetHints":{"allow":["GET"]}}],"collection":[{"href":"https:\/\/cmykprinted.com\/fi\/wp-json\/wp\/v2\/product"}],"about":[{"href":"https:\/\/cmykprinted.com\/fi\/wp-json\/wp\/v2\/types\/product"}],"version-history":[{"count":2,"href":"https:\/\/cmykprinted.com\/fi\/wp-json\/wp\/v2\/product\/2189\/revisions"}],"predecessor-version":[{"id":2200,"href":"https:\/\/cmykprinted.com\/fi\/wp-json\/wp\/v2\/product\/2189\/revisions\/2200"}],"wp:featuredmedia":[{"embeddable":true,"href":"https:\/\/cmykprinted.com\/fi\/wp-json\/wp\/v2\/media\/2193"}],"wp:attachment":[{"href":"https:\/\/cmykprinted.com\/fi\/wp-json\/wp\/v2\/media?parent=2189"}],"wp:term":[{"taxonomy":"product_cat","embeddable":true,"href":"https:\/\/cmykprinted.com\/fi\/wp-json\/wp\/v2\/product_cat?post=2189"},{"taxonomy":"product_tag","embeddable":true,"href":"https:\/\/cmykprinted.com\/fi\/wp-json\/wp\/v2\/product_tag?post=2189"}],"curies":[{"name":"wp","href":"https:\/\/api.w.org\/{rel}","templated":true}]}}