{"id":2204,"date":"2024-09-27T08:24:46","date_gmt":"2024-09-27T08:24:46","guid":{"rendered":"https:\/\/cmykprinted.com\/?post_type=product&#038;p=2204"},"modified":"2024-09-30T01:11:28","modified_gmt":"2024-09-30T01:11:28","slug":"custom-advertising-flags-for-promotional-business-use-at-best-price","status":"publish","type":"product","link":"https:\/\/cmykprinted.com\/fi\/tuote\/raataloidyt-mainoslippu-kampanjakayttoon-parhaaseen-hintaan\/","title":{"rendered":"R\u00e4\u00e4t\u00e4l\u00f6idyt mainosliput myynninedist\u00e4mis- ja yritysk\u00e4ytt\u00f6\u00f6n parhaaseen hintaan"},"content":{"rendered":"","protected":false},"excerpt":{"rendered":"<p>Etsitk\u00f6 tehokasta mutta edullista tapaa lis\u00e4t\u00e4 br\u00e4ndisi n\u00e4kyvyytt\u00e4? R\u00e4\u00e4t\u00e4l\u00f6idyt mainosliput ovat ihanteellinen ratkaisu yrityksille, jotka haluavat kiinnitt\u00e4\u00e4 huomiota ja houkutella lis\u00e4\u00e4 asiakkaita. N\u00e4m\u00e4 eloisat mukautetut painetut liput ovat tehokas markkinointity\u00f6kalu, joka parantaa myym\u00e4l\u00e4\u00e4si tai tapahtumaasi. R\u00e4\u00e4t\u00e4l\u00f6ityj\u00e4 mainoslippujamme voidaan k\u00e4ytt\u00e4\u00e4 paitsi liike-el\u00e4m\u00e4n tarkoituksiin, my\u00f6s urheilutapahtumien edist\u00e4miseen, kansallisp\u00e4iv\u00e4n lippujen esillepanoon ja ty\u00f6kaluna presidentinvaalikampanjoihin eri maissa. Anna ihmisten kaikkialla kadulla pit\u00e4\u00e4 lippuja, joissa on nimesi tai valokuvasi, ja hinta on my\u00f6s halpa. T\u00e4m\u00e4 on eritt\u00e4in tehokasta ja taloudellista \u00e4\u00e4nest\u00e4j\u00e4valvontaty\u00f6t\u00e4.<\/p>\n<p><strong>Tervetuloa ottamaan yhteytt\u00e4 myyntitiimiimme saadaksesi nopeimman parhaan palvelun ja ilmaisia \u200b\u200bn\u00e4ytteit\u00e4 n\u00e4hd\u00e4ksesi laatumme.<\/strong><\/p>\n<div style=\"width: 1280px;\" class=\"wp-video\"><!--[if lt IE 9]><script>document.createElement('video');<\/script><![endif]--><br \/>\n<video class=\"wp-video-shortcode\" id=\"video-2204-1\" width=\"1280\" height=\"576\" preload=\"metadata\" controls=\"controls\"><source type=\"video\/mp4\" src=\"https:\/\/cmykprinted.com\/wp-content\/uploads\/2024\/09\/custom-advertising-flags.mp4?_=1\" \/><a href=\"https:\/\/cmykprinted.com\/wp-content\/uploads\/2024\/09\/custom-advertising-flags.mp4\">https:\/\/cmykprinted.com\/wp-content\/uploads\/2024\/09\/custom-advertising-flags.mp4<\/a><\/video><\/div>\n<p>&nbsp;<\/p>","protected":false},"featured_media":2205,"template":"","meta":{"_kad_post_transparent":"default","_kad_post_title":"hide","_kad_post_layout":"fullwidth","_kad_post_sidebar_id":"","_kad_post_content_style":"unboxed","_kad_post_vertical_padding":"hide","_kad_post_feature":"hide","_kad_post_feature_position":"","_kad_post_header":false,"_kad_post_footer":false},"product_cat":[79],"product_tag":[500,499,503,501,502],"class_list":{"0":"post-2204","1":"product","2":"type-product","3":"status-publish","4":"has-post-thumbnail","6":"product_cat-custom-flags","7":"product_tag-advertising-flags","8":"product_tag-custom-advertising-flags","9":"product_tag-custom-advertising-flags-at-best-price","10":"product_tag-custom-flags","11":"product_tag-custom-flags-cheap","13":"first","14":"instock","15":"shipping-taxable","16":"product-type-simple","17":"entry","18":"content-bg","19":"loop-entry"},"_links":{"self":[{"href":"https:\/\/cmykprinted.com\/fi\/wp-json\/wp\/v2\/product\/2204","targetHints":{"allow":["GET"]}}],"collection":[{"href":"https:\/\/cmykprinted.com\/fi\/wp-json\/wp\/v2\/product"}],"about":[{"href":"https:\/\/cmykprinted.com\/fi\/wp-json\/wp\/v2\/types\/product"}],"version-history":[{"count":3,"href":"https:\/\/cmykprinted.com\/fi\/wp-json\/wp\/v2\/product\/2204\/revisions"}],"predecessor-version":[{"id":2212,"href":"https:\/\/cmykprinted.com\/fi\/wp-json\/wp\/v2\/product\/2204\/revisions\/2212"}],"wp:featuredmedia":[{"embeddable":true,"href":"https:\/\/cmykprinted.com\/fi\/wp-json\/wp\/v2\/media\/2205"}],"wp:attachment":[{"href":"https:\/\/cmykprinted.com\/fi\/wp-json\/wp\/v2\/media?parent=2204"}],"wp:term":[{"taxonomy":"product_cat","embeddable":true,"href":"https:\/\/cmykprinted.com\/fi\/wp-json\/wp\/v2\/product_cat?post=2204"},{"taxonomy":"product_tag","embeddable":true,"href":"https:\/\/cmykprinted.com\/fi\/wp-json\/wp\/v2\/product_tag?post=2204"}],"curies":[{"name":"wp","href":"https:\/\/api.w.org\/{rel}","templated":true}]}}