{"id":2213,"date":"2024-09-30T03:03:20","date_gmt":"2024-09-30T03:03:20","guid":{"rendered":"https:\/\/cmykprinted.com\/?post_type=product&#038;p=2213"},"modified":"2024-10-02T12:51:57","modified_gmt":"2024-10-02T12:51:57","slug":"oval-pop-up-a-frame-banner-with-fast-turnaround","status":"publish","type":"product","link":"https:\/\/cmykprinted.com\/fi\/tuote\/soikea-pop-up-puitteet-banneri-nopealla-kaantoajalla\/","title":{"rendered":"Soikea ponnahduskehys banneri nopealla l\u00e4pimenolla"},"content":{"rendered":"","protected":false},"excerpt":{"rendered":"<p>Nykyp\u00e4iv\u00e4n kilpailluilla markkinoilla br\u00e4ndisi erottuminen on t\u00e4rke\u00e4\u00e4. Sy\u00f6t\u00e4 ponnahdusikkuna A<\/p>\n<p>Frame Banner \u2013 kevyt, kannettava ja eritt\u00e4in tehokas n\u00e4ytt\u00f6ratkaisu, joka on t\u00e4ydellinen sek\u00e4 sis\u00e4- ett\u00e4 ulkotapahtumiin. N\u00e4m\u00e4 monipuoliset bannerit on suunniteltu v\u00e4litt\u00f6m\u00e4\u00e4n n\u00e4kyvyyteen, ja ne sopivat ihanteellisesti urheilutapahtumiin, messuihin, kampanjoihin ja suuntakyltteihin.<\/p>\n<p><strong>T\u00e4rkeimm\u00e4t ominaisuudet<\/strong><br \/>\n<strong>Siirrett\u00e4vyys ja mukavuus:<\/strong><br \/>\nOval Pop Up A-Frame -bannerit on suunniteltu liikkuvuutta ajatellen. Niiden kokoontaittuva metallirunko taittuu vaivattomasti kompaktiksi s\u00e4ilytyspussiksi, mik\u00e4 tekee kuljettamisesta ja asentamisesta helppoa. Olitpa menossa messuille tai urheilutapahtumaan, voit vied\u00e4 n\u00e4m\u00e4 bannerit helposti mukaan minne tarvitset maksimaalisen n\u00e4kyvyyden.<\/p>\n<p><strong>Turvallisuus ennen kaikkea:<\/strong><br \/>\nYksi A-rungon suunnittelun erottuvista ominaisuuksista on sen turvallisuus. Toisin kuin j\u00e4yk\u00e4t n\u00e4yt\u00f6t, n\u00e4m\u00e4 bannerit eiv\u00e4t aiheuta loukkaantumisvaaraa pelaajille tai osallistujille urheilukentill\u00e4, joten ne ovat k\u00e4yt\u00e4nn\u00f6llinen valinta ulkotapahtumiin.<\/p>\n<p><strong>Muokattavat koot ja muodot:<\/strong><br \/>\nSaatavana nelj\u00e4ss\u00e4 koossa \u2013 Pieni (62 x 126 cm), Medium (65 x 160 cm), Suuri (100 x 200 cm) ja Extra Large (110 x 270 cm) \u2013 Pop Up A-kehys voidaan r\u00e4\u00e4t\u00e4l\u00f6id\u00e4 sopivaksi mihin tahansa tilaisuuteen. Jokainen banneri on kaksipuolinen, ja siin\u00e4 on t\u00e4ysi v\u00e4risublimaatiotulostus, mik\u00e4 varmistaa eloisan grafiikan, joka her\u00e4tt\u00e4\u00e4 huomion kaikista kulmista.<\/p>\n<p><strong>Vakaus kaikissa olosuhteissa:<\/strong><br \/>\nVakauden varmistamiseksi jokaisen bannerin mukana tulee maapinta, jota voidaan k\u00e4ytt\u00e4\u00e4 pehmeill\u00e4 pinnoilla, kuten hiekalla, ruoholla, lumella tai maaper\u00e4ll\u00e4. Kovilla pinnoilla lis\u00e4\u00e4 turvallisuutta punnitsemalla niit\u00e4. T\u00e4m\u00e4 ominaisuus varmistaa, ett\u00e4 bannerisi pysyy pystyss\u00e4 ja n\u00e4kyviss\u00e4 ymp\u00e4rist\u00f6st\u00e4 riippumatta.<\/p>\n<p><strong>T\u00e4ydellinen mihin tahansa tapahtumaan<\/strong><br \/>\nPop Up A-Frame -bannerit sopivat erityisen hyvin ulkotapahtumiin, kuten juoksukilpailuihin, golfturnauksiin ja festivaaleihin. Niiden helppo asennus, purkaminen ja s\u00e4ilytysominaisuudet tekev\u00e4t niist\u00e4 hyv\u00e4n valinnan tapahtumaj\u00e4rjest\u00e4jille, jotka haluavat maksimoida br\u00e4ndin esittelyn ja sitoutumisen.<\/p>\n<div style=\"width: 800px;\" class=\"wp-video\"><!--[if lt IE 9]><script>document.createElement('video');<\/script><![endif]--><br \/>\n<video class=\"wp-video-shortcode\" id=\"video-2213-1\" width=\"800\" height=\"800\" preload=\"metadata\" controls=\"controls\"><source type=\"video\/mp4\" src=\"https:\/\/cmykprinted.com\/wp-content\/uploads\/2024\/09\/pop-up-a-frame-banner-01.mp4?_=1\" \/><a href=\"https:\/\/cmykprinted.com\/wp-content\/uploads\/2024\/09\/pop-up-a-frame-banner-01.mp4\">https:\/\/cmykprinted.com\/wp-content\/uploads\/2024\/09\/pop-up-a-frame-banner-01.mp4<\/a><\/video><\/div>","protected":false},"featured_media":2217,"template":"","meta":{"_kad_post_transparent":"default","_kad_post_title":"hide","_kad_post_layout":"fullwidth","_kad_post_sidebar_id":"","_kad_post_content_style":"unboxed","_kad_post_vertical_padding":"hide","_kad_post_feature":"hide","_kad_post_feature_position":"","_kad_post_header":false,"_kad_post_footer":false},"product_cat":[92,94],"product_tag":[506,505,504,128],"class_list":{"0":"post-2213","1":"product","2":"type-product","3":"status-publish","4":"has-post-thumbnail","6":"product_cat-pop-up-banners","7":"product_cat-horizontal-pop-up-banners","8":"product_tag-a-frame-banner","9":"product_tag-oval-pop-up-a-frame-banner","10":"product_tag-pop-up-a-frame-banner","11":"product_tag-pop-up-banner","13":"first","14":"instock","15":"shipping-taxable","16":"product-type-simple","17":"entry","18":"content-bg","19":"loop-entry"},"_links":{"self":[{"href":"https:\/\/cmykprinted.com\/fi\/wp-json\/wp\/v2\/product\/2213","targetHints":{"allow":["GET"]}}],"collection":[{"href":"https:\/\/cmykprinted.com\/fi\/wp-json\/wp\/v2\/product"}],"about":[{"href":"https:\/\/cmykprinted.com\/fi\/wp-json\/wp\/v2\/types\/product"}],"version-history":[{"count":1,"href":"https:\/\/cmykprinted.com\/fi\/wp-json\/wp\/v2\/product\/2213\/revisions"}],"predecessor-version":[{"id":2222,"href":"https:\/\/cmykprinted.com\/fi\/wp-json\/wp\/v2\/product\/2213\/revisions\/2222"}],"wp:featuredmedia":[{"embeddable":true,"href":"https:\/\/cmykprinted.com\/fi\/wp-json\/wp\/v2\/media\/2217"}],"wp:attachment":[{"href":"https:\/\/cmykprinted.com\/fi\/wp-json\/wp\/v2\/media?parent=2213"}],"wp:term":[{"taxonomy":"product_cat","embeddable":true,"href":"https:\/\/cmykprinted.com\/fi\/wp-json\/wp\/v2\/product_cat?post=2213"},{"taxonomy":"product_tag","embeddable":true,"href":"https:\/\/cmykprinted.com\/fi\/wp-json\/wp\/v2\/product_tag?post=2213"}],"curies":[{"name":"wp","href":"https:\/\/api.w.org\/{rel}","templated":true}]}}