{"id":2405,"date":"2025-03-17T09:13:07","date_gmt":"2025-03-17T09:13:07","guid":{"rendered":"https:\/\/cmykprinted.com\/?post_type=product&#038;p=2405"},"modified":"2025-03-17T09:13:07","modified_gmt":"2025-03-17T09:13:07","slug":"heat-transfer-stickers-for-clothes","status":"publish","type":"product","link":"https:\/\/cmykprinted.com\/fi\/tuote\/lammonsiirto-tarrat-vaatteille\/","title":{"rendered":"L\u00e4mm\u00f6nsiirtotarrat vaatteille"},"content":{"rendered":"","protected":false},"excerpt":{"rendered":"<p>Vaatteiden l\u00e4mm\u00f6nsiirtotarrat, jotka tunnetaan my\u00f6s nimell\u00e4 l\u00e4mm\u00f6nsiirtovinyyli (HTV) tai silitett\u00e4v\u00e4t tarrat, ovat suosittu tapa lis\u00e4t\u00e4 kuvioita, kuvioita ja logoja vaatteisiin.<\/p>\n<p><strong>L\u00e4mm\u00f6nsiirtotarrat vaatteille: Mukauta helposti ja tyylikk\u00e4\u00e4sti<\/strong><br \/>\nL\u00e4mm\u00f6nsiirtotarrat ovat vallankumouksellinen tapa yksil\u00f6id\u00e4 ja koristella vaatteita tarjoten loputtomasti mahdollisuuksia luovuuteen ja br\u00e4nd\u00e4ykseen. N\u00e4m\u00e4 tarrat on valmistettu erityisesti suunnitellusta vinyylist\u00e4, joka tarttuu kankaaseen l\u00e4mm\u00f6n ja paineen vaikutuksesta luoden kest\u00e4v\u00e4n ja eloisan muotoilun.<\/p>\n<div style=\"width: 954px;\" class=\"wp-video\"><!--[if lt IE 9]><script>document.createElement('video');<\/script><![endif]--><br \/>\n<video class=\"wp-video-shortcode\" id=\"video-2405-1\" width=\"954\" height=\"540\" preload=\"metadata\" controls=\"controls\"><source type=\"video\/mp4\" src=\"https:\/\/cmykprinted.com\/wp-content\/uploads\/2025\/03\/hot-transfer-labels.mp4?_=1\" \/><a href=\"https:\/\/cmykprinted.com\/wp-content\/uploads\/2025\/03\/hot-transfer-labels.mp4\">https:\/\/cmykprinted.com\/wp-content\/uploads\/2025\/03\/hot-transfer-labels.mp4<\/a><\/video><\/div>","protected":false},"featured_media":2406,"template":"","meta":{"_kad_post_transparent":"default","_kad_post_title":"hide","_kad_post_layout":"fullwidth","_kad_post_sidebar_id":"","_kad_post_content_style":"unboxed","_kad_post_vertical_padding":"hide","_kad_post_feature":"hide","_kad_post_feature_position":"","_kad_post_header":false,"_kad_post_footer":false},"product_cat":[101,103],"product_tag":[538,540,539],"class_list":{"0":"post-2405","1":"product","2":"type-product","3":"status-publish","4":"has-post-thumbnail","6":"product_cat-transfer-stickers","7":"product_cat-uv-transfer-stickers","8":"product_tag-heat-transfer-stickers","9":"product_tag-heat-transfer-stickers-for-clothes","10":"product_tag-transfer-stickers-for-clothes","12":"first","13":"instock","14":"shipping-taxable","15":"product-type-simple","16":"entry","17":"content-bg","18":"loop-entry"},"_links":{"self":[{"href":"https:\/\/cmykprinted.com\/fi\/wp-json\/wp\/v2\/product\/2405","targetHints":{"allow":["GET"]}}],"collection":[{"href":"https:\/\/cmykprinted.com\/fi\/wp-json\/wp\/v2\/product"}],"about":[{"href":"https:\/\/cmykprinted.com\/fi\/wp-json\/wp\/v2\/types\/product"}],"version-history":[{"count":1,"href":"https:\/\/cmykprinted.com\/fi\/wp-json\/wp\/v2\/product\/2405\/revisions"}],"predecessor-version":[{"id":2415,"href":"https:\/\/cmykprinted.com\/fi\/wp-json\/wp\/v2\/product\/2405\/revisions\/2415"}],"wp:featuredmedia":[{"embeddable":true,"href":"https:\/\/cmykprinted.com\/fi\/wp-json\/wp\/v2\/media\/2406"}],"wp:attachment":[{"href":"https:\/\/cmykprinted.com\/fi\/wp-json\/wp\/v2\/media?parent=2405"}],"wp:term":[{"taxonomy":"product_cat","embeddable":true,"href":"https:\/\/cmykprinted.com\/fi\/wp-json\/wp\/v2\/product_cat?post=2405"},{"taxonomy":"product_tag","embeddable":true,"href":"https:\/\/cmykprinted.com\/fi\/wp-json\/wp\/v2\/product_tag?post=2405"}],"curies":[{"name":"wp","href":"https:\/\/api.w.org\/{rel}","templated":true}]}}