{"id":2443,"date":"2025-04-22T08:49:23","date_gmt":"2025-04-22T08:49:23","guid":{"rendered":"https:\/\/cmykprinted.com\/?post_type=product&#038;p=2443"},"modified":"2025-04-28T02:46:21","modified_gmt":"2025-04-28T02:46:21","slug":"custom-pvc-vinyl-banners-with-eyelets","status":"publish","type":"product","link":"https:\/\/cmykprinted.com\/fi\/tuote\/raataloidyt-pvc-vinyyli-bannerit-silmukoilla\/","title":{"rendered":"Mukautetut PVC-vinyylibannerit silmukoilla"},"content":{"rendered":"","protected":false},"excerpt":{"rendered":"<p>Kun haluat jakaa rohkean viestin laajalle yleis\u00f6lle, suuret PVC-bannerit ovat tehokas ja k\u00e4yt\u00e4nn\u00f6llinen valinta.<\/p>\n<p>Ihanteelliset tienvarsimarkkinointiin, metallisilmukoilla varustetut PVC-ulkobannerit mahdollistavat silmiinpist\u00e4v\u00e4n suuren mainoksen, joka voi her\u00e4tt\u00e4\u00e4 huomion v\u00e4litt\u00f6m\u00e4sti. Tapahtumissa ne toimivat visuaalisena keskipisteen\u00e4 ja tarjoavat t\u00e4ydellisen taustan ikimuistoisille valokuville.<\/p>\n<p>Golden Mouth Advertising tarjoaa PVC-bannereiden painatusta useissa eri kokoluokissa \u2013 jopa 5 m x 50 m \u2013 jotta voit tehd\u00e4 suuren vaikutuksen viestill\u00e4si.<\/p>\n<p>R\u00e4\u00e4t\u00e4l\u00f6idyt PVC-vinyylibannerimme on valmistettu kest\u00e4v\u00e4st\u00e4, s\u00e4\u00e4nkest\u00e4v\u00e4st\u00e4 PVC:st\u00e4, joka kest\u00e4\u00e4 kulumista ja haalistumista. Paksu, joustava materiaali varmistaa, ett\u00e4 mallisi pysyy el\u00e4v\u00e4n\u00e4 ja ehj\u00e4n\u00e4, olipa se esill\u00e4 sis\u00e4ll\u00e4 tai ulkona, pidemp\u00e4\u00e4n k\u00e4ytt\u00f6\u00f6n.<\/p>\n<p>Asennus on nopeaa ja suoraviivaista vahvistettujen silmukoiden ansiosta. N\u00e4m\u00e4 tukevat metallirenkaat toimivat hyvin erilaisten kiinnitysmenetelmien, kuten k\u00f6ysien, benji-nauhojen, koukkujen tai nippusiteiden kanssa, joten ne on helppo kiinnitt\u00e4\u00e4 aidoihin tai muihin tukiin ulkona. Ja kun kampanjasi tai tapahtumasi on ohi, bannerit voidaan poistaa ja tallentaa helposti.<\/p>\n<p>Jokainen banneri tulostetaan edistyneill\u00e4 laajakuva-digitaalisilla tulostimilla ter\u00e4vien ja korkealaatuisten tulosten varmistamiseksi. Tarvitsetko apua bannerisi suunnittelussa? Talon sis\u00e4inen luova tiimimme on t\u00e4\u00e4ll\u00e4 auttamassa taideteoksessa varmistaakseen, ett\u00e4 viestisi tulee eloon kauniisti.<\/p>\n<div style=\"width: 1290px;\" class=\"wp-video\"><!--[if lt IE 9]><script>document.createElement('video');<\/script><![endif]--><br \/>\n<video class=\"wp-video-shortcode\" id=\"video-2443-1\" width=\"1290\" height=\"726\" loop autoplay preload=\"auto\" controls=\"controls\"><source type=\"video\/mp4\" src=\"http:\/\/cmykprinted.com\/wp-content\/uploads\/2022\/12\/vinyl-PVC-banners.mp4?_=1\" \/><a href=\"http:\/\/cmykprinted.com\/wp-content\/uploads\/2022\/12\/vinyl-PVC-banners.mp4\">http:\/\/cmykprinted.com\/wp-content\/uploads\/2022\/12\/vinyl-PVC-banners.mp4<\/a><\/video><\/div>\n<p>&nbsp;<\/p>","protected":false},"featured_media":2444,"template":"","meta":{"_kad_post_transparent":"default","_kad_post_title":"hide","_kad_post_layout":"fullwidth","_kad_post_sidebar_id":"","_kad_post_content_style":"unboxed","_kad_post_vertical_padding":"hide","_kad_post_feature":"hide","_kad_post_feature_position":"","_kad_post_header":false,"_kad_post_footer":false},"product_cat":[85,90,91,89],"product_tag":[549,550,548,547],"class_list":{"0":"post-2443","1":"product","2":"type-product","3":"status-publish","4":"has-post-thumbnail","6":"product_cat-outdoor-vinyl-banners","7":"product_cat-glossy-pvc-banners","8":"product_cat-matte-vinyl-banners","9":"product_cat-pvc-banners","10":"product_tag-custom-pvc-vinyl-banners","11":"product_tag-custom-vinyl-banners-with-eyelets","12":"product_tag-pvc-banners-with-eyelets","13":"product_tag-vinyl-banners-with-eyelets","15":"first","16":"instock","17":"shipping-taxable","18":"product-type-simple","19":"entry","20":"content-bg","21":"loop-entry"},"_links":{"self":[{"href":"https:\/\/cmykprinted.com\/fi\/wp-json\/wp\/v2\/product\/2443","targetHints":{"allow":["GET"]}}],"collection":[{"href":"https:\/\/cmykprinted.com\/fi\/wp-json\/wp\/v2\/product"}],"about":[{"href":"https:\/\/cmykprinted.com\/fi\/wp-json\/wp\/v2\/types\/product"}],"version-history":[{"count":3,"href":"https:\/\/cmykprinted.com\/fi\/wp-json\/wp\/v2\/product\/2443\/revisions"}],"predecessor-version":[{"id":2469,"href":"https:\/\/cmykprinted.com\/fi\/wp-json\/wp\/v2\/product\/2443\/revisions\/2469"}],"wp:featuredmedia":[{"embeddable":true,"href":"https:\/\/cmykprinted.com\/fi\/wp-json\/wp\/v2\/media\/2444"}],"wp:attachment":[{"href":"https:\/\/cmykprinted.com\/fi\/wp-json\/wp\/v2\/media?parent=2443"}],"wp:term":[{"taxonomy":"product_cat","embeddable":true,"href":"https:\/\/cmykprinted.com\/fi\/wp-json\/wp\/v2\/product_cat?post=2443"},{"taxonomy":"product_tag","embeddable":true,"href":"https:\/\/cmykprinted.com\/fi\/wp-json\/wp\/v2\/product_tag?post=2443"}],"curies":[{"name":"wp","href":"https:\/\/api.w.org\/{rel}","templated":true}]}}