{"id":2452,"date":"2025-04-23T09:23:08","date_gmt":"2025-04-23T09:23:08","guid":{"rendered":"https:\/\/cmykprinted.com\/?post_type=product&#038;p=2452"},"modified":"2025-04-23T09:23:08","modified_gmt":"2025-04-23T09:23:08","slug":"custom-trade-show-table-drapes","status":"publish","type":"product","link":"https:\/\/cmykprinted.com\/fi\/tuote\/raataloidyt-messupoytaliinat\/","title":{"rendered":"Mukautetut messujen p\u00f6yt\u00e4verhot"},"content":{"rendered":"","protected":false},"excerpt":{"rendered":"<p>Saa asiakkaasi loistamaan seuraavassa messussaan tai esittelyss\u00e4\u00e4n katseenvangitsevilla, laadukkailla, mittatilausty\u00f6n\u00e4 painetuilla messup\u00f6yt\u00e4verhoillamme. Saatavana sek\u00e4 3-puoleisina malleina avoimella selk\u00e4nojalla ett\u00e4 4-sivuisilla tyyleill\u00e4 suljetulla selk\u00e4nojalla, ja n\u00e4m\u00e4 p\u00e4\u00e4lliset on r\u00e4\u00e4t\u00e4l\u00f6ity sopimaan t\u00e4ydellisesti mihin tahansa p\u00f6yt\u00e4\u00e4n, kuten 4 jalkaa, 6 jalkaa ja 8 jalkaa tai mukautettuja. N\u00e4m\u00e4 Trade Show -p\u00f6yt\u00e4verhot on valmistettu kest\u00e4v\u00e4st\u00e4 8,8 OZ:n polyesterist\u00e4 ja painettu edistyneell\u00e4 v\u00e4risublimaatiotekniikalla. Ne on valmistettu kest\u00e4m\u00e4\u00e4n mink\u00e4 tahansa tapahtuman kiireisen ymp\u00e4rist\u00f6n.<\/p>\n<p>Messuosaston pit\u00e4minen siistin\u00e4 ja siistin\u00e4 voi olla haaste, varsinkin satunnaisten vuotojen vuoksi. Onneksi t\u00e4ysin pest\u00e4v\u00e4t, t\u00e4ysv\u00e4riset p\u00f6yt\u00e4liinamme tekev\u00e4t siivoamisesta helppoa. Asiakkaasi arvostavat sit\u00e4 mukavuutta, ett\u00e4 he voivat heitt\u00e4\u00e4 p\u00f6yt\u00e4liinan pesukoneeseen p\u00e4iv\u00e4n p\u00e4\u00e4tteeksi ja palauttaa sen rohkeat, eloisat v\u00e4rit y\u00f6ss\u00e4. Mukautettujen messujen p\u00f6yt\u00e4verhojen avulla asiakkaasi voivat pit\u00e4\u00e4 osastonsa ter\u00e4vin\u00e4 ja ammattimaisina p\u00e4iv\u00e4st\u00e4 toiseen.<\/p>","protected":false},"featured_media":2457,"template":"","meta":{"_kad_post_transparent":"default","_kad_post_title":"hide","_kad_post_layout":"fullwidth","_kad_post_sidebar_id":"","_kad_post_content_style":"unboxed","_kad_post_vertical_padding":"hide","_kad_post_feature":"hide","_kad_post_feature_position":"","_kad_post_header":false,"_kad_post_footer":false},"product_cat":[80,81],"product_tag":[552,551],"class_list":{"0":"post-2452","1":"product","2":"type-product","3":"status-publish","4":"has-post-thumbnail","6":"product_cat-custom-tablecloth","7":"product_cat-custom-stretch-tablecloth","8":"product_tag-custom-trade-show-table-drapes","9":"product_tag-trade-show-table-drapes","11":"first","12":"instock","13":"shipping-taxable","14":"product-type-simple","15":"entry","16":"content-bg","17":"loop-entry"},"_links":{"self":[{"href":"https:\/\/cmykprinted.com\/fi\/wp-json\/wp\/v2\/product\/2452","targetHints":{"allow":["GET"]}}],"collection":[{"href":"https:\/\/cmykprinted.com\/fi\/wp-json\/wp\/v2\/product"}],"about":[{"href":"https:\/\/cmykprinted.com\/fi\/wp-json\/wp\/v2\/types\/product"}],"version-history":[{"count":1,"href":"https:\/\/cmykprinted.com\/fi\/wp-json\/wp\/v2\/product\/2452\/revisions"}],"predecessor-version":[{"id":2458,"href":"https:\/\/cmykprinted.com\/fi\/wp-json\/wp\/v2\/product\/2452\/revisions\/2458"}],"wp:featuredmedia":[{"embeddable":true,"href":"https:\/\/cmykprinted.com\/fi\/wp-json\/wp\/v2\/media\/2457"}],"wp:attachment":[{"href":"https:\/\/cmykprinted.com\/fi\/wp-json\/wp\/v2\/media?parent=2452"}],"wp:term":[{"taxonomy":"product_cat","embeddable":true,"href":"https:\/\/cmykprinted.com\/fi\/wp-json\/wp\/v2\/product_cat?post=2452"},{"taxonomy":"product_tag","embeddable":true,"href":"https:\/\/cmykprinted.com\/fi\/wp-json\/wp\/v2\/product_tag?post=2452"}],"curies":[{"name":"wp","href":"https:\/\/api.w.org\/{rel}","templated":true}]}}